{"id":6533,"date":"2022-08-12T16:41:09","date_gmt":"2022-08-12T08:41:09","guid":{"rendered":"https:\/\/www.stvvalves.com\/?post_type=product&#038;p=6533"},"modified":"2025-02-17T18:01:38","modified_gmt":"2025-02-17T10:01:38","slug":"din-5a-flanged-y-strainer-dn20-pn16-rf-end","status":"publish","type":"product","link":"https:\/\/www.stvvalves.com\/pt\/products\/din-5a-flanged-y-strainer-dn20-pn16-rf-end\/","title":{"rendered":"Filtro Y flangeado DIN 5A, DN20, PN16, RF END"},"content":{"rendered":"<p>Nome do produto: Filtro Y flangeado DIN 5A, DN20, PN16, RF END<br \/>\nProjeto: DIN EN 12516-1<br \/>\nMaterial: 5A.<br \/>\nTamanho nominal: 3\/4 pol.<br \/>\nPress\u00e3o nominal: PN16.<br \/>\nConex\u00e3o final: RF.<br \/>\nCara a cara: DIN EN558.1.<br \/>\nTeste e inspe\u00e7\u00e3o: DIN N12266.1.<\/p>\n<p>Gama de Produtos:<br \/>\nMaterial do corpo: A\u00e7o Carbono, A\u00e7o Inoxid\u00e1vel, A\u00e7o Liga.<br \/>\nDi\u00e2metro normal: 1\/2 \u2013 48 polegadas (DN15 \u2013 DN1200).<br \/>\nConex\u00e3o final: BW, flangeada.<br \/>\nFaixa de press\u00e3o: 150 \u2013 2.500 lb (PN16 \u2013 PN420).<br \/>\nTemperatura de trabalho: -196\u00b0C \u2013 +573\u00b0C.<\/p>\n<table>\n<tbody>\n<tr>\n<td width=\"200\"><strong>Nome do Produto<\/strong><\/td>\n<td width=\"481\">Filtro Y flangeado DIN 5A, DN20, PN16, RF END<\/td>\n<\/tr>\n<tr>\n<td width=\"200\">1. Materiais<\/td>\n<td width=\"481\">5A<\/td>\n<\/tr>\n<tr>\n<td width=\"200\">2. Tamanho<\/td>\n<td width=\"481\">3\/4\u201d<\/td>\n<\/tr>\n<tr>\n<td width=\"200\">4. Porto<\/td>\n<td width=\"481\">Porto completo<\/td>\n<\/tr>\n<tr>\n<td width=\"200\">5. Press\u00e3o de Trabalho<\/td>\n<td width=\"481\">PN16<\/td>\n<\/tr>\n<tr>\n<td width=\"200\">6. Fim da conex\u00e3o<\/td>\n<td width=\"481\">RF<\/td>\n<\/tr>\n<tr>\n<td width=\"200\">7. Temperatura de trabalho.<\/td>\n<td width=\"481\">-29~200\u00baC,<\/td>\n<\/tr>\n<tr>\n<td width=\"200\">8. Meio Adequado<\/td>\n<td width=\"481\">\u00c1gua, G\u00e1s Natural, Petr\u00f3leo e algum l\u00edquido corrosivo<\/td>\n<\/tr>\n<tr>\n<td width=\"200\">9. Operado<\/td>\n<td width=\"481\">\/<\/td>\n<\/tr>\n<tr>\n<td width=\"200\">10. Inspe\u00e7\u00e3o e Teste<\/td>\n<td width=\"481\">DIN N12266.1<\/td>\n<\/tr>\n<tr>\n<td width=\"200\"><strong>envio<\/strong><\/td>\n<td width=\"481\"><\/td>\n<\/tr>\n<tr>\n<td width=\"200\">Prazo de entrega<\/td>\n<td width=\"481\">30 dias<\/td>\n<\/tr>\n<tr>\n<td width=\"200\">Pacote<\/td>\n<td width=\"481\">Caixa de madeira compensada de exporta\u00e7\u00e3o padr\u00e3o<\/td>\n<\/tr>\n<tr>\n<td width=\"200\">Porto de embarque<\/td>\n<td width=\"481\">Ningbo\/Xangai, China<\/td>\n<\/tr>\n<tr>\n<td width=\"200\">Termos de envio<\/td>\n<td width=\"481\">Exw, FOB, CFR, CIF, etc.<\/td>\n<\/tr>\n<tr>\n<td width=\"200\">Termos de pagamento<\/td>\n<td width=\"481\">T\/T, Western Union, PayPal, etc.<\/td>\n<\/tr>\n<tr>\n<td width=\"200\"><\/td>\n<td width=\"481\">Pr\u00e9-pagamento 30%, saldo 70% pago antes do envio<\/td>\n<\/tr>\n<tr>\n<td width=\"200\">Pa\u00eds de origem<\/td>\n<td width=\"481\">Cidade de Wenzhou, China<\/td>\n<\/tr>\n<tr>\n<td width=\"200\">Capacidade de produ\u00e7\u00e3o<\/td>\n<td width=\"481\">6.000 toneladas\/ano<\/td>\n<\/tr>\n<tr>\n<td width=\"200\">Quantidade m\u00ednima<\/td>\n<td width=\"481\">1 pe\u00e7a\/tamanho<\/td>\n<\/tr>\n<\/tbody>\n<\/table>","protected":false},"excerpt":{"rendered":"<p>STV Valve Technology Group Co., Ltd \u00e9 um l\u00edder profissional China Filtro tipo DIN Y, Filtro Y flangeado DIN 5A na China, Filtro tipo Flange Y, Filtro Y de extremidade flangeada ASTM 5A, V\u00e1lvula de filtro DN20 Y, Filtro tipo Y 40 MESH, 2205 Filtro tipo tela Y, fabricante de filtro tipo Y PN16 com alta qualidade e pre\u00e7o competitivo.<\/p>\n<p>&nbsp;<\/p>\n<p>Filtro Y flangeado DIN 5A, DN20, PN16, RF END<\/p>","protected":false},"featured_media":6534,"template":"","meta":[],"product_brand":[],"product_cat":[85,48],"product_tag":[1662,1547,1660,1659,1658,1661,940,1663],"class_list":{"0":"post-6533","1":"product","2":"type-product","3":"status-publish","4":"has-post-thumbnail","6":"product_cat-stainless-steel-y-type-strainer","7":"product_cat-y-strainer","8":"product_tag-2205-screen-y-type-strainer","9":"product_tag-40-mesh-y-type-strainer","10":"product_tag-astm-5a-flanged-end-y-strainer","11":"product_tag-din-5a-flanged-y-strainer-in-china","12":"product_tag-din-y-type-strainer","13":"product_tag-dn20-y-strainer-valve","14":"product_tag-flange-y-type-strainer","15":"product_tag-pn16-y-type-strainer-manufacturer","17":"first","18":"instock","19":"shipping-taxable","20":"product-type-simple"},"_links":{"self":[{"href":"https:\/\/www.stvvalves.com\/pt\/wp-json\/wp\/v2\/product\/6533","targetHints":{"allow":["GET"]}}],"collection":[{"href":"https:\/\/www.stvvalves.com\/pt\/wp-json\/wp\/v2\/product"}],"about":[{"href":"https:\/\/www.stvvalves.com\/pt\/wp-json\/wp\/v2\/types\/product"}],"wp:featuredmedia":[{"embeddable":true,"href":"https:\/\/www.stvvalves.com\/pt\/wp-json\/wp\/v2\/media\/6534"}],"wp:attachment":[{"href":"https:\/\/www.stvvalves.com\/pt\/wp-json\/wp\/v2\/media?parent=6533"}],"wp:term":[{"taxonomy":"product_brand","embeddable":true,"href":"https:\/\/www.stvvalves.com\/pt\/wp-json\/wp\/v2\/product_brand?post=6533"},{"taxonomy":"product_cat","embeddable":true,"href":"https:\/\/www.stvvalves.com\/pt\/wp-json\/wp\/v2\/product_cat?post=6533"},{"taxonomy":"product_tag","embeddable":true,"href":"https:\/\/www.stvvalves.com\/pt\/wp-json\/wp\/v2\/product_tag?post=6533"}],"curies":[{"name":"wp","href":"https:\/\/api.w.org\/{rel}","templated":true}]}}