{"id":6541,"date":"2022-08-13T08:30:04","date_gmt":"2022-08-13T00:30:04","guid":{"rendered":"https:\/\/www.stvvalves.com\/?post_type=product&#038;p=6541"},"modified":"2025-02-17T18:01:34","modified_gmt":"2025-02-17T10:01:34","slug":"900lb-cast-steel-globe-valve-4-inch-13cr-trim-flange-end","status":"publish","type":"product","link":"https:\/\/www.stvvalves.com\/pt\/products\/900lb-cast-steel-globe-valve-4-inch-13cr-trim-flange-end\/","title":{"rendered":"V\u00e1lvula globo de a\u00e7o fundido 900LB, 4 polegadas, acabamento 13cr, extremidade do flange"},"content":{"rendered":"<p>Nome do produto: V\u00e1lvula globo de a\u00e7o fundido 900LB, 4 polegadas, acabamento 13cr, extremidade do flange<br \/>\nProjeto: 1873.<br \/>\nMaterial: WCB<br \/>\nTamanho nominal: 4 polegadas.<br \/>\nPress\u00e3o nominal: Classe900 LB.<br \/>\nConex\u00e3o final: RF.<br \/>\nPresencial: ASME B16.10.<br \/>\nTeste e inspe\u00e7\u00e3o: API 598.<\/p>\n<p>Conex\u00f5es: flangeadas, rosqueadas, soldadas por soquete, ButtWeld<\/p>\n<p>Classifica\u00e7\u00e3o de press\u00e3o: PN 1,0 a 25 Mpa, Classe 150 a 2500<\/p>\n<p>Tamanho: DN15 a 200mm, NPS 1\/4\u2033 a 20\u2033<\/p>\n<p>Temperatura: -198\u00b0c a +450\u00b0c<\/p>\n<p>Projeto e Fabrica\u00e7\u00e3o: ANSI B16.34, API 600, API 6D, API 603, BS 1414, BS 5352, DIN 3352<\/p>\n<p>Face a face (ponta a ponta): ANSI B16.10, API 6D, ASME B16.10, EN 558, DIN 3202<\/p>\n<p>Conex\u00e3o flangeada: 2\u2033 a 24\u2033, ANSI B16.5, 26\u2033 a 36\u2033, MSS-SP-44 a API605<\/p>\n<p>Teste e inspe\u00e7\u00e3o: API 598, API 6D, DIN 3230<\/p>\n<p>Extremidade soldada: ANSI B16.5<\/p>\n<p><strong>Pe\u00e7as e Materiais:<\/strong><\/p>\n<p>Corpo: Tit\u00e2nio TA1, TA2, TA10, TC4, GR2, GR3, GR5, A\u00e7o Inoxid\u00e1vel Duplex, A\u00e7o Inoxid\u00e1vel Super Duplex, Liga<\/p>\n<p>20, CN7M, Hastelloy, A\u00e7o Carbono, WC6, WC9, C5, C12, LCB, CF3M<\/p>\n<p>Cap\u00f4, Port\u00e3o: A\u00e7o Inoxid\u00e1vel Duplex, A\u00e7o Inoxid\u00e1vel Super Duplex, Liga 20, CN7M, Hastelloy, A\u00e7o Carbono, WC6,<\/p>\n<p>WC9, C5, C12, LCB, CF3M, Tit\u00e2nio TA1, TA2, TA10, TC4, GR2, GR3, GR5<\/p>\n<p>Guarni\u00e7\u00e3o: Incoloy 800, Incoloy 800H, Incoloy 825, SS304, SS316, SS304L, SS316L, 13%Cr.Steel, Stellite, Hastelloy,<\/p>\n<p>Liga 20, A\u00e7o Inoxid\u00e1vel Duplex, A\u00e7o Inoxid\u00e1vel Super Duplex<\/p>\n<p>Gaxeta de gl\u00e2ndula: Grafite, PTFE<\/p>\n<p>Conex\u00f5es finais: Flangeadas, Socketweld, Buttweld<\/p>\n<p>Opera\u00e7\u00f5es: Operadas por volante, acionadas el\u00e9tricas, acionadas pneum\u00e1ticas<\/p>\n<table>\n<tbody>\n<tr>\n<td width=\"200\"><strong>Nome do Produto<\/strong><\/td>\n<td width=\"481\">V\u00e1lvula globo de a\u00e7o fundido 900LB, 4 polegadas, acabamento 13cr, extremidade do flange<\/td>\n<\/tr>\n<tr>\n<td width=\"200\">1. Materiais<\/td>\n<td width=\"481\">WCB<\/td>\n<\/tr>\n<tr>\n<td width=\"200\">2. Tamanho<\/td>\n<td width=\"481\">4\u201d<\/td>\n<\/tr>\n<tr>\n<td width=\"200\">4. Porto<\/td>\n<td width=\"481\">Porto completo<\/td>\n<\/tr>\n<tr>\n<td width=\"200\">5. Press\u00e3o de Trabalho<\/td>\n<td width=\"481\">900 libras<\/td>\n<\/tr>\n<tr>\n<td width=\"200\">6. Fim da conex\u00e3o<\/td>\n<td width=\"481\">RF<\/td>\n<\/tr>\n<tr>\n<td width=\"200\">7. Temperatura de trabalho.<\/td>\n<td width=\"481\">-29~425\u00baC,<\/td>\n<\/tr>\n<tr>\n<td width=\"200\">8. Meio Adequado<\/td>\n<td width=\"481\">\u00c1gua, G\u00e1s Natural, Petr\u00f3leo e algum l\u00edquido corrosivo<\/td>\n<\/tr>\n<tr>\n<td width=\"200\">9. Operado<\/td>\n<td width=\"481\">\/<\/td>\n<\/tr>\n<tr>\n<td width=\"200\">10. Inspe\u00e7\u00e3o e Teste<\/td>\n<td width=\"481\">De acordo com API598<\/td>\n<\/tr>\n<tr>\n<td width=\"200\"><strong>envio<\/strong><\/td>\n<td width=\"481\"><\/td>\n<\/tr>\n<tr>\n<td width=\"200\">Prazo de entrega<\/td>\n<td width=\"481\">30 dias<\/td>\n<\/tr>\n<tr>\n<td width=\"200\">Pacote<\/td>\n<td width=\"481\">Caixa de madeira compensada de exporta\u00e7\u00e3o padr\u00e3o<\/td>\n<\/tr>\n<tr>\n<td width=\"200\">Porto de embarque<\/td>\n<td width=\"481\">Ningbo\/Xangai, China<\/td>\n<\/tr>\n<tr>\n<td width=\"200\">Termos de envio<\/td>\n<td width=\"481\">Exw, FOB, CFR, CIF, etc.<\/td>\n<\/tr>\n<tr>\n<td width=\"200\">Termos de pagamento<\/td>\n<td width=\"481\">T\/T, Western Union, PayPal, etc.<\/td>\n<\/tr>\n<tr>\n<td width=\"200\"><\/td>\n<td width=\"481\">Pr\u00e9-pagamento 30%, saldo 70% pago antes do envio<\/td>\n<\/tr>\n<tr>\n<td width=\"200\">Pa\u00eds de origem<\/td>\n<td width=\"481\">Cidade de Wenzhou, China<\/td>\n<\/tr>\n<tr>\n<td width=\"200\">Capacidade de produ\u00e7\u00e3o<\/td>\n<td width=\"481\">6.000 toneladas\/ano<\/td>\n<\/tr>\n<tr>\n<td width=\"200\">Quantidade m\u00ednima<\/td>\n<td width=\"481\">1 pe\u00e7a\/tamanho<\/td>\n<\/tr>\n<\/tbody>\n<\/table>","protected":false},"excerpt":{"rendered":"<p>STV Valve Technology Group Co., Ltd \u00e9 um l\u00edder profissional China V\u00e1lvulas globo com tampa aparafusada, V\u00e1lvulas globo de 4 polegadas, V\u00e1lvulas globo com extremidades RF flangeadas, V\u00e1lvula globo WCB, V\u00e1lvulas globo 1873, V\u00e1lvulas globo 900 LB, V\u00e1lvulas globo API 598, API 600 Globe V\u00e1lvulas, v\u00e1lvula globo de a\u00e7o fundido, guarni\u00e7\u00e3o 13cr V\u00e1lvula globo, v\u00e1lvula globo de a\u00e7o carbono Fabricante com alta qualidade e pre\u00e7o competitivo.<\/p>\n<p>&nbsp;<\/p>","protected":false},"featured_media":6542,"template":"","meta":[],"product_brand":[],"product_cat":[63,45],"product_tag":[1677,1675,1674,1676,1090,1091,1678,323,1673,1088,367],"class_list":{"0":"post-6541","1":"product","2":"type-product","3":"status-publish","4":"has-post-thumbnail","6":"product_cat-cast-steel-globe-valve","7":"product_cat-globe-valve","8":"product_tag-13cr-trim-globe-valve","9":"product_tag-1873-globe-valves","10":"product_tag-4-inch-globe-valves","11":"product_tag-900-lb-globe-valves","12":"product_tag-api-598-globe-valves","13":"product_tag-api-600-globe-valves","14":"product_tag-carbon-steel-globe-valve-manufacturer","15":"product_tag-cast-steel-globe-valve","16":"product_tag-china-bolted-bonnet-globe-valves","17":"product_tag-flanged-rf-ends-globe-valves","18":"product_tag-wcb-globe-valve","20":"first","21":"instock","22":"shipping-taxable","23":"product-type-simple"},"_links":{"self":[{"href":"https:\/\/www.stvvalves.com\/pt\/wp-json\/wp\/v2\/product\/6541","targetHints":{"allow":["GET"]}}],"collection":[{"href":"https:\/\/www.stvvalves.com\/pt\/wp-json\/wp\/v2\/product"}],"about":[{"href":"https:\/\/www.stvvalves.com\/pt\/wp-json\/wp\/v2\/types\/product"}],"wp:featuredmedia":[{"embeddable":true,"href":"https:\/\/www.stvvalves.com\/pt\/wp-json\/wp\/v2\/media\/6542"}],"wp:attachment":[{"href":"https:\/\/www.stvvalves.com\/pt\/wp-json\/wp\/v2\/media?parent=6541"}],"wp:term":[{"taxonomy":"product_brand","embeddable":true,"href":"https:\/\/www.stvvalves.com\/pt\/wp-json\/wp\/v2\/product_brand?post=6541"},{"taxonomy":"product_cat","embeddable":true,"href":"https:\/\/www.stvvalves.com\/pt\/wp-json\/wp\/v2\/product_cat?post=6541"},{"taxonomy":"product_tag","embeddable":true,"href":"https:\/\/www.stvvalves.com\/pt\/wp-json\/wp\/v2\/product_tag?post=6541"}],"curies":[{"name":"wp","href":"https:\/\/api.w.org\/{rel}","templated":true}]}}