{"id":6652,"date":"2022-10-17T10:39:22","date_gmt":"2022-10-17T02:39:22","guid":{"rendered":"https:\/\/www.stvvalves.com\/?post_type=product&#038;p=6652"},"modified":"2025-02-17T17:54:57","modified_gmt":"2025-02-17T09:54:57","slug":"basket-strainer-150lb-cf8-body-304-screen-40-mesch-rf","status":"publish","type":"product","link":"https:\/\/www.stvvalves.com\/pt\/products\/basket-strainer-150lb-cf8-body-304-screen-40-mesch-rf\/","title":{"rendered":"Filtro de cesta 150LB, corpo CF8, tela 304, malha 40. RF"},"content":{"rendered":"<p>Padr\u00f5es<br \/>\nProjeto e fabrica\u00e7\u00e3o: API6D e ANSI B16.34<br \/>\nDimens\u00e3o face a face: ASME B16.10<br \/>\nDimens\u00e3o do flange final: ASME B16.5<br \/>\nDimens\u00e3o soldada de topo: ASME B16.25<br \/>\nTeste e inspe\u00e7\u00e3o: API598<\/p>\n<p>Filtro de cesta de a\u00e7o inoxid\u00e1vel flangeado de acordo com ANSI 150 com malha de a\u00e7o inoxid\u00e1vel 304 (o tamanho da malha \u00e9 de malha 40 ou 400 m\u00edcron). Permite uma grande vaz\u00e3o com m\u00ednima queda de press\u00e3o. Este filtro tipo cesto \u00e9 \u00f3timo para aplica\u00e7\u00f5es petroqu\u00edmicas ou outras aplica\u00e7\u00f5es onde a tens\u00e3o precisa ocorrer com a menor queda de press\u00e3o poss\u00edvel. Muito menos que o filtro y de tamanho equivalente. Todos os filtros de cesta de a\u00e7o fundido s\u00e3o jateados e revestidos com um primer resistente ao calor. Projetado de acordo com ANSI B16.34 com flanges de acordo com ANSI B16.5 e testado de acordo com API 598.<\/p>\n<table>\n<tbody>\n<tr>\n<td width=\"200\"><strong>Nome do Produto<\/strong><\/td>\n<td width=\"481\">Filtro de flange tipo Y de a\u00e7o inoxid\u00e1vel, DIN PN16, DN80<\/td>\n<\/tr>\n<tr>\n<td width=\"200\">1. Materiais<\/td>\n<td width=\"481\">304<\/td>\n<\/tr>\n<tr>\n<td width=\"200\">2. Tamanho<\/td>\n<td width=\"481\">3\u201d<\/td>\n<\/tr>\n<tr>\n<td width=\"200\">4. Porto<\/td>\n<td width=\"481\">Porto completo<\/td>\n<\/tr>\n<tr>\n<td width=\"200\">5. Press\u00e3o de Trabalho<\/td>\n<td width=\"481\">150 libras<\/td>\n<\/tr>\n<tr>\n<td width=\"200\">6. Fim da conex\u00e3o<\/td>\n<td width=\"481\">RF<\/td>\n<\/tr>\n<tr>\n<td width=\"200\">7. Temperatura de trabalho.<\/td>\n<td width=\"481\">-29~300\u00baC,<\/td>\n<\/tr>\n<tr>\n<td width=\"200\">8. Meio Adequado<\/td>\n<td width=\"481\">\u00c1gua, G\u00e1s Natural, Petr\u00f3leo e algum l\u00edquido corrosivo<\/td>\n<\/tr>\n<tr>\n<td width=\"200\">9. Operado<\/td>\n<td width=\"481\">\/<\/td>\n<\/tr>\n<tr>\n<td width=\"200\">10. Inspe\u00e7\u00e3o e Teste<\/td>\n<td width=\"481\">De acordo com API598<\/td>\n<\/tr>\n<tr>\n<td width=\"200\"><strong>envio<\/strong><\/td>\n<td width=\"481\"><\/td>\n<\/tr>\n<tr>\n<td width=\"200\">Prazo de entrega<\/td>\n<td width=\"481\">30 dias<\/td>\n<\/tr>\n<tr>\n<td width=\"200\">Pacote<\/td>\n<td width=\"481\">Caixa de madeira compensada de exporta\u00e7\u00e3o padr\u00e3o<\/td>\n<\/tr>\n<tr>\n<td width=\"200\">Porto de embarque<\/td>\n<td width=\"481\">Ningbo\/Xangai, China<\/td>\n<\/tr>\n<tr>\n<td width=\"200\">Termos de envio<\/td>\n<td width=\"481\">Exw, FOB, CFR, CIF, etc.<\/td>\n<\/tr>\n<tr>\n<td width=\"200\">Termos de pagamento<\/td>\n<td width=\"481\">T\/T, Western Union, PayPal, etc.<\/td>\n<\/tr>\n<tr>\n<td width=\"200\"><\/td>\n<td width=\"481\">Pr\u00e9-pagamento 30%, saldo 70% pago antes do envio<\/td>\n<\/tr>\n<tr>\n<td width=\"200\">Pa\u00eds de origem<\/td>\n<td width=\"481\">Cidade de Wenzhou, China<\/td>\n<\/tr>\n<tr>\n<td width=\"200\">Capacidade de produ\u00e7\u00e3o<\/td>\n<td width=\"481\">6.000 toneladas\/ano<\/td>\n<\/tr>\n<tr>\n<td width=\"200\">Quantidade m\u00ednima<\/td>\n<td width=\"481\">1 pe\u00e7a\/tamanho<\/td>\n<\/tr>\n<\/tbody>\n<\/table>","protected":false},"excerpt":{"rendered":"<p>STV Valve Technology Group Co., Ltd \u00e9 um l\u00edder profissional China Basket Strainer 150LB, CF8 Body Basket Strainer, 304 Screen Basket Strainer, 40 mesch Basket Strainer. Filtro de cesta RF, fabricante de filtro de cesta flangeado com alta qualidade e pre\u00e7o competitivo.<\/p>","protected":false},"featured_media":6653,"template":"","meta":[],"product_brand":[],"product_cat":[48,85],"product_tag":[1774,1775,1773,1772,1776],"class_list":{"0":"post-6652","1":"product","2":"type-product","3":"status-publish","4":"has-post-thumbnail","6":"product_cat-y-strainer","7":"product_cat-stainless-steel-y-type-strainer","8":"product_tag-304-screen-basket-strainer","9":"product_tag-40-mesch-basket-strainer-rf-basket-strainer","10":"product_tag-cf8-body-basket-strainer","11":"product_tag-china-basket-strainer-150lb","12":"product_tag-flanged-basket-strainer-manufacturer","14":"first","15":"instock","16":"shipping-taxable","17":"product-type-simple"},"_links":{"self":[{"href":"https:\/\/www.stvvalves.com\/pt\/wp-json\/wp\/v2\/product\/6652","targetHints":{"allow":["GET"]}}],"collection":[{"href":"https:\/\/www.stvvalves.com\/pt\/wp-json\/wp\/v2\/product"}],"about":[{"href":"https:\/\/www.stvvalves.com\/pt\/wp-json\/wp\/v2\/types\/product"}],"wp:featuredmedia":[{"embeddable":true,"href":"https:\/\/www.stvvalves.com\/pt\/wp-json\/wp\/v2\/media\/6653"}],"wp:attachment":[{"href":"https:\/\/www.stvvalves.com\/pt\/wp-json\/wp\/v2\/media?parent=6652"}],"wp:term":[{"taxonomy":"product_brand","embeddable":true,"href":"https:\/\/www.stvvalves.com\/pt\/wp-json\/wp\/v2\/product_brand?post=6652"},{"taxonomy":"product_cat","embeddable":true,"href":"https:\/\/www.stvvalves.com\/pt\/wp-json\/wp\/v2\/product_cat?post=6652"},{"taxonomy":"product_tag","embeddable":true,"href":"https:\/\/www.stvvalves.com\/pt\/wp-json\/wp\/v2\/product_tag?post=6652"}],"curies":[{"name":"wp","href":"https:\/\/api.w.org\/{rel}","templated":true}]}}