{"id":6696,"date":"2023-03-07T08:23:50","date_gmt":"2023-03-07T00:23:50","guid":{"rendered":"https:\/\/www.stvvalves.com\/?post_type=product&#038;p=6696"},"modified":"2025-02-17T17:54:53","modified_gmt":"2025-02-17T09:54:53","slug":"astm-b148-c95800-gate-valve-2-inch-class-150-api-602-rf","status":"publish","type":"product","link":"https:\/\/www.stvvalves.com\/pt\/products\/astm-b148-c95800-gate-valve-2-inch-class-150-api-602-rf\/","title":{"rendered":"V\u00e1lvula gaveta ASTM B148 C95800, 2 polegadas, classe 150, API 602, RF"},"content":{"rendered":"<p>Nome: V\u00e1lvula gaveta ASTM B148 C95800, 2 polegadas, classe 150, API 602, RF<br \/>\nProjeto: API 602<br \/>\nCorpo: B148 C95800<br \/>\nTamanho nominal: 2 polegadas<br \/>\nClasse Nominal: 150 LB<br \/>\nConex\u00e3o final: extremidades RF<br \/>\nCara a Cara: ASME B16.10<br \/>\nTeste e Inspe\u00e7\u00e3o: API 598<\/p>\n<p><strong>Par\u00e2metros T\u00e9cnicos e Caracter\u00edsticas<\/strong><br \/>\nProduto: V\u00e1lvula de gaveta de tamanho pequeno<br \/>\nDi\u00e2metro nominal: 1\/4 polegada \u2013 2 polegada<br \/>\nTemperatura de projeto: -196\u00b0C \u2013 573\u00b0C<br \/>\nPress\u00e3o de projeto: Classe 150 LB \u2013 Classe 2500 LB<br \/>\nMaterial: A\u00e7o Carbono, A\u00e7o Inoxid\u00e1vel, Liga de A\u00e7o, Bronze<br \/>\nPadr\u00e3o de projeto: API 602, BS 5352<br \/>\nCara a Cara: Padr\u00e3o de Fabrica\u00e7\u00e3o, ASME B16.10<br \/>\nExtremidade da conex\u00e3o: NPT, SW, BW, flangeado<br \/>\nPadr\u00e3o de teste: API 598, ISO 5208<br \/>\nOpera\u00e7\u00e3o: Volante<br \/>\nAplica\u00e7\u00e3o: Central El\u00e9trica, Petr\u00f3leo, Engenharia Qu\u00edmica<\/p>\n<table>\n<tbody>\n<tr>\n<td width=\"200\"><strong><b>Nome do Produto<\/b><\/strong><\/td>\n<td width=\"481\">V\u00e1lvula gaveta ASTM B148 C95800, 2 polegadas, classe 150, API 602, RF<\/td>\n<\/tr>\n<tr>\n<td width=\"200\">1. Materiais<\/td>\n<td width=\"481\">\u00a0B148 C95800<\/td>\n<\/tr>\n<tr>\n<td width=\"200\">2. Tamanho<\/td>\n<td width=\"481\">2\u201d<\/td>\n<\/tr>\n<tr>\n<td width=\"200\">4. Porto<\/td>\n<td width=\"481\">Porta Redutora<\/td>\n<\/tr>\n<tr>\n<td width=\"200\">5. Press\u00e3o de Trabalho<\/td>\n<td width=\"481\">150 libras<\/td>\n<\/tr>\n<tr>\n<td width=\"200\">6. Fim da conex\u00e3o<\/td>\n<td width=\"481\">Fim de RF<\/td>\n<\/tr>\n<tr>\n<td width=\"200\">7. Temperatura de trabalho.<\/td>\n<td width=\"481\">-29~425\u00baC,<\/td>\n<\/tr>\n<tr>\n<td width=\"200\">8. Meio Adequado<\/td>\n<td width=\"481\">\u00c1gua, G\u00e1s Natural, Petr\u00f3leo e algum l\u00edquido corrosivo<\/td>\n<\/tr>\n<tr>\n<td width=\"200\">9. Operado<\/td>\n<td width=\"481\">Volante<\/td>\n<\/tr>\n<tr>\n<td width=\"200\">10. Inspe\u00e7\u00e3o e Teste<\/td>\n<td width=\"481\">De acordo comAPI 598<\/td>\n<\/tr>\n<tr>\n<td width=\"200\"><strong><b>envio<\/b><\/strong><\/td>\n<td width=\"481\"><\/td>\n<\/tr>\n<tr>\n<td width=\"200\">Prazo de entrega<\/td>\n<td width=\"481\">30 dias<\/td>\n<\/tr>\n<tr>\n<td width=\"200\">Pacote<\/td>\n<td width=\"481\">Caixa de madeira compensada de exporta\u00e7\u00e3o padr\u00e3o<\/td>\n<\/tr>\n<tr>\n<td width=\"200\">Porto de embarque<\/td>\n<td width=\"481\">Ningbo\/Xangai, China<\/td>\n<\/tr>\n<tr>\n<td width=\"200\">Termos de envio<\/td>\n<td width=\"481\">Exw, FOB, CFR, CIF, etc.<\/td>\n<\/tr>\n<tr>\n<td width=\"200\">Termos de pagamento<\/td>\n<td width=\"481\">T\/T, Western Union, PayPal, etc.<\/td>\n<\/tr>\n<tr>\n<td width=\"200\"><\/td>\n<td width=\"481\">Pr\u00e9-pagamento 30%, saldo 70% pago antes do envio<\/td>\n<\/tr>\n<tr>\n<td width=\"200\">Pa\u00eds de origem<\/td>\n<td width=\"481\">Cidade de Wenzhou, China<\/td>\n<\/tr>\n<tr>\n<td width=\"200\">Capacidade de produ\u00e7\u00e3o<\/td>\n<td width=\"481\">6.000 toneladas\/ano<\/td>\n<\/tr>\n<tr>\n<td width=\"200\">Quantidade m\u00ednima<\/td>\n<td width=\"481\">10 unidades\/tamanho<\/td>\n<\/tr>\n<\/tbody>\n<\/table>","protected":false},"excerpt":{"rendered":"<p>STV Valve Technology Group Co., Ltd \u00e9 um l\u00edder profissional China V\u00e1lvula gaveta ASTM B148 C95800, V\u00e1lvula gaveta forjada, V\u00e1lvula gaveta de tamanho pequeno, V\u00e1lvula gaveta de 2 polegadas, V\u00e1lvula gaveta ASTM B62, V\u00e1lvula gaveta API 602, V\u00e1lvula gaveta classe 150 LB, Parafuso Fabricante de v\u00e1lvula gaveta Bonnet com alta qualidade e pre\u00e7o competitivo.<\/p>","protected":false},"featured_media":6697,"template":"","meta":[],"product_brand":[],"product_cat":[44,59],"product_tag":[1602,223,1814,1586,1812,1585,1813,1565],"class_list":{"0":"post-6696","1":"product","2":"type-product","3":"status-publish","4":"has-post-thumbnail","6":"product_cat-gate-valve","7":"product_cat-forged-steel-gate-valve","8":"product_tag-2-inch-gate-valve","9":"product_tag-api-602-gate-valve","10":"product_tag-astm-b62-gate-valve","11":"product_tag-bolt-bonnet-gate-valve-manufacturer","12":"product_tag-china-astm-b148-c95800-gate-valve","13":"product_tag-class-150-lb-gate-valve","14":"product_tag-forged-gate-valve","15":"product_tag-small-size-gate-valve","17":"first","18":"instock","19":"shipping-taxable","20":"product-type-simple"},"_links":{"self":[{"href":"https:\/\/www.stvvalves.com\/pt\/wp-json\/wp\/v2\/product\/6696","targetHints":{"allow":["GET"]}}],"collection":[{"href":"https:\/\/www.stvvalves.com\/pt\/wp-json\/wp\/v2\/product"}],"about":[{"href":"https:\/\/www.stvvalves.com\/pt\/wp-json\/wp\/v2\/types\/product"}],"wp:featuredmedia":[{"embeddable":true,"href":"https:\/\/www.stvvalves.com\/pt\/wp-json\/wp\/v2\/media\/6697"}],"wp:attachment":[{"href":"https:\/\/www.stvvalves.com\/pt\/wp-json\/wp\/v2\/media?parent=6696"}],"wp:term":[{"taxonomy":"product_brand","embeddable":true,"href":"https:\/\/www.stvvalves.com\/pt\/wp-json\/wp\/v2\/product_brand?post=6696"},{"taxonomy":"product_cat","embeddable":true,"href":"https:\/\/www.stvvalves.com\/pt\/wp-json\/wp\/v2\/product_cat?post=6696"},{"taxonomy":"product_tag","embeddable":true,"href":"https:\/\/www.stvvalves.com\/pt\/wp-json\/wp\/v2\/product_tag?post=6696"}],"curies":[{"name":"wp","href":"https:\/\/api.w.org\/{rel}","templated":true}]}}