{"id":6830,"date":"2023-07-10T13:04:36","date_gmt":"2023-07-10T05:04:36","guid":{"rendered":"https:\/\/www.stvvalves.com\/?post_type=product&#038;p=6830"},"modified":"2024-12-24T20:39:35","modified_gmt":"2024-12-24T12:39:35","slug":"cast-iron-lug-type-butterfly-valve","status":"publish","type":"product","link":"https:\/\/www.stvvalves.com\/pt\/products\/cast-iron-lug-type-butterfly-valve\/","title":{"rendered":"V\u00e1lvula borboleta tipo tal\u00e3o de ferro fundido, DN125, PN16, opera\u00e7\u00e3o de alavanca"},"content":{"rendered":"<p>Especifica\u00e7\u00e3o t\u00e9cnica:<br \/>\nPadr\u00e3o de projeto:<\/p>\n<p>EN 593, MSS SP67, API 609, BS5155<\/p>\n<p>Dimens\u00e3o cara a cara:<\/p>\n<p>ISO 5752, EN 558, MSS SP67, API 609, DIN3202<\/p>\n<p>Padr\u00e3o final:<\/p>\n<p>ANSI B16.1 Classe 125LB e B16.5 Classe 150LB<\/p>\n<p>AS 2129 Tabela D e E BS 10 Tabela D e E<\/p>\n<p>DIN 2501 PN6, PN10 e PN16<\/p>\n<p>EN 1092 PN6, PN10 e PN16<\/p>\n<p>KS B 1511 \/ JIS B 2210 5K e 10K<\/p>\n<p>MSS SP44 CL. 150LB AWWA C207<\/p>\n<p>SABS 1123 Tabela 1000\/3 e Tabela 1600\/3<\/p>\n<p>Flange superior: ISO5211<\/p>\n<p>Padr\u00e3o de teste: API 598, ISO 5208, EN 12266<\/p>\n<p>Campo de aplica\u00e7\u00e3o:<\/p>\n<p>Temperatura de opera\u00e7\u00e3o:<\/p>\n<p>NBR: 0\u2103~+90\u2103<\/p>\n<p>EPDM: \u201320\u2103~+120\u2103<\/p>\n<p>PTFE: -10\u2103~+150\u2103<\/p>\n<p>Faixa de tamanho: DN32-DN2000 Press\u00e3o: 5K\/10K\/150LB\/PN10\/PN16 Materiais do corpo: Ferro fundido, Ferro d\u00factil, WCB, SS304, SS316, Bronze, Liga de alum\u00ednio Materiais do assento: EPDM, NBR, PTFE, VITON, Materiais de disco de borracha : Ferro d\u00factil, CF8, CF8M, WCB, Bronze, Materiais da haste em liga de alum\u00ednio: 45#, 420, 431, 304, 304L, 316, 316L, Bronze, Monel, Liga dura<\/p>\n<p>Opera\u00e7\u00e3o opcional: Alavanca, engrenagem helicoidal, pneum\u00e1tica, el\u00e9trica-motorizada<\/p>\n<p>Aplica\u00e7\u00e3o: Processamento qu\u00edmico, Plantas de dessaliniza\u00e7\u00e3o, \u00c1gua pot\u00e1vel, P\u00f3 seco, Alimentos e bebidas, Plantas de g\u00e1s, Ind\u00fastria de minera\u00e7\u00e3o HAVC, Ind\u00fastria de papel, Manuseio de areia, \u00c1gua do mar, Ind\u00fastria de a\u00e7\u00facar, Tratamento t\u00e9rmico t\u00e9cnico de \u00e1gua, \u00c1guas residuais, Circula\u00e7\u00e3o de \u00e1gua de resfriamento, Ar comprimido<\/p>\n<p>Caracter\u00edsticas de design:<\/p>\n<p>1. V\u00e1lvula borboleta traseira r\u00edgida, a sede da v\u00e1lvula n\u00e3o pode ser substitu\u00edda, geralmente equipada com uma placa de v\u00e1lvula de pino, o pre\u00e7o \u00e9 relativamente barato e o desempenho de custo \u00e9 relativamente alto.<\/p>\n<p>2. Quando a v\u00e1lvula borboleta lug e a tubula\u00e7\u00e3o s\u00e3o instaladas, os flanges em ambos os lados s\u00e3o instalados separadamente com parafusos, de modo que o corpo da v\u00e1lvula e a superf\u00edcie de veda\u00e7\u00e3o do corpo da v\u00e1lvula n\u00e3o sejam comprimidas pelos parafusos, o que \u00e9 ben\u00e9fico para a veda\u00e7\u00e3o vida.<\/p>\n<p>3. A v\u00e1lvula borboleta lug pode ser facilmente instalada na posi\u00e7\u00e3o de descarga.<\/p>\n<p>4. Se a v\u00e1lvula borboleta estiver conectada por um par de bra\u00e7adeiras, quando o parafuso for instalado na tubula\u00e7\u00e3o, o parafuso comprimir\u00e1 todo o corpo da v\u00e1lvula borboleta entre os dois flanges. O parafuso \u00e9 relativamente longo e a flu\u00eancia gerada tamb\u00e9m \u00e9 grande. O m\u00e9todo de conex\u00e3o da v\u00e1lvula borboleta lug, o parafuso \u00e9 relativamente curto, n\u00e3o precisa passar por todo o corpo da v\u00e1lvula e \u00e9 mais est\u00e1vel e confi\u00e1vel.<\/p>\n<p>A diferen\u00e7a entre a v\u00e1lvula borboleta lug e a v\u00e1lvula borboleta flangeada<\/p>\n<p>Para v\u00e1lvulas borboleta do tipo flange, os furos dos parafusos s\u00e3o geralmente passantes, que s\u00e3o ligeiramente maiores que os parafusos e s\u00e3o fixados por flanges; os orif\u00edcios dos parafusos das v\u00e1lvulas borboleta do tipo lug correspondem \u00e0s roscas e s\u00e3o instalados com parafusos prisioneiros de rosca completa.<\/p>\n<p>Instala\u00e7\u00e3o de v\u00e1lvula borboleta lug<\/p>\n<p>Para instalar a v\u00e1lvula borboleta lug, um lado da porca precisa ser removido, o parafuso \u00e9 torcido no orif\u00edcio do parafuso da v\u00e1lvula e, em seguida, a porca \u00e9 apertada.<\/p>\n<p>A v\u00e1lvula borboleta lug tem um th<\/p>","protected":false},"excerpt":{"rendered":"<p>Fabrica\u00e7\u00e3o de v\u00e1lvula borboleta tipo lug de ferro fundido na China, STV oferece v\u00e1lvula borboleta de ferro fundido com alavanca, corpo DI, DN125, PN16, API 609.<\/p>","protected":false},"featured_media":6831,"template":"","meta":[],"product_brand":[],"product_cat":[965,971],"product_tag":[1906,1903,1904,1907,1905],"class_list":{"0":"post-6830","1":"product","2":"type-product","3":"status-publish","4":"has-post-thumbnail","6":"product_cat-butterfly-valve","7":"product_cat-wafer-butterfly-valve","8":"product_tag-150lb-cast-iron-lug-type-butterfly-valve","9":"product_tag-cast-iron-lug-type-butterfly-valve","10":"product_tag-dn125-cast-iron-lug-type-butterfly-valve","11":"product_tag-lever-op-cast-iron-lug-type-butterfly-valve","12":"product_tag-pn16-cast-iron-lug-type-butterfly-valve","14":"first","15":"instock","16":"shipping-taxable","17":"product-type-simple"},"_links":{"self":[{"href":"https:\/\/www.stvvalves.com\/pt\/wp-json\/wp\/v2\/product\/6830","targetHints":{"allow":["GET"]}}],"collection":[{"href":"https:\/\/www.stvvalves.com\/pt\/wp-json\/wp\/v2\/product"}],"about":[{"href":"https:\/\/www.stvvalves.com\/pt\/wp-json\/wp\/v2\/types\/product"}],"wp:featuredmedia":[{"embeddable":true,"href":"https:\/\/www.stvvalves.com\/pt\/wp-json\/wp\/v2\/media\/6831"}],"wp:attachment":[{"href":"https:\/\/www.stvvalves.com\/pt\/wp-json\/wp\/v2\/media?parent=6830"}],"wp:term":[{"taxonomy":"product_brand","embeddable":true,"href":"https:\/\/www.stvvalves.com\/pt\/wp-json\/wp\/v2\/product_brand?post=6830"},{"taxonomy":"product_cat","embeddable":true,"href":"https:\/\/www.stvvalves.com\/pt\/wp-json\/wp\/v2\/product_cat?post=6830"},{"taxonomy":"product_tag","embeddable":true,"href":"https:\/\/www.stvvalves.com\/pt\/wp-json\/wp\/v2\/product_tag?post=6830"}],"curies":[{"name":"wp","href":"https:\/\/api.w.org\/{rel}","templated":true}]}}