{"id":6840,"date":"2023-07-24T13:39:35","date_gmt":"2023-07-24T05:39:35","guid":{"rendered":"https:\/\/www.stvvalves.com\/?post_type=product&#038;p=6840"},"modified":"2023-07-24T13:39:37","modified_gmt":"2023-07-24T05:39:37","slug":"forged-steel-3000lb-cross","status":"publish","type":"product","link":"https:\/\/www.stvvalves.com\/pt\/products\/forged-steel-3000lb-cross\/","title":{"rendered":"Cruz de a\u00e7o forjado 3000LB"},"content":{"rendered":"<table>\n<tbody>\n<tr>\n<td>Nome do Produto<\/td>\n<td>\u00a0 Cruzar<\/td>\n<\/tr>\n<tr>\n<td>Tamanho<\/td>\n<td>1\/8&#8243;-4&#8243;<\/td>\n<\/tr>\n<tr>\n<td>Padr\u00e3o<\/td>\n<td>ANSI B16.11<\/td>\n<\/tr>\n<tr>\n<td>Press\u00e3o<\/td>\n<td>2.000 libras, 3.000 libras, 6.000 libras, 9.000 libras<\/td>\n<\/tr>\n<tr>\n<td>Fim<\/td>\n<td>Rosca (NPT\/BSP), soquete soldado<\/td>\n<\/tr>\n<tr>\n<td>\u00a0 \u00a0 Tipo<\/td>\n<td>\u00a0 \u00a0 Igual ou reduzido<\/td>\n<\/tr>\n<tr>\n<td>Processo<\/td>\n<td>Forjado<\/td>\n<\/tr>\n<tr>\n<td>Superf\u00edcie<\/td>\n<td>\u00a0CNC usinado, \u00f3leo antiferrugem, HDG (galv. por imers\u00e3o a quente)<\/td>\n<\/tr>\n<tr>\n<td rowspan=\"6\">Material<\/td>\n<td><strong>A\u00e7o carbono:\u00a0<\/strong>A105, A350 LF2, etc.<\/td>\n<\/tr>\n<tr>\n<td><strong>A\u00e7o para tubula\u00e7\u00e3o:<\/strong>\u00a0ASTM 694 f42, f52, f60, f65,f70 e etc.<\/td>\n<\/tr>\n<tr>\n<td><strong>\u00a0 A\u00e7o inoxid\u00e1vel:<\/strong>\u00a0A182F304\/304L, A182 F316\/316L, A182F321, A182F310S, A182F347H, A182F316Ti, 317\/317L, 904L, 1.4301, 1.4307, 1.4401, 1.4571, 1.4541, 254Mo e etc.<\/td>\n<\/tr>\n<tr>\n<td><strong>\u00a0A\u00e7o inoxid\u00e1vel duplex:<\/strong>\u00a0ASTM A182 F51, F53, F55, UNS31803, SAF2205, UNS32205, UNS32750, UNS32760, 1.4462,1.4410,1.4501 e etc.<\/td>\n<\/tr>\n<tr>\n<td><strong>\u00a0 Liga de n\u00edquel:<\/strong>\u00a0inconel600, inconel625, inconel690, incoloy800, incoloy 825, incoloy 800H,C22, C-276, Monel400, Alloy20 etc.<\/td>\n<\/tr>\n<tr>\n<td><strong>Liga de a\u00e7o Cr-Mo:\u00a0<\/strong>A182 f11,f22,f5,f9,f91, 10CrMo9-10, 16Mo3 etc.<\/td>\n<\/tr>\n<tr>\n<td>Aplicativo<\/td>\n<td>Ind\u00fastria petroqu\u00edmica; ind\u00fastria aeroespacial e de avia\u00e7\u00e3o; ind\u00fastria farmac\u00eautica, exaust\u00e3o de gases; usina el\u00e9trica; constru\u00e7\u00e3o naval; tratamento de \u00e1gua, etc.<\/td>\n<\/tr>\n<tr>\n<td>Vantagens<\/td>\n<td>estoque pronto, prazo de entrega mais r\u00e1pido; dispon\u00edvel em todos os tamanhos, personalizado; alta qualidade<\/td>\n<\/tr>\n<\/tbody>\n<\/table>","protected":false},"excerpt":{"rendered":"<p>STV Valve Technology Group Co., Ltd \u00e9 um l\u00edder profissional China Cruz de a\u00e7o forjado 3000LB, cruz f\u00eamea de alta press\u00e3o, cruz f\u00eamea NPT, cruz F304 de a\u00e7o inoxid\u00e1vel, fabricante de 1 polegada com alta qualidade e pre\u00e7o competitivo.<\/p>","protected":false},"featured_media":6843,"template":"","meta":[],"product_brand":[],"product_cat":[966,967],"product_tag":[],"class_list":{"0":"post-6840","1":"product","2":"type-product","3":"status-publish","4":"has-post-thumbnail","6":"product_cat-pipe-fitting","7":"product_cat-high-pressure-3000lb6000lb-pipe-fitting","9":"first","10":"instock","11":"shipping-taxable","12":"product-type-simple"},"_links":{"self":[{"href":"https:\/\/www.stvvalves.com\/pt\/wp-json\/wp\/v2\/product\/6840","targetHints":{"allow":["GET"]}}],"collection":[{"href":"https:\/\/www.stvvalves.com\/pt\/wp-json\/wp\/v2\/product"}],"about":[{"href":"https:\/\/www.stvvalves.com\/pt\/wp-json\/wp\/v2\/types\/product"}],"wp:featuredmedia":[{"embeddable":true,"href":"https:\/\/www.stvvalves.com\/pt\/wp-json\/wp\/v2\/media\/6843"}],"wp:attachment":[{"href":"https:\/\/www.stvvalves.com\/pt\/wp-json\/wp\/v2\/media?parent=6840"}],"wp:term":[{"taxonomy":"product_brand","embeddable":true,"href":"https:\/\/www.stvvalves.com\/pt\/wp-json\/wp\/v2\/product_brand?post=6840"},{"taxonomy":"product_cat","embeddable":true,"href":"https:\/\/www.stvvalves.com\/pt\/wp-json\/wp\/v2\/product_cat?post=6840"},{"taxonomy":"product_tag","embeddable":true,"href":"https:\/\/www.stvvalves.com\/pt\/wp-json\/wp\/v2\/product_tag?post=6840"}],"curies":[{"name":"wp","href":"https:\/\/api.w.org\/{rel}","templated":true}]}}