{"id":6844,"date":"2023-07-24T13:52:41","date_gmt":"2023-07-24T05:52:41","guid":{"rendered":"https:\/\/www.stvvalves.com\/?post_type=product&#038;p=6844"},"modified":"2023-07-24T13:52:43","modified_gmt":"2023-07-24T05:52:43","slug":"concentric-reducer-forged-fitting-swage-nipple","status":"publish","type":"product","link":"https:\/\/www.stvvalves.com\/pt\/products\/concentric-reducer-forged-fitting-swage-nipple\/","title":{"rendered":"Bocal de estampagem de encaixe forjado com redutor conc\u00eantrico"},"content":{"rendered":"<table>\n<tbody>\n<tr>\n<td>Nome do Produto<\/td>\n<td>\u00a0 Mamilo estampado<\/td>\n<\/tr>\n<tr>\n<td>Tamanho<\/td>\n<td>1\/4&#8243;-12&#8243;<\/td>\n<\/tr>\n<tr>\n<td>Padr\u00e3o<\/td>\n<td>MSS SP 95<\/td>\n<\/tr>\n<tr>\n<td>espessura da parede<\/td>\n<td>STD\/SCH40, SCH80\/XS, SCH160, XXS, personalizado, etc.<\/td>\n<\/tr>\n<tr>\n<td>Fim<\/td>\n<td>Extremidade lisa ou extremidade de rosca (NPT\/BSP), TOE, TBE, POE, BBE, PBE, PE, BE, BLE, BSE, PLE, PSE, TLE, TSE<\/td>\n<\/tr>\n<tr>\n<td>\u00a0 \u00a0 Tipo<\/td>\n<td>\u00a0 \u00a0 conc\u00eantrico, exc\u00eantrico<\/td>\n<\/tr>\n<tr>\n<td>Processo<\/td>\n<td>\u00a0 \u00a0 sem costura, forjado<\/td>\n<\/tr>\n<tr>\n<td>Superf\u00edcie<\/td>\n<td>\u00a0\u00d3leo antiferrugem usinado fino<\/td>\n<\/tr>\n<tr>\n<td rowspan=\"6\">Material<\/td>\n<td>\u00a0 \u00a0 \u00a0<strong>A\u00e7o carbono:\u00a0<\/strong>A105, A350 LF2, etc.<\/td>\n<\/tr>\n<tr>\n<td>\u00a0 \u00a0 \u00a0<strong>A\u00e7o para tubula\u00e7\u00e3o:<\/strong>\u00a0ASTM 694 f42, f52, f60, f65,f70 e etc.<\/td>\n<\/tr>\n<tr>\n<td>\u00a0 \u00a0 \u00a0<strong>A\u00e7o inoxid\u00e1vel:<\/strong>\u00a0A182F304\/304L, A182 F316\/316L, A182F321, A182F310S, A182F347H, A182F316Ti, 317\/317L, 904L, 1.4301, 1.4307, 1.4401, 1.4571, 1.4541 , 254Mo e etc.<\/td>\n<\/tr>\n<tr>\n<td><strong>\u00a0 \u00a0 \u00a0A\u00e7o inoxid\u00e1vel duplex:<\/strong>\u00a0ASTM A182 F51, F53, F55, UNS31803, SAF2205, UNS32205, UNS32750, UNS32760, 1.4462,1.4410, 1.4501 e etc.<\/td>\n<\/tr>\n<tr>\n<td><strong>\u00a0 \u00a0 \u00a0Liga de n\u00edquel:<\/strong>\u00a0inconel600, inconel625, inconel690, incoloy800, incoloy 825, incoloy 800H,C22, C-276, Monel400, Alloy20 etc.<\/td>\n<\/tr>\n<tr>\n<td>\u00a0 \u00a0 \u00a0 \u00a0<strong>Liga de a\u00e7o Cr-Mo:\u00a0<\/strong>A182 f11,f22,f5,f9,f91, 10CrMo9-10, 16Mo3 etc.<\/td>\n<\/tr>\n<tr>\n<td>Aplicativo<\/td>\n<td>Ind\u00fastria petroqu\u00edmica; ind\u00fastria aeroespacial e de avia\u00e7\u00e3o; ind\u00fastria farmac\u00eautica, exaust\u00e3o de gases; usina el\u00e9trica; constru\u00e7\u00e3o naval; tratamento de \u00e1gua, etc.<\/td>\n<\/tr>\n<tr>\n<td>Vantagens<\/td>\n<td>estoque pronto, prazo de entrega mais r\u00e1pido; dispon\u00edvel em todos os tamanhos, personalizado; alta qualidade<\/td>\n<\/tr>\n<\/tbody>\n<\/table>","protected":false},"excerpt":{"rendered":"<p>STV Valve Technology Group Co., Ltd \u00e9 um l\u00edder profissional na China Redutor conc\u00eantrico forjado bico de estampagem, bico de estampagem f\u00eamea de alta press\u00e3o, bico de estampagem NPT, bico de estampagem F304 de a\u00e7o inoxid\u00e1vel, fabricante de bico de estampagem PE EndSwage com alta qualidade e pre\u00e7o competitivo.<\/p>","protected":false},"featured_media":6845,"template":"","meta":[],"product_brand":[],"product_cat":[966,967],"product_tag":[1920,1921,1922,1924,1923],"class_list":{"0":"post-6844","1":"product","2":"type-product","3":"status-publish","4":"has-post-thumbnail","6":"product_cat-pipe-fitting","7":"product_cat-high-pressure-3000lb6000lb-pipe-fitting","8":"product_tag-china-concentric-reducer-forged-fitting-swage-nipple","9":"product_tag-high-pressure-female-swage-nipple","10":"product_tag-npt-swage-nipple","11":"product_tag-pe-endswage-nipple-manufacturer","12":"product_tag-stainless-steel-f304-swage-nipple","14":"first","15":"instock","16":"shipping-taxable","17":"product-type-simple"},"_links":{"self":[{"href":"https:\/\/www.stvvalves.com\/pt\/wp-json\/wp\/v2\/product\/6844","targetHints":{"allow":["GET"]}}],"collection":[{"href":"https:\/\/www.stvvalves.com\/pt\/wp-json\/wp\/v2\/product"}],"about":[{"href":"https:\/\/www.stvvalves.com\/pt\/wp-json\/wp\/v2\/types\/product"}],"wp:featuredmedia":[{"embeddable":true,"href":"https:\/\/www.stvvalves.com\/pt\/wp-json\/wp\/v2\/media\/6845"}],"wp:attachment":[{"href":"https:\/\/www.stvvalves.com\/pt\/wp-json\/wp\/v2\/media?parent=6844"}],"wp:term":[{"taxonomy":"product_brand","embeddable":true,"href":"https:\/\/www.stvvalves.com\/pt\/wp-json\/wp\/v2\/product_brand?post=6844"},{"taxonomy":"product_cat","embeddable":true,"href":"https:\/\/www.stvvalves.com\/pt\/wp-json\/wp\/v2\/product_cat?post=6844"},{"taxonomy":"product_tag","embeddable":true,"href":"https:\/\/www.stvvalves.com\/pt\/wp-json\/wp\/v2\/product_tag?post=6844"}],"curies":[{"name":"wp","href":"https:\/\/api.w.org\/{rel}","templated":true}]}}