{"id":6856,"date":"2023-07-25T12:15:47","date_gmt":"2023-07-25T04:15:47","guid":{"rendered":"https:\/\/www.stvvalves.com\/?post_type=product&#038;p=6856"},"modified":"2024-12-24T19:26:50","modified_gmt":"2024-12-24T11:26:50","slug":"triple-eccentric-butterfly-valve-a216-wcb-28-inch-300-lb-rf","status":"publish","type":"product","link":"https:\/\/www.stvvalves.com\/pt\/products\/triple-eccentric-butterfly-valve-a216-wcb-28-inch-300-lb-rf\/","title":{"rendered":"V\u00e1lvula borboleta exc\u00eantrica tripla, A216 WCB, 28 polegadas, 300 LB, RF"},"content":{"rendered":"<p><strong>Caracter\u00edsticas:<\/strong><\/p>\n<p>1. Projetado e fabricado de acordo com BSEN 593, MSS SP-67 e API 609<\/p>\n<p>2. Adequado para ANSI 125\/150, BS4504, flanges DIN<\/p>\n<p>3. Faixas de tamanho: NPS 2\u2033~52\u2033<\/p>\n<p>4. Classifica\u00e7\u00e3o de press\u00e3o: PN10\/16, ANSI125\/150\/300\/600\/900<\/p>\n<p>5. Materiais dispon\u00edveis em ferro, a\u00e7o, a\u00e7o inoxid\u00e1vel, duplex e bronze, material da sede em tipo resiliente e met\u00e1lico, diferentes materiais de acabamento da v\u00e1lvula borboleta est\u00e3o dispon\u00edveis para atender a diferentes condi\u00e7\u00f5es de servi\u00e7o<\/p>\n<p>6. Projeto \u00e0 prova de fogo de acordo com API 608\/API 6FD mediante solicita\u00e7\u00e3o<\/p>\n<p>7. Para MSS SP 01-75 Mediante solicita\u00e7\u00e3o<\/p>\n<p>8. Opera\u00e7\u00f5es: Alavanca, Engrenagem sem-fim, El\u00e9trica, Pneum\u00e1tica e Hidra-pneum\u00e1tica<\/p>\n<div class=\"rich-text-table\">\n<table style=\"height: 148px;\" width=\"843\">\n<tbody>\n<tr>\n<td>DESENHO E MFT.<\/td>\n<td>API 609<\/td>\n<td>TERMINA A CONEX\u00c3O<\/td>\n<td>FLG. RF<\/td>\n<\/tr>\n<tr>\n<td>PR\u00c9-TEP. AVALIA\u00c7\u00c3O<\/td>\n<td>ASME B16.34<\/td>\n<td>INSPECIONAR E TESTAR<\/td>\n<td>API 598<\/td>\n<\/tr>\n<tr>\n<td>DIMENS\u00c3O FF<\/td>\n<td>ANSI B16.10<\/td>\n<td>CONEX\u00c3O FINAL<\/td>\n<td>ANSI B16.5<\/td>\n<\/tr>\n<tr>\n<td>MARCA\u00c7\u00c3O<\/td>\n<td>MSS SP-25<\/td>\n<td>PROJETO SEGURO CONTRA INC\u00caNDIO<\/td>\n<td>&#8212;<\/td>\n<\/tr>\n<tr>\n<td>PINTURA<\/td>\n<td>A definir<\/td>\n<td>ESP. REQUISITOS<\/td>\n<td>N \/ D<\/td>\n<\/tr>\n<\/tbody>\n<\/table>\n<\/div>","protected":false},"excerpt":{"rendered":"<p>Fabricante de v\u00e1lvula borboleta tripla exc\u00eantrica na China, STV oferece v\u00e1lvula borboleta tripla exc\u00eantrica com engrenagem helicoidal, ASTM A216 wcb, 28 polegadas, 300LB, API 609.<\/p>\n<p>&nbsp;<\/p>","protected":false},"featured_media":6857,"template":"","meta":[],"product_brand":[],"product_cat":[965,972],"product_tag":[1930,1931,1932,1929,1933],"class_list":{"0":"post-6856","1":"product","2":"type-product","3":"status-publish","4":"has-post-thumbnail","6":"product_cat-butterfly-valve","7":"product_cat-flange-butterfly-valve","8":"product_tag-28-inch-triple-eccentric-butterfly-valve","9":"product_tag-300lb-triple-eccentric-butterfly-valve","10":"product_tag-flange-end-triple-eccentric-butterfly-valve","11":"product_tag-triple-eccentric-butterfly-valve-manufacturer","12":"product_tag-wcb-triple-eccentric-butterfly-valve","14":"first","15":"instock","16":"shipping-taxable","17":"product-type-simple"},"_links":{"self":[{"href":"https:\/\/www.stvvalves.com\/pt\/wp-json\/wp\/v2\/product\/6856","targetHints":{"allow":["GET"]}}],"collection":[{"href":"https:\/\/www.stvvalves.com\/pt\/wp-json\/wp\/v2\/product"}],"about":[{"href":"https:\/\/www.stvvalves.com\/pt\/wp-json\/wp\/v2\/types\/product"}],"wp:featuredmedia":[{"embeddable":true,"href":"https:\/\/www.stvvalves.com\/pt\/wp-json\/wp\/v2\/media\/6857"}],"wp:attachment":[{"href":"https:\/\/www.stvvalves.com\/pt\/wp-json\/wp\/v2\/media?parent=6856"}],"wp:term":[{"taxonomy":"product_brand","embeddable":true,"href":"https:\/\/www.stvvalves.com\/pt\/wp-json\/wp\/v2\/product_brand?post=6856"},{"taxonomy":"product_cat","embeddable":true,"href":"https:\/\/www.stvvalves.com\/pt\/wp-json\/wp\/v2\/product_cat?post=6856"},{"taxonomy":"product_tag","embeddable":true,"href":"https:\/\/www.stvvalves.com\/pt\/wp-json\/wp\/v2\/product_tag?post=6856"}],"curies":[{"name":"wp","href":"https:\/\/api.w.org\/{rel}","templated":true}]}}