{"id":6865,"date":"2023-08-25T13:26:54","date_gmt":"2023-08-25T05:26:54","guid":{"rendered":"https:\/\/www.stvvalves.com\/?post_type=product&#038;p=6865"},"modified":"2023-08-25T13:26:55","modified_gmt":"2023-08-25T05:26:55","slug":"cast-trunnion-mounted-ball-valve-dn500-pn16-wcb-rf-end","status":"publish","type":"product","link":"https:\/\/www.stvvalves.com\/pt\/products\/cast-trunnion-mounted-ball-valve-dn500-pn16-wcb-rf-end\/","title":{"rendered":"V\u00e1lvula de esfera montada em munh\u00e3o fundido, DN500, PN16, WCB, extremidade RF"},"content":{"rendered":"<p>Fabricante, f\u00e1brica e fornecedor de v\u00e1lvula esf\u00e9rica montada em munh\u00e3o ChinaCast.<\/p>\n<p><strong>Especifica\u00e7\u00e3o da v\u00e1lvula de esfera montada em munh\u00e3o fundido:<\/strong><\/p>\n<p>Material:A351 CF8M\/CF8\/CF3, A216 WCB, A352 LCB\/LCC<\/p>\n<p>Veda\u00e7\u00e3o: Metal ou macio<\/p>\n<p>Press\u00e3o: Classe ASME150~2500LBS (PN16~PN260)<\/p>\n<p>Tamanho: NPS 2\u201d~48\u201d (50mm~1200mm)<\/p>\n<p>Conex\u00e3o: RF, RTJ, BW<\/p>\n<p>Opera\u00e7\u00e3o: Alavanca manual, caixa de c\u00e2mbio, pneum\u00e1tica, el\u00e9trica<br \/>\n<strong>Padr\u00e3o de v\u00e1lvula de esfera montada em munh\u00e3o fundido:<\/strong><\/p>\n<p>Projeto: API6D, ASME B16.34, BS5351, ISO14313<\/p>\n<p>Seguran\u00e7a contra inc\u00eandio: API607, API 6FA,<\/p>\n<p>Presencial: API 6D\/ASME B16.10<\/p>\n<p>Extremidades flangeadas:ASME B16.5\/B16.47 \/MSS SP-44\/DIN\/EN1092-1\/GOST33259\/JIS<\/p>\n<p>Extremidades BW: ASME B16.25<\/p>\n<p>Teste de inspe\u00e7\u00e3o: API 598, API6D, ISO5208, EN12266-1<\/p>\n<p>Classifica\u00e7\u00f5es de temperatura: ASME B16.34<\/p>\n<p>Certificado: EN 10204 tipo 3.1<\/p>\n<p>Marca\u00e7\u00f5es: MSS SP25<\/p>\n<p>&nbsp;<\/p>\n<p><strong>Caracter\u00edsticas da v\u00e1lvula de esfera montada em munh\u00e3o fundido:\u00a0<\/strong><br \/>\nCorpo aparafusado ou soldado, furo reduzido ou furo total, esfera flutuante ou munh\u00e3o, fluxo bidirecional, NACE MR-01-75, baixo torque, furo total ou furo reduzido pass\u00edvel de pigg, e v\u00e1lvula esf\u00e9rica de sede de metal projetada criog\u00eanica com teste de baixa temperatura e teste de baixa emiss\u00e3o fugitiva tamb\u00e9m dispon\u00edvel.<\/p>\n<p>Veda\u00e7\u00e3o de assento de metal com metal de alto desempenho com vazamento zero.<\/p>\n<p>Aplica\u00e7\u00e3o em alta temperatura projetada para part\u00edculas s\u00f3lidas.<\/p>","protected":false},"excerpt":{"rendered":"<p>STV Valve Technology Group Co., Ltd \u00e9 um l\u00edder profissional China V\u00e1lvula de esfera de a\u00e7o fundido DN500, DN500 API 6D V\u00e1lvulas de esfera montadas em munh\u00e3o de a\u00e7o fundido, V\u00e1lvulas de esfera montadas em munh\u00e3o de a\u00e7o fundido, V\u00e1lvula de esfera montada em munh\u00e3o de 3 pe\u00e7as, Fabricante de v\u00e1lvula de esfera montada em munh\u00e3o WCB com alta qualidade e pre\u00e7o competitivo.<\/p>","protected":false},"featured_media":6866,"template":"","meta":[],"product_brand":[],"product_cat":[43,56],"product_tag":[1949,1948,1947,1950],"class_list":{"0":"post-6865","1":"product","2":"type-product","3":"status-publish","4":"has-post-thumbnail","6":"product_cat-ball-valve","7":"product_cat-trunnion-ball-valve","8":"product_tag-cast-trunnion-mounted-ball-valve","9":"product_tag-dn500-cast-trunnion-mounted-ball-valve","10":"product_tag-pn16-cast-trunnion-mounted-ball-valve","11":"product_tag-rf-end-cast-trunnion-mounted-ball-valve","13":"first","14":"instock","15":"shipping-taxable","16":"product-type-simple"},"_links":{"self":[{"href":"https:\/\/www.stvvalves.com\/pt\/wp-json\/wp\/v2\/product\/6865","targetHints":{"allow":["GET"]}}],"collection":[{"href":"https:\/\/www.stvvalves.com\/pt\/wp-json\/wp\/v2\/product"}],"about":[{"href":"https:\/\/www.stvvalves.com\/pt\/wp-json\/wp\/v2\/types\/product"}],"wp:featuredmedia":[{"embeddable":true,"href":"https:\/\/www.stvvalves.com\/pt\/wp-json\/wp\/v2\/media\/6866"}],"wp:attachment":[{"href":"https:\/\/www.stvvalves.com\/pt\/wp-json\/wp\/v2\/media?parent=6865"}],"wp:term":[{"taxonomy":"product_brand","embeddable":true,"href":"https:\/\/www.stvvalves.com\/pt\/wp-json\/wp\/v2\/product_brand?post=6865"},{"taxonomy":"product_cat","embeddable":true,"href":"https:\/\/www.stvvalves.com\/pt\/wp-json\/wp\/v2\/product_cat?post=6865"},{"taxonomy":"product_tag","embeddable":true,"href":"https:\/\/www.stvvalves.com\/pt\/wp-json\/wp\/v2\/product_tag?post=6865"}],"curies":[{"name":"wp","href":"https:\/\/api.w.org\/{rel}","templated":true}]}}