{"id":6871,"date":"2023-09-13T12:37:13","date_gmt":"2023-09-13T04:37:13","guid":{"rendered":"https:\/\/www.stvvalves.com\/?post_type=product&#038;p=6871"},"modified":"2023-09-13T12:37:15","modified_gmt":"2023-09-13T04:37:15","slug":"pneumatic-bidirectional-knife-gate-valve-dn450-wcb-316-trim-lug-type","status":"publish","type":"product","link":"https:\/\/www.stvvalves.com\/pt\/products\/pneumatic-bidirectional-knife-gate-valve-dn450-wcb-316-trim-lug-type\/","title":{"rendered":"V\u00e1lvula de guilhotina bidirecional pneum\u00e1tica, DN450, WCB, 316 guarni\u00e7\u00e3o, tipo tal\u00e3o"},"content":{"rendered":"<p>Pneumatic Bidirectional Knife Gate Valve is a unidirectional wafer knife\u00a0 gate valve used on industrial pipeline for on-off operation.<\/p>\n<p>A estrutura do corpo e da sede elimina o entupimento do fluxo com part\u00edculas finas. Al\u00e9m disso, o fio da faca chanfrado ajuda<\/p>\n<p>a porta corta facilmente m\u00eddia espessa. De acordo com diferentes situa\u00e7\u00f5es de trabalho: v\u00e1lvula de guilhotina com haste n\u00e3o ascendente, faca wafer<\/p>\n<p>v\u00e1lvula de guilhotina, v\u00e1lvula de guilhotina com rodas, v\u00e1lvula de guilhotina pneum\u00e1tica, v\u00e1lvula de guilhotina el\u00e9trica, v\u00e1lvula de guilhotina manual e bisel<\/p>\n<p>v\u00e1lvulas de guilhotina de engrenagem est\u00e3o todas dispon\u00edveis.<\/p>\n<p><b>Caracter\u00edsticas:<\/b><\/p>\n<p>1. Corpo:<\/p>\n<p>a) O corpo integral com estrutura de passagem total garante fluxo suave, f\u00e1cil montagem e menor possibilidade de vazamento no casco.<\/p>\n<p>b) O design do corpo sem ranhura elimina qualquer potencial entupimento durante o fechamento da v\u00e1lvula.<\/p>\n<p>2. Port\u00e3o:<\/p>\n<p>a) O fio da faca chanfrado proporciona forte tens\u00e3o de corte e veda\u00e7\u00e3o herm\u00e9tica.<\/p>\n<p>b) A espessura da comporta pode ser aumentada para atender a press\u00f5es mais altas.<\/p>\n<p>3. Assento:<\/p>\n<p>a) A sede de elast\u00f4mero em forma de U fornece uma veda\u00e7\u00e3o perif\u00e9rica ao longo da borda da guilhotina e garante uma veda\u00e7\u00e3o herm\u00e9tica em ambos<\/p>\n<p>dire\u00e7\u00f5es de fluxo.<\/p>\n<p>4. Outros:<\/p>\n<p>a) O rolamento axial duplo minimiza o torque necess\u00e1rio para a opera\u00e7\u00e3o<\/p>\n<p>Tamanho: NPS2-48 (DN50-DN1200)<\/p>\n<p>Conex\u00e3o: Tipo Wafer, Tipo Flange, Tipo Lug, Tipo Soldado<\/p>\n<p>Tipo de veda\u00e7\u00e3o: Macio ou met\u00e1lico<\/p>\n<p>Material: GGG40-A356, CF8-A351, CF8M-A351<\/p>","protected":false},"excerpt":{"rendered":"<p>STV Valve Technology Group Co., Ltd is a professional leader China\u00a0non-rising stem knife gate valve, wafer knife<\/p>\n<p>v\u00e1lvula de guilhotina, v\u00e1lvula de guilhotina com rodas, v\u00e1lvula de guilhotina pneum\u00e1tica, v\u00e1lvula de guilhotina el\u00e9trica, v\u00e1lvula de guilhotina manual e bisel<\/p>\n<p>v\u00e1lvula guilhotina de engrenagem.<\/p>","protected":false},"featured_media":6872,"template":"","meta":[],"product_brand":[],"product_cat":[44,62],"product_tag":[1953,1955,1952,1954,1951],"class_list":{"0":"post-6871","1":"product","2":"type-product","3":"status-publish","4":"has-post-thumbnail","6":"product_cat-gate-valve","7":"product_cat-knife-gate-valve","8":"product_tag-150lb-pneumatic-bidirectional-knife-gate-valve","9":"product_tag-cast-steel-pneumatic-bidirectional-knife-gate-valve","10":"product_tag-dn450-pneumatic-bidirectional-knife-gate-valve","11":"product_tag-lug-type-pneumatic-bidirectional-knife-gate-valve","12":"product_tag-pneumatic-bidirectional-knife-gate-valve","14":"first","15":"instock","16":"shipping-taxable","17":"product-type-simple"},"_links":{"self":[{"href":"https:\/\/www.stvvalves.com\/pt\/wp-json\/wp\/v2\/product\/6871","targetHints":{"allow":["GET"]}}],"collection":[{"href":"https:\/\/www.stvvalves.com\/pt\/wp-json\/wp\/v2\/product"}],"about":[{"href":"https:\/\/www.stvvalves.com\/pt\/wp-json\/wp\/v2\/types\/product"}],"wp:featuredmedia":[{"embeddable":true,"href":"https:\/\/www.stvvalves.com\/pt\/wp-json\/wp\/v2\/media\/6872"}],"wp:attachment":[{"href":"https:\/\/www.stvvalves.com\/pt\/wp-json\/wp\/v2\/media?parent=6871"}],"wp:term":[{"taxonomy":"product_brand","embeddable":true,"href":"https:\/\/www.stvvalves.com\/pt\/wp-json\/wp\/v2\/product_brand?post=6871"},{"taxonomy":"product_cat","embeddable":true,"href":"https:\/\/www.stvvalves.com\/pt\/wp-json\/wp\/v2\/product_cat?post=6871"},{"taxonomy":"product_tag","embeddable":true,"href":"https:\/\/www.stvvalves.com\/pt\/wp-json\/wp\/v2\/product_tag?post=6871"}],"curies":[{"name":"wp","href":"https:\/\/api.w.org\/{rel}","templated":true}]}}