{"id":6893,"date":"2023-09-18T12:31:25","date_gmt":"2023-09-18T04:31:25","guid":{"rendered":"https:\/\/www.stvvalves.com\/?post_type=product&#038;p=6893"},"modified":"2023-09-18T12:31:27","modified_gmt":"2023-09-18T04:31:27","slug":"astm-b148-c95600-globe-valve-bs1878-8-inch-150-lb-rf","status":"publish","type":"product","link":"https:\/\/www.stvvalves.com\/pt\/products\/astm-b148-c95600-globe-valve-bs1878-8-inch-150-lb-rf\/","title":{"rendered":"V\u00e1lvula globo ASTM B148 C95600, BS1878, 8 polegadas, 150 LB, RF"},"content":{"rendered":"<p><strong>Padr\u00f5es aplic\u00e1veis:\u00a0\u00a0\u00a0\u00a0\u00a0\u00a0<\/strong><br \/>\nV\u00e1lvula globo, BS1878\/ASME B16.34<br \/>\nV\u00e1lvulas de a\u00e7o, ASME B16.34<br \/>\nCara a cara ASME B16.10<br \/>\nFlanges finais ASME B16.5\/ASME B16.47<br \/>\nSoldagem de topo termina ASME B16.25<br \/>\nInspe\u00e7\u00e3o e teste API 598<\/p>\n<p><strong>Material:\u00a0<\/strong>C95800,C95400,C83600<br \/>\n<strong>Faixa de tamanho:<\/strong>\u00a02\u2033~36\u2033<br \/>\n<strong>Classifica\u00e7\u00e3o de press\u00e3o:\u00a0<\/strong>ASME CL, 150, 300, 600, 900, 1500, 2500<br \/>\n<strong>Faixa de temperatura:<\/strong>\u00a0-196\u2103~650\u2103<\/p>\n<p><strong>Descri\u00e7\u00e3o do projeto:<\/strong><br \/>\n\u2013 Parafuso Externo e Garfo<br \/>\n\u2013 Castelo aparafusado e veda\u00e7\u00e3o de press\u00e3o<br \/>\n\u2013 Haste ascendente<br \/>\n\u2013 Dispon\u00edvel com operador de engrenagem<br \/>\n\u2013 Extremidades de flange e extremidades soldadas<br \/>\n\u2013 Design de baixo torque, haste de superf\u00edcie lisa.<\/p>\n<table border=\"0\" cellspacing=\"0\" cellpadding=\"0\">\n<tbody>\n<tr>\n<td>Marca<\/td>\n<td>TVS<\/td>\n<\/tr>\n<tr>\n<td>Estrutura<\/td>\n<td>Globo<\/td>\n<\/tr>\n<tr>\n<td>Material da v\u00e1lvula<\/td>\n<td>a\u00e7o fundido, a\u00e7o inoxid\u00e1vel, liga especial, CI, DI etc.<\/td>\n<\/tr>\n<tr>\n<td>Tipo de v\u00e1lvula<\/td>\n<td>\u00a0Globo<\/td>\n<\/tr>\n<tr>\n<td>Teste de v\u00e1lvula<\/td>\n<td>Quantidade 100% testada antes da entrega<\/td>\n<\/tr>\n<tr>\n<td>Garantia de v\u00e1lvula<\/td>\n<td>18 meses ap\u00f3s o envio e 12 meses ap\u00f3s a instala\u00e7\u00e3o<\/td>\n<\/tr>\n<tr>\n<td>Estrutura da V\u00e1lvula<\/td>\n<td>correto<\/td>\n<\/tr>\n<tr>\n<td>Entrega de v\u00e1lvula<\/td>\n<td>15 \u2013 30 dias<\/td>\n<\/tr>\n<tr>\n<td>Amostra de v\u00e1lvula<\/td>\n<td>Amostra dispon\u00edvel pela v\u00e1lvula Didtek<\/td>\n<\/tr>\n<tr>\n<td>Cor da v\u00e1lvula<\/td>\n<td>Pedido do cliente<\/td>\n<\/tr>\n<tr>\n<td>Embalagem de v\u00e1lvula<\/td>\n<td>Caixa de madeira compensada para v\u00e1lvula globo<\/td>\n<\/tr>\n<tr>\n<td>Quantidade m\u00ednima<\/td>\n<td>1 conjunto<\/td>\n<\/tr>\n<tr>\n<td>Certificado de v\u00e1lvula<\/td>\n<td>API6D\/CE\/ISO9001\/ISO14001<\/td>\n<\/tr>\n<tr>\n<td>Lugar de origem<\/td>\n<td>Zhejiang, China (continente)<\/td>\n<\/tr>\n<tr>\n<td>Detalhes de entrega:<\/td>\n<td>Enviado em 15-30 dias ap\u00f3s o pagamento<\/td>\n<\/tr>\n<tr>\n<td>Porta<\/td>\n<td>Xangai ou Ningbo<\/td>\n<\/tr>\n<tr>\n<td>Termos de pagamento<\/td>\n<td>L\/C,D\/A,D\/P,T\/T, Western Union<\/td>\n<\/tr>\n<\/tbody>\n<\/table>\n<p><strong>Aplica\u00e7\u00e3o e fun\u00e7\u00e3o:<\/strong><br \/>\nAs v\u00e1lvulas globo C95400 s\u00e3o usadas principalmente para v\u00e1lvulas de bloqueio totalmente abertas ou totalmente fechadas. Normalmente n\u00e3o s\u00e3o consideradas para fins de estrangulamento, mas mais para lamas, fluidos viscosos, etc. As v\u00e1lvulas gaveta s\u00e3o caracterizadas por uma cunha m\u00f3vel, que \u00e9 movida com a opera\u00e7\u00e3o da porca da haste. A cunha se move perpendicularmente \u00e0 dire\u00e7\u00e3o do fluxo. As v\u00e1lvulas gaveta geralmente apresentam uma queda de press\u00e3o m\u00ednima quando totalmente abertas, fornecem fechamento herm\u00e9tico quando totalmente fechadas e permanecem relativamente livres de ac\u00famulo de contamina\u00e7\u00e3o.<\/p>\n<p><strong>Acess\u00f3rios:<\/strong><br \/>\nAcess\u00f3rios como operadores de engrenagens, atuadores, bypasses, dispositivos de travamento, rodas de corrente, hastes estendidas e castelos para servi\u00e7o criog\u00eanico e muitos outros est\u00e3o dispon\u00edveis para atender \u00e0s necessidades dos clientes.<\/p>","protected":false},"excerpt":{"rendered":"<p>STV Valve Technology Group Co., Ltd \u00e9 um l\u00edder profissional China ASTM B148 C95400 Globe Valve, BS1878 C95600 Globe Valve, 8 Inch C95400 Globe Valve, 150 LB C95600 Globe Valve, RF C95600 Globe Valve Fabricante com alta qualidade e pre\u00e7o competitivo.<\/p>","protected":false},"featured_media":6894,"template":"","meta":[],"product_brand":[],"product_cat":[45,63],"product_tag":[1990,1991,1988,1989,1992],"class_list":{"0":"post-6893","1":"product","2":"type-product","3":"status-publish","4":"has-post-thumbnail","6":"product_cat-globe-valve","7":"product_cat-cast-steel-globe-valve","8":"product_tag-150lb-b148-c95600-globe-valve","9":"product_tag-8-inch-b148-c95600-globe-valve","10":"product_tag-b148-c95600-globe-valve","11":"product_tag-bs1878-b148-c95600-globe-valve","12":"product_tag-c95600-globe-valve-manufacturer","14":"first","15":"instock","16":"shipping-taxable","17":"product-type-simple"},"_links":{"self":[{"href":"https:\/\/www.stvvalves.com\/pt\/wp-json\/wp\/v2\/product\/6893","targetHints":{"allow":["GET"]}}],"collection":[{"href":"https:\/\/www.stvvalves.com\/pt\/wp-json\/wp\/v2\/product"}],"about":[{"href":"https:\/\/www.stvvalves.com\/pt\/wp-json\/wp\/v2\/types\/product"}],"wp:featuredmedia":[{"embeddable":true,"href":"https:\/\/www.stvvalves.com\/pt\/wp-json\/wp\/v2\/media\/6894"}],"wp:attachment":[{"href":"https:\/\/www.stvvalves.com\/pt\/wp-json\/wp\/v2\/media?parent=6893"}],"wp:term":[{"taxonomy":"product_brand","embeddable":true,"href":"https:\/\/www.stvvalves.com\/pt\/wp-json\/wp\/v2\/product_brand?post=6893"},{"taxonomy":"product_cat","embeddable":true,"href":"https:\/\/www.stvvalves.com\/pt\/wp-json\/wp\/v2\/product_cat?post=6893"},{"taxonomy":"product_tag","embeddable":true,"href":"https:\/\/www.stvvalves.com\/pt\/wp-json\/wp\/v2\/product_tag?post=6893"}],"curies":[{"name":"wp","href":"https:\/\/api.w.org\/{rel}","templated":true}]}}