{"id":6895,"date":"2023-09-18T13:27:13","date_gmt":"2023-09-18T05:27:13","guid":{"rendered":"https:\/\/www.stvvalves.com\/?post_type=product&#038;p=6895"},"modified":"2023-09-18T13:27:15","modified_gmt":"2023-09-18T05:27:15","slug":"astm-b148-c95800-gate-valve-non-rising-stem-16k-ff-end","status":"publish","type":"product","link":"https:\/\/www.stvvalves.com\/pt\/products\/astm-b148-c95800-gate-valve-non-rising-stem-16k-ff-end\/","title":{"rendered":"V\u00e1lvula gaveta ASTM B148 C95800, haste n\u00e3o ascendente, 16K, extremidade FF"},"content":{"rendered":"<p>1. Projeto e Fabrica\u00e7\u00e3o: JIS B2073 B2083<br \/>\n2. OS&amp;Y, cap\u00f4 aparafusado, design de cunha flex\u00edvel<br \/>\n3. Tamanho da v\u00e1lvula: DN50-DN1500(2\u2033-60\u2033)<br \/>\n4. Classifica\u00e7\u00f5es de press\u00e3o: ANSI 150.300.600.900.1500.2500<br \/>\n5. Conex\u00f5es finais: Flangeadas, RF<br \/>\n6. Materiais da v\u00e1lvula: A\u00e7o carbono A216 WCB, a\u00e7o inoxid\u00e1vel A351 Gr CF3M, CF8, CF8M<br \/>\n7. Materiais de guarni\u00e7\u00e3o da v\u00e1lvula: 13CR, Half Stellite, Full Stellite<br \/>\n8. Atuador: Manual, Volante<\/p>\n<table border=\"1\" width=\"100%\" cellspacing=\"0\">\n<tbody>\n<tr>\n<td align=\"middle\" width=\"19%\">cultura<\/td>\n<td align=\"middle\" width=\"15%\">\n<p align=\"center\">Cara a cara<\/p>\n<\/td>\n<td align=\"middle\" width=\"19%\">\u00a0\u00a0Dimens\u00e3o do Flange<\/td>\n<td align=\"middle\" width=\"29%\">Latagem de temperatura de press\u00e3o<\/td>\n<td align=\"middle\" width=\"18%\">Inspe\u00e7\u00e3o e Teste<\/td>\n<\/tr>\n<tr>\n<td align=\"middle\" width=\"19%\">JIS B2073 B2083<\/td>\n<td align=\"middle\" width=\"15%\">JIS B2002<\/td>\n<td align=\"middle\" width=\"19%\">JIS B2210 ~ JIS B2216<\/td>\n<td align=\"middle\" width=\"29%\">JIS B2073 B2083<\/td>\n<td align=\"middle\" width=\"18%\">JIS B2003<\/td>\n<\/tr>\n<\/tbody>\n<\/table>\n<p><b>Caracter\u00edsticas:<\/b><\/p>\n<ul>\n<li>Castelo aparafusado ou castelo com veda\u00e7\u00e3o de press\u00e3o<\/li>\n<li>Cunha Flex\u00edvel<\/li>\n<li>Porto completo<\/li>\n<li>Parafuso externo e garfo (OS&amp;Y), haste ascendente<\/li>\n<li>Cap\u00f4 estendido para servi\u00e7os criog\u00eanicos<\/li>\n<li>Dispositivo de bloqueio opcional<\/li>\n<li>By pass on Request<\/li>\n<li><strong>Tamanho Principais Dimens\u00f5es e Peso<\/strong><br \/>\nPress\u00e3o: 10K, 16K, 20K, 40K<br \/>\nDi\u00e2metros nominais: DN50-DN800<br \/>\nEstilos de condu\u00e7\u00e3o: engrenagem manual\/el\u00e9trica\/c\u00f4nica\/pneum\u00e1tica, etc.<\/li>\n<\/ul>","protected":false},"excerpt":{"rendered":"<p>Fornecimento de v\u00e1lvula STV com v\u00e1lvula de gaveta de bronze de acordo com o padr\u00e3o API 600. O material pode ser: C95800\u3001C95500\u3001C95200\u3001C95300\u3001C95600\u3001C61900\u3001C63200, Ect. Nossa faixa de tamanho de produ\u00e7\u00e3o 2 \u2033 ~ 48 \u2033, press\u00e3o de 150 libras a 600 libras<\/p>","protected":false},"featured_media":6896,"template":"","meta":[],"product_brand":[],"product_cat":[44,58],"product_tag":[1995,1993,1996,1994],"class_list":{"0":"post-6895","1":"product","2":"type-product","3":"status-publish","4":"has-post-thumbnail","6":"product_cat-gate-valve","7":"product_cat-cast-steel-gate-valve","8":"product_tag-16k-astm-b148-c95800-gate-valve","9":"product_tag-astm-b148-c95800-gate-valve","10":"product_tag-ff-end-astm-b148-c95800-gate-valve","11":"product_tag-non-rising-stem-c95800-gate-valve","13":"first","14":"instock","15":"shipping-taxable","16":"product-type-simple"},"_links":{"self":[{"href":"https:\/\/www.stvvalves.com\/pt\/wp-json\/wp\/v2\/product\/6895","targetHints":{"allow":["GET"]}}],"collection":[{"href":"https:\/\/www.stvvalves.com\/pt\/wp-json\/wp\/v2\/product"}],"about":[{"href":"https:\/\/www.stvvalves.com\/pt\/wp-json\/wp\/v2\/types\/product"}],"wp:featuredmedia":[{"embeddable":true,"href":"https:\/\/www.stvvalves.com\/pt\/wp-json\/wp\/v2\/media\/6896"}],"wp:attachment":[{"href":"https:\/\/www.stvvalves.com\/pt\/wp-json\/wp\/v2\/media?parent=6895"}],"wp:term":[{"taxonomy":"product_brand","embeddable":true,"href":"https:\/\/www.stvvalves.com\/pt\/wp-json\/wp\/v2\/product_brand?post=6895"},{"taxonomy":"product_cat","embeddable":true,"href":"https:\/\/www.stvvalves.com\/pt\/wp-json\/wp\/v2\/product_cat?post=6895"},{"taxonomy":"product_tag","embeddable":true,"href":"https:\/\/www.stvvalves.com\/pt\/wp-json\/wp\/v2\/product_tag?post=6895"}],"curies":[{"name":"wp","href":"https:\/\/api.w.org\/{rel}","templated":true}]}}