{"id":6916,"date":"2023-09-28T14:38:52","date_gmt":"2023-09-28T06:38:52","guid":{"rendered":"https:\/\/www.stvvalves.com\/?post_type=product&#038;p=6916"},"modified":"2024-12-24T20:11:33","modified_gmt":"2024-12-24T12:11:33","slug":"api-609-lug-type-butterfly-valve-150lb-16-inch-c95800","status":"publish","type":"product","link":"https:\/\/www.stvvalves.com\/pt\/products\/api-609-lug-type-butterfly-valve-150lb-16-inch-c95800\/","title":{"rendered":"V\u00e1lvula borboleta tipo lug API 609, 150LB, 16 polegadas, C95800"},"content":{"rendered":"<p>Projeto e Fabrica\u00e7\u00e3o: API 609<\/p>\n<p>Dimens\u00e3o face a face: API609, ISO5752, ASME B16.10<\/p>\n<p>Dimens\u00e3o da conex\u00e3o do flange: ASME B16.5, ASME B16.47<\/p>\n<p>Teste e inspe\u00e7\u00e3o: API 598<\/p>\n<p>Classifica\u00e7\u00e3o de temperatura de press\u00e3o: API 609, ASME B16.34<br \/>\nGama de Produtos<\/p>\n<p>Material do corpo:A\u00e7o Fundido,A\u00e7o Inoxid\u00e1vel,Monel<\/p>\n<p>Di\u00e2metro nominal: 2\u2033~120\u2033(DN50~DN3000\uff09<\/p>\n<p>Conex\u00e3o final: Flange Duplo, Wafer, Lug, etc.<\/p>\n<p>Faixa de press\u00e3o: Classe150 ~ 600\uff08PN16~PN100\uff09<\/p>\n<p>Temperatura de trabalho:-46\u2103 ~ +550\u2103<\/p>\n<p>Opera\u00e7\u00e3o: Al\u00e7a, Engrenagem, Atuador El\u00e9trico, etc.<\/p>\n<p>Estrutura de veda\u00e7\u00e3o, veda\u00e7\u00e3o suave,<br \/>\nMotorista de rolha<br \/>\nALMOFADA DE MONTAGEM ISO 5211<br \/>\nConex\u00e3o,Flange,Wafer Lug-wafer<br \/>\nOpera\u00e7\u00e3o, tipo, manual, engrenagem helicoidal, el\u00e9trica,<br \/>\nPneum\u00e1tico, Hidr\u00e1ulico<br \/>\nEstrutura Exc\u00eantrica, Centrada<\/p>\n<p>N\u00f3s somos um fabricante profissional de produtos da s\u00e9rie de v\u00e1lvulas borboleta. A empresa foi criada em 2006 com um capital social de 11,18 milh\u00f5es de yuans. Desde a sua cria\u00e7\u00e3o, temos nos dedicado a pesquisar e abrir produtos da s\u00e9rie de v\u00e1lvulas borboleta. Todos os produtos da s\u00e9rie de v\u00e1lvulas borboleta produzidos por nossa empresa agora usam nossos moldes exclusivos e, independentemente da espessura da parede do corpo da v\u00e1lvula, espessura do flange e comprimento estrutural, todos eles podem atender aos padr\u00f5es relevantes. Moldes de fundi\u00e7\u00e3o que n\u00e3o s\u00e3o comumente utilizados pela maioria dos fabricantes do mercado. Nosso escopo de produ\u00e7\u00e3o inclui principalmente v\u00e1lvulas borboleta flangeadas, v\u00e1lvulas borboleta wafer, v\u00e1lvulas borboleta lug e v\u00e1lvulas borboleta soldadas. A press\u00e3o nominal varia de PN1-100150LB.600LB e as especifica\u00e7\u00f5es variam de DN40-1400 a NPS2-60. Os padr\u00f5es envolvidos incluem padr\u00f5es nacionais, Minist\u00e9rio da Ind\u00fastria Qu\u00edmica, Minist\u00e9rio de M\u00e1quinas, bem como padr\u00f5es de exporta\u00e7\u00e3o, como padr\u00f5es americanos, padr\u00f5es alem\u00e3es, padr\u00f5es japoneses, padr\u00f5es russos e padr\u00f5es brit\u00e2nicos.<br \/>\nDe a\u00e7o fundido comum WCB, a\u00e7o inoxid\u00e1vel 304316304L, 316L, at\u00e9 a\u00e7o bif\u00e1sico 2205,2507, n\u00edquel alum\u00ednio azul C95800, material, Hastelloy e outros a\u00e7os especiais, nossa empresa produziu\u3002<\/p>","protected":false},"excerpt":{"rendered":"<p>STV Valve Technology Group Co., Ltd is a professional leader China C95800 butterfly valve,double eccentric butterfly valve\uff0cflanged butterfly valve,flanged butterfly valve,pneumatic butterfly valve,wafer butterfly valve,lug butterfly valve,triple offset butterfly valve,4 inch butterfly valve,6 inch butterfly valve,3 inch butterfly valve,8 inch butterfly valve,API 609 Lug Type Butterfly Valve\uff0c2 inch butterfly valve Manufacture with high quality and competitive price.<\/p>","protected":false},"featured_media":6919,"template":"","meta":[],"product_brand":[],"product_cat":[965,971],"product_tag":[1999,1998,1997],"class_list":{"0":"post-6916","1":"product","2":"type-product","3":"status-publish","4":"has-post-thumbnail","6":"product_cat-butterfly-valve","7":"product_cat-wafer-butterfly-valve","8":"product_tag-150lb-api-609-lug-type-butterfly-valve","9":"product_tag-16-inch-api-609-lug-type-butterfly-valve","10":"product_tag-api-609-lug-type-butterfly-valve","12":"first","13":"instock","14":"shipping-taxable","15":"product-type-simple"},"_links":{"self":[{"href":"https:\/\/www.stvvalves.com\/pt\/wp-json\/wp\/v2\/product\/6916","targetHints":{"allow":["GET"]}}],"collection":[{"href":"https:\/\/www.stvvalves.com\/pt\/wp-json\/wp\/v2\/product"}],"about":[{"href":"https:\/\/www.stvvalves.com\/pt\/wp-json\/wp\/v2\/types\/product"}],"wp:featuredmedia":[{"embeddable":true,"href":"https:\/\/www.stvvalves.com\/pt\/wp-json\/wp\/v2\/media\/6919"}],"wp:attachment":[{"href":"https:\/\/www.stvvalves.com\/pt\/wp-json\/wp\/v2\/media?parent=6916"}],"wp:term":[{"taxonomy":"product_brand","embeddable":true,"href":"https:\/\/www.stvvalves.com\/pt\/wp-json\/wp\/v2\/product_brand?post=6916"},{"taxonomy":"product_cat","embeddable":true,"href":"https:\/\/www.stvvalves.com\/pt\/wp-json\/wp\/v2\/product_cat?post=6916"},{"taxonomy":"product_tag","embeddable":true,"href":"https:\/\/www.stvvalves.com\/pt\/wp-json\/wp\/v2\/product_tag?post=6916"}],"curies":[{"name":"wp","href":"https:\/\/api.w.org\/{rel}","templated":true}]}}