{"id":6967,"date":"2023-11-02T11:10:22","date_gmt":"2023-11-02T03:10:22","guid":{"rendered":"https:\/\/www.stvvalves.com\/?post_type=product&#038;p=6967"},"modified":"2025-02-17T17:54:03","modified_gmt":"2025-02-17T09:54:03","slug":"f53-swing-check-valve-pn100-api602-rf-end","status":"publish","type":"product","link":"https:\/\/www.stvvalves.com\/pt\/products\/f53-swing-check-valve-pn100-api602-rf-end\/","title":{"rendered":"V\u00e1lvula de reten\u00e7\u00e3o oscilante F53, PN100, API602, extremidade RF"},"content":{"rendered":"<h2>Descri\u00e7\u00e3o<\/h2>\n<p>V\u00e1lvula de reten\u00e7\u00e3o oscilante F53, PN100, API602, extremidade RF<br \/>\nProjeto: API 602<br \/>\nCorpo: F53<br \/>\nTamanho nominal: 1 polegada<br \/>\nClasse Nominal: PN100<br \/>\nConex\u00e3o final: RF<br \/>\nCara a Cara: Fabrica\u00e7\u00e3o<br \/>\nTeste e Inspe\u00e7\u00e3o: API 598<br \/>\nDi\u00e2metro nominal: 1\/4 polegada \u2013 4 polegada<br \/>\nTemperatura de projeto: -196\u00b0C \u2013 573\u00b0C<br \/>\nPress\u00e3o de projeto: Classe 150 LB \u2013 Classe 2500 LB<br \/>\nMaterial: A\u00e7o Carbono, A\u00e7o Inoxid\u00e1vel, Liga de A\u00e7o, Bronze<br \/>\nPadr\u00e3o de projeto: API 602, BS 5352<br \/>\nCara a Cara: Padr\u00e3o de Fabrica\u00e7\u00e3o, ASME B16.10<br \/>\nExtremidade da conex\u00e3o: NPT, SW, BW, flangeado<br \/>\nPadr\u00e3o de teste: API 598, ISO 5208<br \/>\nOpera\u00e7\u00e3o: X<br \/>\nAplica\u00e7\u00e3o: Central El\u00e9trica, Petr\u00f3leo, Engenharia Qu\u00edmica<\/p>\n<table>\n<tbody>\n<tr>\n<td width=\"200\"><strong><b>Nome do Produto<\/b><\/strong><\/td>\n<td width=\"481\">V\u00e1lvula de reten\u00e7\u00e3o de eleva\u00e7\u00e3o F904L, 800LB, 1 polegada, extremidade SW<\/td>\n<\/tr>\n<tr>\n<td width=\"200\">1. Materiais<\/td>\n<td width=\"481\">F904L<\/td>\n<\/tr>\n<tr>\n<td width=\"200\">2. Tamanho<\/td>\n<td width=\"481\">1\u201d<\/td>\n<\/tr>\n<tr>\n<td width=\"200\">4. Porto<\/td>\n<td width=\"481\">Porta Redutora<\/td>\n<\/tr>\n<tr>\n<td width=\"200\">5. Press\u00e3o de Trabalho<\/td>\n<td width=\"481\">800 libras<\/td>\n<\/tr>\n<tr>\n<td width=\"200\">6. Fim da conex\u00e3o<\/td>\n<td width=\"481\">Fim SW<\/td>\n<\/tr>\n<tr>\n<td width=\"200\">7. Temperatura de trabalho.<\/td>\n<td width=\"481\">-29~300\u00baC,<\/td>\n<\/tr>\n<tr>\n<td width=\"200\">8. Meio Adequado<\/td>\n<td width=\"481\">\u00c1gua, G\u00e1s Natural, Petr\u00f3leo e algum l\u00edquido corrosivo<\/td>\n<\/tr>\n<tr>\n<td width=\"200\">9. Operado<\/td>\n<td width=\"481\">X<\/td>\n<\/tr>\n<tr>\n<td width=\"200\">10. Inspe\u00e7\u00e3o e Teste<\/td>\n<td width=\"481\">De acordo comAPI 598<\/td>\n<\/tr>\n<tr>\n<td width=\"200\"><strong><b>envio<\/b><\/strong><\/td>\n<td width=\"481\"><\/td>\n<\/tr>\n<tr>\n<td width=\"200\">Prazo de entrega<\/td>\n<td width=\"481\">30 dias<\/td>\n<\/tr>\n<tr>\n<td width=\"200\">Pacote<\/td>\n<td width=\"481\">Caixa de madeira compensada de exporta\u00e7\u00e3o padr\u00e3o<\/td>\n<\/tr>\n<tr>\n<td width=\"200\">Porto de embarque<\/td>\n<td width=\"481\">Ningbo\/Xangai, China<\/td>\n<\/tr>\n<tr>\n<td width=\"200\">Termos de envio<\/td>\n<td width=\"481\">Exw, FOB, CFR, CIF, etc.<\/td>\n<\/tr>\n<tr>\n<td width=\"200\">Termos de pagamento<\/td>\n<td width=\"481\">T\/T, Western Union, PayPal, etc.<\/td>\n<\/tr>\n<tr>\n<td width=\"200\"><\/td>\n<td width=\"481\">Pr\u00e9-pagamento 30%, saldo 70% pago antes do envio<\/td>\n<\/tr>\n<tr>\n<td width=\"200\">Pa\u00eds de origem<\/td>\n<td width=\"481\">Cidade de Wenzhou, China<\/td>\n<\/tr>\n<tr>\n<td width=\"200\">Capacidade de produ\u00e7\u00e3o<\/td>\n<td width=\"481\">6.000 toneladas\/ano<\/td>\n<\/tr>\n<tr>\n<td width=\"200\">Quantidade m\u00ednima<\/td>\n<td width=\"481\">10 unidades\/tamanho<\/td>\n<\/tr>\n<\/tbody>\n<\/table>","protected":false},"excerpt":{"rendered":"<p>STV Valve Technology Group Co., Ltd \u00e9 um l\u00edder profissional China V\u00e1lvula de reten\u00e7\u00e3o oscilante A182 F53, Fornecedor de v\u00e1lvula de reten\u00e7\u00e3o de eleva\u00e7\u00e3o A182 F53 na China, V\u00e1lvula de reten\u00e7\u00e3o oscilante F53 de 1 polegada, V\u00e1lvula de reten\u00e7\u00e3o oscilante API 602 F53, V\u00e1lvula de reten\u00e7\u00e3o oscilante PN100 F53, Tampa de parafuso V\u00e1lvula de reten\u00e7\u00e3o oscilante F53Fabricante com alta qualidade e pre\u00e7o competitivo.<\/p>","protected":false},"featured_media":6968,"template":"","meta":[],"product_brand":[],"product_cat":[46,66],"product_tag":[2019,2018,2020,2022,2017,2021],"class_list":{"0":"post-6967","1":"product","2":"type-product","3":"status-publish","4":"has-post-thumbnail","6":"product_cat-check-valves","7":"product_cat-swing-check-valve","8":"product_tag-1-inch-f53-swing-check-valve","9":"product_tag-a182-f53-lift-check-valve-supplier-in-china","10":"product_tag-api-602-f53-swing-check-valve","11":"product_tag-bolt-bonnet-f53-swing-check-valvemanufacturer","12":"product_tag-china-a182-f53-swing-check-valve","13":"product_tag-pn100-f53-swing-check-valve","15":"first","16":"instock","17":"shipping-taxable","18":"product-type-simple"},"_links":{"self":[{"href":"https:\/\/www.stvvalves.com\/pt\/wp-json\/wp\/v2\/product\/6967","targetHints":{"allow":["GET"]}}],"collection":[{"href":"https:\/\/www.stvvalves.com\/pt\/wp-json\/wp\/v2\/product"}],"about":[{"href":"https:\/\/www.stvvalves.com\/pt\/wp-json\/wp\/v2\/types\/product"}],"wp:featuredmedia":[{"embeddable":true,"href":"https:\/\/www.stvvalves.com\/pt\/wp-json\/wp\/v2\/media\/6968"}],"wp:attachment":[{"href":"https:\/\/www.stvvalves.com\/pt\/wp-json\/wp\/v2\/media?parent=6967"}],"wp:term":[{"taxonomy":"product_brand","embeddable":true,"href":"https:\/\/www.stvvalves.com\/pt\/wp-json\/wp\/v2\/product_brand?post=6967"},{"taxonomy":"product_cat","embeddable":true,"href":"https:\/\/www.stvvalves.com\/pt\/wp-json\/wp\/v2\/product_cat?post=6967"},{"taxonomy":"product_tag","embeddable":true,"href":"https:\/\/www.stvvalves.com\/pt\/wp-json\/wp\/v2\/product_tag?post=6967"}],"curies":[{"name":"wp","href":"https:\/\/api.w.org\/{rel}","templated":true}]}}