{"id":6971,"date":"2023-11-02T12:54:07","date_gmt":"2023-11-02T04:54:07","guid":{"rendered":"https:\/\/www.stvvalves.com\/?post_type=product&#038;p=6971"},"modified":"2023-11-02T12:54:09","modified_gmt":"2023-11-02T04:54:09","slug":"c95800-bronze-swing-check-valve-12-inch-150lb-flange-end","status":"publish","type":"product","link":"https:\/\/www.stvvalves.com\/pt\/products\/c95800-bronze-swing-check-valve-12-inch-150lb-flange-end\/","title":{"rendered":"V\u00e1lvula de reten\u00e7\u00e3o oscilante de bronze C95800, 12 polegadas, 150LB, extremidade do flange"},"content":{"rendered":"<p><strong>V\u00e1lvula de reten\u00e7\u00e3o oscilante com extremidades flangeadas de bronze C95800\u00a0<\/strong><\/p>\n<p><strong>V\u00e1lvulas de reten\u00e7\u00e3o oscilantes<\/strong>\u00a0s\u00e3o v\u00e1lvulas unidirecionais que evitam o refluxo do meio. Outros termos usados para essas v\u00e1lvulas s\u00e3o v\u00e1lvula de reten\u00e7\u00e3o ou v\u00e1lvula de reten\u00e7\u00e3o unidirecional. As v\u00e1lvulas de reten\u00e7\u00e3o funcionam automaticamente, portanto n\u00e3o h\u00e1 necessidade de roda ou atuador. Considere uma v\u00e1lvula de reten\u00e7\u00e3o quando houver danos iminentes devido ao refluxo ou para evitar contamina\u00e7\u00e3o. Dito isto, deve haver a orienta\u00e7\u00e3o correta da entrada e sa\u00edda isoladas para garantir que as v\u00e1lvulas de reten\u00e7\u00e3o estejam funcionando corretamente.<\/p>\n<p><b>DETALHES DO PRODUTO<\/b><br \/>\nV\u00e1lvula anti-retorno totalmente aberta<\/p>\n<p>\u00e9 uma v\u00e1lvula autom\u00e1tica quando \u00e9 aberta ou fechada automaticamente pela for\u00e7a gerada pelo meio que flui dentro da tubula\u00e7\u00e3o.<br \/>\nSua principal fun\u00e7\u00e3o \u00e9 evitar o refluxo do meio na tubula\u00e7\u00e3o,<br \/>\nrota\u00e7\u00e3o reversa da bomba e seu motor de acionamento e descarga do meio no recipiente.<\/p>\n<p><strong>Faixa<\/strong><br \/>\nTamanho: 2&#039;~48\u201d DN50-DN1200<br \/>\nClassifica\u00e7\u00e3o de press\u00e3o: 150LB ~ 1500LB<br \/>\nMaterial: C95800,C95400,C83600<br \/>\nTemperatura adequada: -196\u00baC~450\u00baC(Temperatura diferente escolha materiais diferentes)<br \/>\nMeio Adequado: \u00c1gua, Petr\u00f3leo e g\u00e1s natural e outros meios de causticidade (mat\u00e9rias-primas diferentes para meios diferentes)<\/p>\n<p><strong>Padr\u00f5es<\/strong><br \/>\nPadr\u00e3o de design e fabrica\u00e7\u00e3o: API 6D, BS 1868<br \/>\nPadr\u00e3o de press\u00e3o e temperatura: ASME B16.34<br \/>\nPadr\u00e3o de dimens\u00e3o face a face: ASME B16.10<br \/>\nPadr\u00e3o de flange: ASME B16.5, ASME B16.47<br \/>\nTeste e Inspecione: API 598<\/p>\n<p><strong>Caracter\u00edsticas<\/strong><br \/>\nDisco tipo swing;<br \/>\nEstrutura de produto compacta e razo\u00e1vel;<br \/>\nN\u00e3o h\u00e1 necessidade de interven\u00e7\u00e3o humana;<br \/>\nEfetivamente evita o refluxo;<br \/>\nPode ser usado como sistema de backup;<br \/>\nEstanqueidade confi\u00e1vel e bom desempenho;<br \/>\nFechamento r\u00e1pido e a\u00e7\u00f5es flex\u00edveis do disco da v\u00e1lvula;<br \/>\nPode ser projetado com Cilindro Amortizador;<br \/>\nPassagem suave de fluidos e pequena resist\u00eancia a fluidos;<br \/>\nPequeno impacto de fechamento, o golpe de ar\u00edete n\u00e3o \u00e9 suscet\u00edvel de ser gerado.<\/p>","protected":false},"excerpt":{"rendered":"<p>V\u00e1lvula de reten\u00e7\u00e3o oscilante de bronze C95800, 12 polegadas, 150LB, extremidade de flange STV Valve Technology Group Co., Ltd \u00e9 um l\u00edder profissional China V\u00e1lvula de reten\u00e7\u00e3o oscilante de bronze ASTM C95800, v\u00e1lvula de reten\u00e7\u00e3o oscilante BS1868 C95800, v\u00e1lvula de reten\u00e7\u00e3o oscilante C95800 de 12 polegadas, oscila\u00e7\u00e3o 150 LB C95800 V\u00e1lvula de reten\u00e7\u00e3o, fabricante de v\u00e1lvula de reten\u00e7\u00e3o girat\u00f3ria RF C95800 com alta qualidade e pre\u00e7o competitivo.<\/p>","protected":false},"featured_media":6972,"template":"","meta":[],"product_brand":[],"product_cat":[46,67],"product_tag":[2029,2030,2028,2027,2031],"class_list":{"0":"post-6971","1":"product","2":"type-product","3":"status-publish","4":"has-post-thumbnail","6":"product_cat-check-valves","7":"product_cat-stainless-steel-check-valve","8":"product_tag-12-inch-c95800-swing-check-valve","9":"product_tag-150-lb-c95800-swing-check-valve","10":"product_tag-bs1868-c95800-swing-check-valve","11":"product_tag-china-astm-c95800-bronze-swing-check-valve","12":"product_tag-rf-c95800-swing-check-valve-manufacturer","14":"first","15":"instock","16":"shipping-taxable","17":"product-type-simple"},"_links":{"self":[{"href":"https:\/\/www.stvvalves.com\/pt\/wp-json\/wp\/v2\/product\/6971","targetHints":{"allow":["GET"]}}],"collection":[{"href":"https:\/\/www.stvvalves.com\/pt\/wp-json\/wp\/v2\/product"}],"about":[{"href":"https:\/\/www.stvvalves.com\/pt\/wp-json\/wp\/v2\/types\/product"}],"wp:featuredmedia":[{"embeddable":true,"href":"https:\/\/www.stvvalves.com\/pt\/wp-json\/wp\/v2\/media\/6972"}],"wp:attachment":[{"href":"https:\/\/www.stvvalves.com\/pt\/wp-json\/wp\/v2\/media?parent=6971"}],"wp:term":[{"taxonomy":"product_brand","embeddable":true,"href":"https:\/\/www.stvvalves.com\/pt\/wp-json\/wp\/v2\/product_brand?post=6971"},{"taxonomy":"product_cat","embeddable":true,"href":"https:\/\/www.stvvalves.com\/pt\/wp-json\/wp\/v2\/product_cat?post=6971"},{"taxonomy":"product_tag","embeddable":true,"href":"https:\/\/www.stvvalves.com\/pt\/wp-json\/wp\/v2\/product_tag?post=6971"}],"curies":[{"name":"wp","href":"https:\/\/api.w.org\/{rel}","templated":true}]}}