{"id":6973,"date":"2023-11-02T13:21:45","date_gmt":"2023-11-02T05:21:45","guid":{"rendered":"https:\/\/www.stvvalves.com\/?post_type=product&#038;p=6973"},"modified":"2023-11-02T13:21:46","modified_gmt":"2023-11-02T05:21:46","slug":"flange-dual-plate-swing-check-valve-4a-150lb-rf-end","status":"publish","type":"product","link":"https:\/\/www.stvvalves.com\/pt\/products\/flange-dual-plate-swing-check-valve-4a-150lb-rf-end\/","title":{"rendered":"V\u00e1lvula de reten\u00e7\u00e3o oscilante de placa dupla flangeada, 4A, 150LB, extremidade RF"},"content":{"rendered":"<div class=\"rich-text-table\">\n<table>\n<tbody>\n<tr>\n<td>Nome<\/td>\n<td>V\u00e1lvula de reten\u00e7\u00e3o oscilante de placa dupla flangeada<\/td>\n<\/tr>\n<tr>\n<td>Estrutura<\/td>\n<td>V\u00e1lvula de reten\u00e7\u00e3o de giro de disco duplo tipo flange<\/td>\n<\/tr>\n<tr>\n<td>Tamanho<\/td>\n<td>2\u2033~48\u2033; DN50~DN1200<\/td>\n<\/tr>\n<tr>\n<td>Press\u00e3o normal<\/td>\n<td>Classe 150~2500; PN10~PN420<\/td>\n<\/tr>\n<tr>\n<td>Padr\u00e3o de projeto<\/td>\n<td>API594,API 6D,ASME B16.34,GB\/T8937<\/td>\n<\/tr>\n<tr>\n<td>Marcado<\/td>\n<td>MSS SP-25<\/td>\n<\/tr>\n<tr>\n<td>Flange final<\/td>\n<td>ANSI B 16.5, ASME B16.47; EN1092, DIN2543~DIN2547<\/td>\n<\/tr>\n<tr>\n<td>Cara a cara<\/td>\n<td>API594,DIN3202,GB\/T8937<\/td>\n<\/tr>\n<tr>\n<td>Padr\u00e3o de teste<\/td>\n<td>API598, API 6D; DIN3230, EN12266, ISO 5208<\/td>\n<\/tr>\n<tr>\n<td>Temperatura adequada<\/td>\n<td>-29~425\u00b0C<\/td>\n<\/tr>\n<tr>\n<td>M\u00e9dio<\/td>\n<td>\u00c1gua doce, esgoto, \u00e1gua do mar, ar, vapor, alimentos, medicamentos, \u00f3leos, \u00e1lcalis, sal etc.<\/td>\n<\/tr>\n<tr>\n<td>Ambiente \u00e1cido<\/td>\n<td>NACEMR0175<\/td>\n<\/tr>\n<\/tbody>\n<\/table>\n<\/div>\n<p><b><i>Estrutura<\/i><\/b><\/p>\n<div class=\"rich-text-table\">\n<table>\n<tbody>\n<tr>\n<td>\u2013 Placa Dupla<\/td>\n<\/tr>\n<tr>\n<td>\u00a0-Com Primavera<\/td>\n<\/tr>\n<tr>\n<td>\u2013 Redondo, Full Lug ou Flange Duplo<\/td>\n<\/tr>\n<tr>\n<td>\u00a0-Classifica\u00e7\u00f5es de press\u00e3o-temperatura: ASME B16.34;DIN2401<\/td>\n<\/tr>\n<tr>\n<td>\u2013 Assento macio ou met\u00e1lico<\/td>\n<\/tr>\n<tr>\n<td>\u2013 Design com retentor ou sem retentor<\/td>\n<\/tr>\n<tr>\n<td>\u2013 Extremidades de wafer adequadas para extremidades flangeadas (ASME B16.5 e B16.47 A\/B)<\/td>\n<\/tr>\n<tr>\n<td>\u2013 Projeto:API594,API 6D,ASME B16.34,GB\/T8937<\/td>\n<\/tr>\n<tr>\n<td>\u2013 Extremidades flangeadas conforme ASME B16.5;DIN2543~DIN2547;EN1092<\/td>\n<\/tr>\n<tr>\n<td>\u2013 A\u00e7o Carbono Fundido ou Forjado, A\u00e7o Inoxid\u00e1vel, A\u00e7o Duplex<\/td>\n<\/tr>\n<\/tbody>\n<\/table>\n<\/div>\n<p><b><i>Parte Principal e Materiais<\/i><\/b><\/p>\n<div class=\"rich-text-table\">\n<table>\n<tbody>\n<tr>\n<td>Nomes das pe\u00e7as<\/td>\n<td colspan=\"11\">Materiais de pe\u00e7as<\/td>\n<\/tr>\n<tr>\n<td>Corpo<\/td>\n<td>WCB\/A105<\/td>\n<td>LCB\/LF2<\/td>\n<td>WC6\/F11<\/td>\n<td>CF8\/F304<\/td>\n<td colspan=\"2\">CF8M\/F316L<\/td>\n<td colspan=\"2\">CF3\/F304L<\/td>\n<td colspan=\"2\">CF3M\/F316L<\/td>\n<td>CE8MN\/CD4McN<\/td>\n<\/tr>\n<tr>\n<td>Disco<\/td>\n<td>WCB\/A105<\/td>\n<td>LCB\/LF2<\/td>\n<td>WC6\/F11<\/td>\n<td>CF8\/F304<\/td>\n<td colspan=\"2\">CF8M\/F316L<\/td>\n<td colspan=\"2\">CF3\/F304L<\/td>\n<td colspan=\"2\">CF3M\/F316L<\/td>\n<td>CE8MN\/CD4McN<\/td>\n<\/tr>\n<tr>\n<td>Bra\u00e7o<\/td>\n<td>WCB\/A105<\/td>\n<td>LCB\/LF2<\/td>\n<td>WC6\/F11<\/td>\n<td>CF8\/F304<\/td>\n<td colspan=\"2\">CF8M\/F316L<\/td>\n<td colspan=\"2\">CF3\/F304L<\/td>\n<td colspan=\"2\">CF3M\/F316L<\/td>\n<td>CE8MN\/CD4McN<\/td>\n<\/tr>\n<tr>\n<td>Pino de bra\u00e7o<\/td>\n<td>A182 6a<\/td>\n<td>A182 304<\/td>\n<td>A182 304<\/td>\n<td>A182 304<\/td>\n<td colspan=\"2\">A182 316<\/td>\n<td colspan=\"2\">A182 304L<\/td>\n<td colspan=\"2\">A182 316L<\/td>\n<td>A182 F53\/F51<\/td>\n<\/tr>\n<tr>\n<td rowspan=\"2\">Assento\/Anel do Assento<\/td>\n<td>STL<\/td>\n<td>SS304<\/td>\n<td>13%Cr<\/td>\n<td>SS304<\/td>\n<td colspan=\"2\">SS316<\/td>\n<td colspan=\"2\">SS304L<\/td>\n<td colspan=\"2\">SS316L<\/td>\n<td>A182 F53\/F51<\/td>\n<\/tr>\n<tr>\n<td colspan=\"11\">Ou NBR, EPDM, PTFE<\/td>\n<\/tr>\n<tr>\n<td>Meio Adequado<\/td>\n<td colspan=\"3\">WOG etc.<\/td>\n<td colspan=\"6\">HNO3, CH3OOH etc.<\/td>\n<td colspan=\"2\">Ur\u00e9ia etc.<\/td>\n<\/tr>\n<tr>\n<td>Temperatura adequada<\/td>\n<td>-29~425 \u00b0C<\/td>\n<td>-46~340\u00b0C<\/td>\n<td>-29~538\u00b0C<\/td>\n<td>-196~427\u00b0C<\/td>\n<td>-196~427\u00b0C<\/td>\n<td colspan=\"2\">-196~427\u00b0C<\/td>\n<td colspan=\"2\">-196~427\u00b0C<\/td>\n<td colspan=\"2\">-29~315\u00b0C<\/td>\n<\/tr>\n<\/tbody>\n<\/table>\n<\/div>","protected":false},"excerpt":{"rendered":"<p>STV Valve Technology Group Co., Ltd \u00e9 um l\u00edder profissional China V\u00e1lvula de reten\u00e7\u00e3o de oscila\u00e7\u00e3o de placa dupla de flange, v\u00e1lvula de reten\u00e7\u00e3o com mola, V\u00e1lvula de reten\u00e7\u00e3o de wafer, V\u00e1lvula de reten\u00e7\u00e3o de oscila\u00e7\u00e3o de wafer, fabricante de v\u00e1lvula de reten\u00e7\u00e3o de a\u00e7o inoxid\u00e1vel, V\u00e1lvula de reten\u00e7\u00e3o de oscila\u00e7\u00e3o de placa dupla de flange 4A, Flange de 150LB V\u00e1lvula de reten\u00e7\u00e3o oscilante de placa dupla com alta qualidade e pre\u00e7o competitivo.<\/p>","protected":false},"featured_media":6974,"template":"","meta":[],"product_brand":[],"product_cat":[46,84],"product_tag":[2035,2034,2032,227,2033,225,228],"class_list":{"0":"post-6973","1":"product","2":"type-product","3":"status-publish","4":"has-post-thumbnail","6":"product_cat-check-valves","7":"product_cat-wafer-check-valve","8":"product_tag-150lb-flange-dual-plate-swing-check-valve","9":"product_tag-4a-flange-dual-plate-swing-check-valve","10":"product_tag-china-flange-dual-plate-swing-check-valve","11":"product_tag-spring-loaded-check-valve","12":"product_tag-stainless-steel-check-valve-manufacturer","13":"product_tag-wafer-check-valve","14":"product_tag-wafer-swing-check-valve","16":"first","17":"instock","18":"shipping-taxable","19":"product-type-simple"},"_links":{"self":[{"href":"https:\/\/www.stvvalves.com\/pt\/wp-json\/wp\/v2\/product\/6973","targetHints":{"allow":["GET"]}}],"collection":[{"href":"https:\/\/www.stvvalves.com\/pt\/wp-json\/wp\/v2\/product"}],"about":[{"href":"https:\/\/www.stvvalves.com\/pt\/wp-json\/wp\/v2\/types\/product"}],"wp:featuredmedia":[{"embeddable":true,"href":"https:\/\/www.stvvalves.com\/pt\/wp-json\/wp\/v2\/media\/6974"}],"wp:attachment":[{"href":"https:\/\/www.stvvalves.com\/pt\/wp-json\/wp\/v2\/media?parent=6973"}],"wp:term":[{"taxonomy":"product_brand","embeddable":true,"href":"https:\/\/www.stvvalves.com\/pt\/wp-json\/wp\/v2\/product_brand?post=6973"},{"taxonomy":"product_cat","embeddable":true,"href":"https:\/\/www.stvvalves.com\/pt\/wp-json\/wp\/v2\/product_cat?post=6973"},{"taxonomy":"product_tag","embeddable":true,"href":"https:\/\/www.stvvalves.com\/pt\/wp-json\/wp\/v2\/product_tag?post=6973"}],"curies":[{"name":"wp","href":"https:\/\/api.w.org\/{rel}","templated":true}]}}