{"id":6976,"date":"2023-11-02T13:51:05","date_gmt":"2023-11-02T05:51:05","guid":{"rendered":"https:\/\/www.stvvalves.com\/?post_type=product&#038;p=6976"},"modified":"2023-11-02T13:51:06","modified_gmt":"2023-11-02T05:51:06","slug":"2500lb-axial-flow-check-valve-10-inch-wcb-body-flange-end","status":"publish","type":"product","link":"https:\/\/www.stvvalves.com\/pt\/products\/2500lb-axial-flow-check-valve-10-inch-wcb-body-flange-end\/","title":{"rendered":"V\u00e1lvula de reten\u00e7\u00e3o de fluxo axial de 2500LB, 10 polegadas, corpo WCB, extremidade do flange"},"content":{"rendered":"<p><b><strong>V\u00e1lvula de reten\u00e7\u00e3o de fluxo axial 2500LB\u00a0<\/strong><\/b><\/p>\n<p>Caracter\u00edsticas do produto<\/p>\n<p>Para API594<br \/>\nCara a cara de acordo com ANSI B 16.10<br \/>\nDimens\u00e3o das extremidades do flange ANSI B 16.5\/ANSI B 16.47<\/p>\n<p>Testes finais de inspe\u00e7\u00e3o para API598.<\/p>\n<p>Materiais dispon\u00edveis em:<br \/>\nWCB, LCB, CF8, CF8M, CF3, CF3M, WC6, WC9, C5, C12 ou equivalente, dispon\u00edveis tamb\u00e9m em a\u00e7os de baixa temperatura, a\u00e7os de baixa liga, a\u00e7os inoxid\u00e1veis, a\u00e7os inoxid\u00e1veis tipo duplex e outros materiais ex\u00f3ticos; V\u00e1rios materiais de acabamento dispon\u00edveis para atender \u00e0s condi\u00e7\u00f5es de servi\u00e7o<\/p>\n<p>Prote\u00e7\u00e3o contra corros\u00e3o<br \/>\nRevestimento ep\u00f3xi interno e externo<\/p>\n<p>Temperatura aplic\u00e1vel:<br \/>\n-196-540 mat\u00e9rias-primas diferentes para diferentes temperaturas de trabalho<br \/>\nMeio aplic\u00e1vel: \u00c1gua, \u00f3leo, g\u00e1s e outros meios de causticidade (diferentes mat\u00e9rias-primas para diferentes meios)<\/p>","protected":false},"excerpt":{"rendered":"<p>STV Valve Technology Group Co., Ltd \u00e9 um l\u00edder profissional China V\u00e1lvula de reten\u00e7\u00e3o de fluxo axial de 2500LB, V\u00e1lvula de reten\u00e7\u00e3o de fluxo axial de 10 polegadas 2500LB, V\u00e1lvula de reten\u00e7\u00e3o de fluxo axial WCB 2500LB, Fabricante de v\u00e1lvula de reten\u00e7\u00e3o de fluxo axial de extremidade de flange 2500LB com alta qualidade e pre\u00e7o competitivo.<\/p>","protected":false},"featured_media":6977,"template":"","meta":[],"product_brand":[],"product_cat":[46,84],"product_tag":[2037,2036,2039,2038],"class_list":{"0":"post-6976","1":"product","2":"type-product","3":"status-publish","4":"has-post-thumbnail","6":"product_cat-check-valves","7":"product_cat-wafer-check-valve","8":"product_tag-10-inch-2500lb-axial-flow-check-valve","9":"product_tag-china-2500lb-axial-flow-check-valve","10":"product_tag-flange-end-2500lb-axial-flow-check-valve-manufacturer","11":"product_tag-wcb-2500lb-axial-flow-check-valve","13":"first","14":"instock","15":"shipping-taxable","16":"product-type-simple"},"_links":{"self":[{"href":"https:\/\/www.stvvalves.com\/pt\/wp-json\/wp\/v2\/product\/6976","targetHints":{"allow":["GET"]}}],"collection":[{"href":"https:\/\/www.stvvalves.com\/pt\/wp-json\/wp\/v2\/product"}],"about":[{"href":"https:\/\/www.stvvalves.com\/pt\/wp-json\/wp\/v2\/types\/product"}],"wp:featuredmedia":[{"embeddable":true,"href":"https:\/\/www.stvvalves.com\/pt\/wp-json\/wp\/v2\/media\/6977"}],"wp:attachment":[{"href":"https:\/\/www.stvvalves.com\/pt\/wp-json\/wp\/v2\/media?parent=6976"}],"wp:term":[{"taxonomy":"product_brand","embeddable":true,"href":"https:\/\/www.stvvalves.com\/pt\/wp-json\/wp\/v2\/product_brand?post=6976"},{"taxonomy":"product_cat","embeddable":true,"href":"https:\/\/www.stvvalves.com\/pt\/wp-json\/wp\/v2\/product_cat?post=6976"},{"taxonomy":"product_tag","embeddable":true,"href":"https:\/\/www.stvvalves.com\/pt\/wp-json\/wp\/v2\/product_tag?post=6976"}],"curies":[{"name":"wp","href":"https:\/\/api.w.org\/{rel}","templated":true}]}}