{"id":6978,"date":"2023-11-03T15:24:07","date_gmt":"2023-11-03T07:24:07","guid":{"rendered":"https:\/\/www.stvvalves.com\/?post_type=product&#038;p=6978"},"modified":"2023-11-03T15:24:09","modified_gmt":"2023-11-03T07:24:09","slug":"rising-stem-knife-gate-valve-150lb-wcb-body-lugged-type","status":"publish","type":"product","link":"https:\/\/www.stvvalves.com\/pt\/products\/rising-stem-knife-gate-valve-150lb-wcb-body-lugged-type\/","title":{"rendered":"V\u00e1lvula guilhotina de haste ascendente, 150LB, corpo WCB, tipo lugged"},"content":{"rendered":"<p><strong>V\u00e1lvula guilhotina unidirecional com haste ascendente manual<\/strong><\/p>\n<p>A v\u00e1lvula de guilhotina com haste ascendente \u00e9 uma v\u00e1lvula de guilhotina selada unidirecional, que pode substituir o anel de veda\u00e7\u00e3o de borracha. O princ\u00edpio de veda\u00e7\u00e3o consiste principalmente em obter o efeito de veda\u00e7\u00e3o pela conex\u00e3o estreita entre a comporta e o anel de veda\u00e7\u00e3o de borracha. Esta s\u00e9rie de v\u00e1lvula guilhotina \u00e9 um tipo de produto econ\u00f4mico e eficaz de alto desempenho, que pode ser equipado com atuador pneum\u00e1tico para atender a diferentes requisitos industriais e de minera\u00e7\u00e3o.<\/p>\n<p><strong>Tamanhos<\/strong>: DN50-1600<\/p>\n<p><strong>Corpo<\/strong>:DI, WCB, CF8, CF8M, CF3, CF3M<\/p>\n<p><strong>Disco<\/strong>:SS304,SS316,SS316L,SS310,2205,F53,F55<\/p>\n<p><strong>Assento<\/strong>:EPDM,NBR,PTFE,Viton,Metal<\/p>\n<p><strong>Embalagem<\/strong>:PTFE, borracha, grafite, fibra de aramida, embalagem com alto teor de \u00e1gua<\/p>\n<p><strong>Opera\u00e7\u00e3o<\/strong>: volante, engrenagem c\u00f4nica, el\u00e9trico, pneum\u00e1tico, hidr\u00e1ulico, eletro-hidr\u00e1ulico, alavanca, roda dentada<\/p>\n<p><strong>Press\u00e3o no trabalho<\/strong>:<\/p>\n<p>DN 50 \u2013 DN 250 10 kg<\/p>\n<p>DN 300 \u2013 DN 400 6 kg<\/p>\n<p>DN 450 5kg<\/p>\n<p>DN 500 \u2013 DN 600 4 kg<\/p>\n<p>DN 700 \u2013 DN 1200 2 kg<\/p>\n<p><strong>Conex\u00e3o de flange<\/strong>:<\/p>\n<p>PN10\u3001PN16\u3001ANSI B16.5 Classe 150,\u3001BS \u201cD\u201d e \u201cE\u201d<\/p>","protected":false},"excerpt":{"rendered":"<p>STV Valve Technology Group Co., Ltd \u00e9 um l\u00edder profissional China Wafer Knife Gate Valve, faca wafer 150LB<\/p>\n<p>v\u00e1lvula de gaveta, v\u00e1lvula de guilhotina WCB, v\u00e1lvula de guilhotina pneum\u00e1tica, v\u00e1lvula de guilhotina el\u00e9trica, v\u00e1lvula de guilhotina manual e bisel<\/p>\n<p>v\u00e1lvula guilhotina de engrenagem. V\u00e1lvula de guilhotina de haste ascendente, v\u00e1lvula de guilhotina de haste ascendente de 150LB, v\u00e1lvula de guilhotina de haste ascendente do corpo WCB, v\u00e1lvula de guilhotina de haste ascendente tipo lugged.<\/p>","protected":false},"featured_media":6980,"template":"","meta":[],"product_brand":[],"product_cat":[44,62],"product_tag":[2040,2042,2043,2041],"class_list":{"0":"post-6978","1":"product","2":"type-product","3":"status-publish","4":"has-post-thumbnail","6":"product_cat-gate-valve","7":"product_cat-knife-gate-valve","8":"product_tag-150lb-rising-stem-knife-gate-valve","9":"product_tag-lugged-knife-gate-valve","10":"product_tag-rising-stem-knife-gate-valve","11":"product_tag-wcb-rising-stem-knife-gate-valve","13":"first","14":"instock","15":"shipping-taxable","16":"product-type-simple"},"_links":{"self":[{"href":"https:\/\/www.stvvalves.com\/pt\/wp-json\/wp\/v2\/product\/6978","targetHints":{"allow":["GET"]}}],"collection":[{"href":"https:\/\/www.stvvalves.com\/pt\/wp-json\/wp\/v2\/product"}],"about":[{"href":"https:\/\/www.stvvalves.com\/pt\/wp-json\/wp\/v2\/types\/product"}],"wp:featuredmedia":[{"embeddable":true,"href":"https:\/\/www.stvvalves.com\/pt\/wp-json\/wp\/v2\/media\/6980"}],"wp:attachment":[{"href":"https:\/\/www.stvvalves.com\/pt\/wp-json\/wp\/v2\/media?parent=6978"}],"wp:term":[{"taxonomy":"product_brand","embeddable":true,"href":"https:\/\/www.stvvalves.com\/pt\/wp-json\/wp\/v2\/product_brand?post=6978"},{"taxonomy":"product_cat","embeddable":true,"href":"https:\/\/www.stvvalves.com\/pt\/wp-json\/wp\/v2\/product_cat?post=6978"},{"taxonomy":"product_tag","embeddable":true,"href":"https:\/\/www.stvvalves.com\/pt\/wp-json\/wp\/v2\/product_tag?post=6978"}],"curies":[{"name":"wp","href":"https:\/\/api.w.org\/{rel}","templated":true}]}}