{"id":6981,"date":"2023-11-03T15:36:35","date_gmt":"2023-11-03T07:36:35","guid":{"rendered":"https:\/\/www.stvvalves.com\/?post_type=product&#038;p=6981"},"modified":"2025-05-20T20:40:47","modified_gmt":"2025-05-20T12:40:47","slug":"through-conduit-knife-gate-valve-di-body-150lb-20-inch","status":"publish","type":"product","link":"https:\/\/www.stvvalves.com\/pt\/products\/through-conduit-knife-gate-valve-di-body-150lb-20-inch\/","title":{"rendered":"Atrav\u00e9s da v\u00e1lvula gaveta de condu\u00edte, corpo DI, 150LB, 20 polegadas"},"content":{"rendered":"<p><b>Introdu\u00e7\u00e3o:<\/b><\/p>\n<p>&nbsp;<\/p>\n<p>A v\u00e1lvula guilhotina de condu\u00edte passante \u00e9 uma v\u00e1lvula guilhotina wafer bidirecional. Ele \u00e9 projetado principalmente para ambientes altamente<\/p>\n<p>meio de fluxo concentrado. Com uma placa de porta O, esta v\u00e1lvula fornece um desempenho de fechamento est\u00e1vel e seguro sem<\/p>\n<p>entupimento. Com design de assento duplo, ele pode lidar com fluxo em ambas as dire\u00e7\u00f5es.<\/p>\n<p>&nbsp;<\/p>\n<p><b>Caracter\u00edsticas:<\/b><\/p>\n<p><b>1. Corpo:<\/b><\/p>\n<p>a) O projeto de porta completa minimiza a queda de press\u00e3o e maximiza a capacidade de fluxo.<\/p>\n<p>b) A veda\u00e7\u00e3o na parte superior e inferior elimina vazamentos para o ambiente.<\/p>\n<p>&nbsp;<\/p>\n<p>&nbsp;<\/p>\n<p><b>2. Port\u00e3o:<\/b><\/p>\n<p>a) Embora o port\u00e3o com porta de sa\u00edda corte um disco de m\u00eddia para baixo ao fechar e devolva esta parte ao abrir.<\/p>\n<p>Isto evita o entupimento do meio na cavidade do corpo da v\u00e1lvula.<\/p>\n<p>b) A espessura da comporta pode ser aumentada para lidar com press\u00f5es de trabalho mais altas.<\/p>\n<p>c) A superf\u00edcie da porta \u00e9 bem polida em ambos os lados para uma veda\u00e7\u00e3o herm\u00e9tica e menos emperramento.\u00a0<b><\/b><\/p>\n<p>d) A comporta \u00e9 revestida com cromo duro para melhor resist\u00eancia \u00e0 abras\u00e3o.<\/p>\n<p><b>3. Assento:<\/b><\/p>\n<p>a) O assento com entrada lateral \u00e9 substitu\u00edvel, reduzindo o custo de manuten\u00e7\u00e3o.<\/p>\n<p>b) O retentor da sede cobre a lateral da sede e impede a lavagem direta do fluxo da sede.<\/p>\n<p>c) A sede pr\u00e9-carregada \u00e9 ajust\u00e1vel para atender diferentes classes de veda\u00e7\u00e3o e compensar o desgaste normal da sede.<b><\/b><\/p>\n<p>d) Com sedes em ambos os lados, a v\u00e1lvula pode suportar fluxo em ambas as dire\u00e7\u00f5es 100%.<\/p>\n<p><b>4. Outros:<\/b><\/p>\n<p>a) O rolamento axial duplo minimiza o torque operacional.<\/p>\n<table border=\"1\" width=\"812\">\n<tbody>\n<tr>\n<td>Faixa de tamanho:<\/td>\n<td>\u00a0DN50~600mm NPS 2\u201d-24\u201d \uff08Tamanho maior mediante solicita\u00e7\u00e3o\uff09<\/td>\n<\/tr>\n<tr>\n<td>\u00a0Imprensa m\u00e1xima de trabalho.:<\/td>\n<td>\u00a0DN50 ~ DN250: 10Bar NPS2 ~ NPS10: 150Psi<\/p>\n<p>DN300~DN450: 7Bar NPS12~NPS18:90Psi<\/p>\n<p>DN500~DN600: 4Bar NPS20~NPS24:60Psi<\/td>\n<\/tr>\n<tr>\n<td>\u00a0Temperatura. Faixa:<\/td>\n<td>\u00a0-29\u2026+800\u2103<\/td>\n<\/tr>\n<tr>\n<td>\u00a0Estanqueidade da veda\u00e7\u00e3o:<\/td>\n<td>\u00a0De acordo com MSS SP-81<\/td>\n<\/tr>\n<tr>\n<td>\u00a0Material do corpo:<\/td>\n<td>\u00a0A\u00e7o Carbono, A\u00e7o Inoxid\u00e1vel, Liga Especial<\/td>\n<\/tr>\n<tr>\n<td>\u00a0Material do port\u00e3o:<\/td>\n<td>\u00a0A\u00e7o inoxid\u00e1vel, liga especial<\/td>\n<\/tr>\n<tr>\n<td>\u00a0Material do assento:<\/td>\n<td>\u00a0A\u00e7o inoxid\u00e1vel+STL<\/p>\n<p>EPDM (120\u00b0C) \/Viton(200\u00b0C)\/PTFE(200\u00b0C) \/NBR(90\u00b0C)<\/td>\n<\/tr>\n<tr>\n<td>\u00a0Cara a cara:<\/td>\n<td>\u00a0MSSSP-81<\/td>\n<\/tr>\n<tr>\n<td>\u00a0Padr\u00e3o de flange:<\/td>\n<td>\u00a0GB\/T 9113.1, JB\/T 79.1, HG 20592, ASME B16.5, EN1092-1<\/td>\n<\/tr>\n<tr>\n<td>\u00a0Aplica\u00e7\u00e3o:<\/td>\n<td>\u00a0Celulose e Papel, Tratamento de \u00c1gua, Bebidas e Alimentos, Qu\u00edmica Fina, Usina El\u00e9trica, Ind\u00fastria Sider\u00fargica, etc.<\/td>\n<\/tr>\n<\/tbody>\n<\/table>","protected":false},"excerpt":{"rendered":"<p>STV Valve Technology Group Co., Ltd \u00e9 um l\u00edder profissional China atrav\u00e9s de v\u00e1lvula de guilhotina de condu\u00edte, 150LB atrav\u00e9s de v\u00e1lvula de guilhotina de condu\u00edte, WCB atrav\u00e9s de v\u00e1lvula de guilhotina de condu\u00edte, pneum\u00e1tica atrav\u00e9s de v\u00e1lvula de guilhotina de condu\u00edte, el\u00e9trica atrav\u00e9s de v\u00e1lvula de guilhotina de condu\u00edte, manual atrav\u00e9s de condu\u00edte V\u00e1lvula de guilhotina e engrenagem c\u00f4nica atrav\u00e9s da v\u00e1lvula de guilhotina de condu\u00edte.<\/p>","protected":false},"featured_media":6982,"template":"","meta":[],"product_brand":[],"product_cat":[44,62],"product_tag":[2045,2044,2048,2049,2047,2046],"class_list":{"0":"post-6981","1":"product","2":"type-product","3":"status-publish","4":"has-post-thumbnail","6":"product_cat-gate-valve","7":"product_cat-knife-gate-valve","8":"product_tag-150lb-through-conduit-knife-gate-valve","9":"product_tag-china-through-conduit-knife-gate-valve","10":"product_tag-electric-through-conduit-knife-gate-valve","11":"product_tag-manual-through-conduit-knife-gate-valve-and-bevel-gear-through-conduit-knife-gate-valve","12":"product_tag-pneumatic-through-conduit-knife-gate-valve","13":"product_tag-wcb-through-conduit-knife-gate-valve","15":"first","16":"instock","17":"shipping-taxable","18":"product-type-simple"},"_links":{"self":[{"href":"https:\/\/www.stvvalves.com\/pt\/wp-json\/wp\/v2\/product\/6981","targetHints":{"allow":["GET"]}}],"collection":[{"href":"https:\/\/www.stvvalves.com\/pt\/wp-json\/wp\/v2\/product"}],"about":[{"href":"https:\/\/www.stvvalves.com\/pt\/wp-json\/wp\/v2\/types\/product"}],"wp:featuredmedia":[{"embeddable":true,"href":"https:\/\/www.stvvalves.com\/pt\/wp-json\/wp\/v2\/media\/6982"}],"wp:attachment":[{"href":"https:\/\/www.stvvalves.com\/pt\/wp-json\/wp\/v2\/media?parent=6981"}],"wp:term":[{"taxonomy":"product_brand","embeddable":true,"href":"https:\/\/www.stvvalves.com\/pt\/wp-json\/wp\/v2\/product_brand?post=6981"},{"taxonomy":"product_cat","embeddable":true,"href":"https:\/\/www.stvvalves.com\/pt\/wp-json\/wp\/v2\/product_cat?post=6981"},{"taxonomy":"product_tag","embeddable":true,"href":"https:\/\/www.stvvalves.com\/pt\/wp-json\/wp\/v2\/product_tag?post=6981"}],"curies":[{"name":"wp","href":"https:\/\/api.w.org\/{rel}","templated":true}]}}