{"id":6983,"date":"2023-11-03T16:07:26","date_gmt":"2023-11-03T08:07:26","guid":{"rendered":"https:\/\/www.stvvalves.com\/?post_type=product&#038;p=6983"},"modified":"2023-11-03T16:07:27","modified_gmt":"2023-11-03T08:07:27","slug":"tilting-disc-check-valve-cf8m-body-150lb-4-inch","status":"publish","type":"product","link":"https:\/\/www.stvvalves.com\/pt\/products\/tilting-disc-check-valve-cf8m-body-150lb-4-inch\/","title":{"rendered":"V\u00e1lvula de reten\u00e7\u00e3o de disco inclin\u00e1vel, corpo CF8M, 150LB, 4 polegadas"},"content":{"rendered":"<p>A v\u00e1lvula de reten\u00e7\u00e3o de disco inclin\u00e1vel da superf\u00edcie de veda\u00e7\u00e3o \u00e9 recusada contra a sa\u00edda com um pequeno \u00e2ngulo de queda para reduzir a vibra\u00e7\u00e3o, enquanto h\u00e1 um dispositivo de amortecimento no corpo que pode amortecer pelo fluxo para evitar que a bomba gire para tr\u00e1s e press\u00e3o super alta do golpe de ar\u00edete.<br \/>\nA sele\u00e7\u00e3o de diferentes materiais pode ser aplicada ao meio que envolve \u00e1gua, vapor, \u00f3leos, \u00e1cido n\u00edtrico, acet\u00eddeo, meio oxidante forte e ur\u00e9ia, etc.<\/p>\n<p><strong>Caracter\u00edstica Estrutural<\/strong><\/p>\n<p>Fechamento do disco da v\u00e1lvula rapidamente, baixa press\u00e3o do golpe de ar\u00edete;<br \/>\nAplic\u00e1vel e facilmente instalado em tubula\u00e7\u00f5es verticais ou horizontais;<br \/>\nPassagem de fluxo suave e pequena resist\u00eancia a fluidos;<br \/>\nA\u00e7\u00e3o flex\u00edvel e bom desempenho de veda\u00e7\u00e3o;<br \/>\nCurso estreito da v\u00e1lvula e pequeno impacto de fechamento;<br \/>\nEstrutura integrada, simples e compacta, de formato bonito;<br \/>\nLonga vida \u00fatil e boa confiabilidade.<br \/>\nEstrutura offset, com comprimento face a face ideal que reduz a resist\u00eancia ao fluxo e elimina picos de press\u00e3o. Para ser usada para prote\u00e7\u00e3o contra refluxo m\u00e9dio.<\/p>\n<p><strong>Especifica\u00e7\u00e3o do par\u00e2metro principal<\/strong><\/p>\n<p>Projeto e fabrica\u00e7\u00e3o: API594<br \/>\nCara a cara e de ponta a ponta:API594<br \/>\nInspe\u00e7\u00e3o e teste: API598<\/p>\n<p><strong>Gama de Produtos<\/strong><\/p>\n<p>Material do corpo: a\u00e7o carbono, a\u00e7o inoxid\u00e1vel, liga de a\u00e7o, bronze<br \/>\nDi\u00e2metro nominal:2\u2033~24\u2033(DN50~DN600)<br \/>\nConex\u00e3o final: Wafer<br \/>\nFaixa de press\u00e3o: Classe150~ 2500(PN16~PN150)<br \/>\nTemperatura de trabalho:-196\u00baC~+560\u00baC<\/p>","protected":false},"excerpt":{"rendered":"<p>STV Valve Technology Group Co., Ltd \u00e9 um l\u00edder profissional China fornecedor de v\u00e1lvula de reten\u00e7\u00e3o de disco inclin\u00e1vel, v\u00e1lvula de reten\u00e7\u00e3o de disco inclin\u00e1vel CF8M, v\u00e1lvula de reten\u00e7\u00e3o de disco inclin\u00e1vel 150LB, v\u00e1lvula de reten\u00e7\u00e3o de disco inclin\u00e1vel de 4 polegadas, v\u00e1lvula de reten\u00e7\u00e3o de disco inclin\u00e1vel de assento de metal, verifica\u00e7\u00e3o de disco inclin\u00e1vel API 594 Fabricante de v\u00e1lvulas com alta qualidade e pre\u00e7o competitivo.<\/p>","protected":false},"featured_media":6984,"template":"","meta":[],"product_brand":[],"product_cat":[46,84],"product_tag":[2052,2053,2055,2051,2050,2054],"class_list":{"0":"post-6983","1":"product","2":"type-product","3":"status-publish","4":"has-post-thumbnail","6":"product_cat-check-valves","7":"product_cat-wafer-check-valve","8":"product_tag-150lb-tilting-disc-check-valve","9":"product_tag-4-inch-tilting-disc-check-valve","10":"product_tag-api-594-tilting-disc-check-valve-manufacturer","11":"product_tag-cf8m-tilting-disc-check-valve","12":"product_tag-china-tilting-disc-check-valve-supplier","13":"product_tag-metal-seat-tilting-disc-check-valve","15":"first","16":"instock","17":"shipping-taxable","18":"product-type-simple"},"_links":{"self":[{"href":"https:\/\/www.stvvalves.com\/pt\/wp-json\/wp\/v2\/product\/6983","targetHints":{"allow":["GET"]}}],"collection":[{"href":"https:\/\/www.stvvalves.com\/pt\/wp-json\/wp\/v2\/product"}],"about":[{"href":"https:\/\/www.stvvalves.com\/pt\/wp-json\/wp\/v2\/types\/product"}],"wp:featuredmedia":[{"embeddable":true,"href":"https:\/\/www.stvvalves.com\/pt\/wp-json\/wp\/v2\/media\/6984"}],"wp:attachment":[{"href":"https:\/\/www.stvvalves.com\/pt\/wp-json\/wp\/v2\/media?parent=6983"}],"wp:term":[{"taxonomy":"product_brand","embeddable":true,"href":"https:\/\/www.stvvalves.com\/pt\/wp-json\/wp\/v2\/product_brand?post=6983"},{"taxonomy":"product_cat","embeddable":true,"href":"https:\/\/www.stvvalves.com\/pt\/wp-json\/wp\/v2\/product_cat?post=6983"},{"taxonomy":"product_tag","embeddable":true,"href":"https:\/\/www.stvvalves.com\/pt\/wp-json\/wp\/v2\/product_tag?post=6983"}],"curies":[{"name":"wp","href":"https:\/\/api.w.org\/{rel}","templated":true}]}}