{"id":6985,"date":"2023-12-05T12:48:12","date_gmt":"2023-12-05T04:48:12","guid":{"rendered":"https:\/\/www.stvvalves.com\/?post_type=product&#038;p=6985"},"modified":"2023-12-05T12:48:14","modified_gmt":"2023-12-05T04:48:14","slug":"flange-tilting-disc-check-valve-wcb-body-300lb-14-inch","status":"publish","type":"product","link":"https:\/\/www.stvvalves.com\/pt\/products\/flange-tilting-disc-check-valve-wcb-body-300lb-14-inch\/","title":{"rendered":"V\u00e1lvula de reten\u00e7\u00e3o de disco de inclina\u00e7\u00e3o de flange, corpo WCB, 300LB, 14 polegadas"},"content":{"rendered":"<div class=\"rich-text-table\">\n<table>\n<tbody>\n<tr>\n<td>Nome<\/td>\n<td>V\u00e1lvula de reten\u00e7\u00e3o de disco inclin\u00e1vel<\/td>\n<\/tr>\n<tr>\n<td>Tamanho<\/td>\n<td>2\u2033~24\u2033; DN50~DN600<\/td>\n<\/tr>\n<tr>\n<td>Press\u00e3o normal<\/td>\n<td>Classe 150\/300\/600\/900\/1500\/2500; PN16\/PN25\/PN40\/PN64\/PN100\/PN160\/PN250<\/td>\n<\/tr>\n<tr>\n<td>Padr\u00e3o de projeto<\/td>\n<td>BS1868, API 6D, ASME B16.34; DIN3356, EN10739<\/td>\n<\/tr>\n<tr>\n<td>Marcado<\/td>\n<td>MSS SP-25<\/td>\n<\/tr>\n<tr>\n<td>Flange final<\/td>\n<td>ANSI B 16.5, ASME B16.47; EN1092, DIN2543~DIN2547,AS2129<\/td>\n<\/tr>\n<tr>\n<td>Cara a cara<\/td>\n<td>ANSI B 16.10, API 6D; DIN3202, EN558-1, EN12982, ISO 5752<\/td>\n<\/tr>\n<tr>\n<td>Padr\u00e3o de teste<\/td>\n<td>API598, API 6D; DIN3230, EN12266, ISO 5208<\/td>\n<\/tr>\n<tr>\n<td>Temperatura adequada<\/td>\n<td>-29~425\u00b0C<\/td>\n<\/tr>\n<tr>\n<td>M\u00e9dio<\/td>\n<td>\u00c1gua doce, esgoto, \u00e1gua do mar, ar, vapor, alimentos, medicamentos, \u00f3leos, \u00e1lcalis, sal etc.<\/td>\n<\/tr>\n<tr>\n<td>Ambiente \u00e1cido<\/td>\n<td>NACEMR0175<\/td>\n<\/tr>\n<\/tbody>\n<\/table>\n<\/div>\n<p><b><i>Estrutura<\/i><\/b><\/p>\n<div class=\"rich-text-table\">\n<table>\n<tbody>\n<tr>\n<td>\u2013 Porto Regular<\/td>\n<\/tr>\n<tr>\n<td>\u2013 Castelo Aparafusado \/ Castelo Selado por Press\u00e3o \/ Castelo Soldado<\/td>\n<\/tr>\n<tr>\n<td>\u00a0-Classifica\u00e7\u00f5es PT para ASME B16.34<\/td>\n<\/tr>\n<tr>\n<td>\u2013 Assento Renov\u00e1vel<\/td>\n<\/tr>\n<tr>\n<td>\u2013 Anel de sede rosqueado ou soldado<\/td>\n<\/tr>\n<tr>\n<td>\u2013 Projeto:BS1868, API 6D,DIN3356, EN10739,JIS,ANSI,GB<\/td>\n<\/tr>\n<tr>\n<td>\u2013 Extremidades soldadas conforme ASME B16.25; RU\u00cdDO 3239,EN12627<\/td>\n<\/tr>\n<tr>\n<td>\u2013 Extremidades flangeadas conforme ASME B16.5;DIN2543~DIN2547;EN1092<\/td>\n<\/tr>\n<tr>\n<td>\u2013 A\u00e7o Carbono Fundido ou Forjado, A\u00e7o Inoxid\u00e1vel, A\u00e7o Duplex<\/td>\n<\/tr>\n<\/tbody>\n<\/table>\n<\/div>\n<p><b><i>Parte Principal e Materiais<\/i><\/b><\/p>\n<div class=\"rich-text-table\">\n<table>\n<tbody>\n<tr>\n<td>Nomes das pe\u00e7as<\/td>\n<td colspan=\"8\">Materiais de pe\u00e7as<\/td>\n<\/tr>\n<tr>\n<td>Corpo<\/td>\n<td>WCB<\/td>\n<td>LCB<\/td>\n<td>WC6<\/td>\n<td>CF8<\/td>\n<td>CF8M<\/td>\n<td>CF3<\/td>\n<td>CF3M<\/td>\n<td>CE8MN\/CD4McN<\/td>\n<\/tr>\n<tr>\n<td>Cobrir<\/td>\n<td>WCB<\/td>\n<td>LCB<\/td>\n<td>WC6<\/td>\n<td>CF8<\/td>\n<td>CF8M<\/td>\n<td>CF3<\/td>\n<td>CF3M<\/td>\n<td>CE8MN\/CD4McN<\/td>\n<\/tr>\n<tr>\n<td>Disco<\/td>\n<td>WCB<\/td>\n<td>LCB<\/td>\n<td>WC6<\/td>\n<td>CF8<\/td>\n<td>CF8M<\/td>\n<td>CF3<\/td>\n<td>CF3M<\/td>\n<td>CE8MN\/CD4McN<\/td>\n<\/tr>\n<tr>\n<td>Bra\u00e7o<\/td>\n<td>WCB<\/td>\n<td>LCB<\/td>\n<td>WC6<\/td>\n<td>CF8<\/td>\n<td>CF8M<\/td>\n<td>CF3<\/td>\n<td>CF3M<\/td>\n<td>CE8MN\/CD4McN<\/td>\n<\/tr>\n<tr>\n<td>Pino de bra\u00e7o<\/td>\n<td>A182 6a<\/td>\n<td>A182 304<\/td>\n<td>A182 304<\/td>\n<td>A182 304<\/td>\n<td>A182 316<\/td>\n<td>A182 304L<\/td>\n<td>A182 316L<\/td>\n<td>A182 F53\/F51<\/td>\n<\/tr>\n<tr>\n<td>Assento\/Anel do Assento<\/td>\n<td>13%Cr<\/td>\n<td>SS304<\/td>\n<td>13%Cr<\/td>\n<td>SS304<\/td>\n<td>SS316<\/td>\n<td>SS304L<\/td>\n<td>SS316L<\/td>\n<td>A182 F53\/F51<\/td>\n<\/tr>\n<tr>\n<td>Junta da tampa<\/td>\n<td colspan=\"8\">SS304+Grafite\/SS304+Grafite<\/td>\n<\/tr>\n<tr>\n<td>Parafusos porcas<\/td>\n<td>B7\/2H<\/td>\n<td>L7\/4<\/td>\n<td>B16\/4<\/td>\n<td>B8\/8<\/td>\n<td>B8M\/8M<\/td>\n<td>B8\/8<\/td>\n<td>B8M\/8M<\/td>\n<td>B8M\/8M<\/td>\n<\/tr>\n<tr>\n<td>Meio Adequado<\/td>\n<td colspan=\"3\">WOG etc.<\/td>\n<td colspan=\"4\">HNO3, CH3OOH etc.<\/td>\n<td>Ur\u00e9ia etc.<\/td>\n<\/tr>\n<tr>\n<td>Temperatura adequada<\/td>\n<td>-29~425 \u00b0C<\/td>\n<td>-46~340\u00b0C<\/td>\n<td>-29~538\u00b0C<\/td>\n<td>-196~427\u00b0C<\/td>\n<td>-196~427\u00b0C<\/td>\n<td>-196~427\u00b0C<\/td>\n<td>-196~427\u00b0C<\/td>\n<td>-29~315\u00b0C<\/td>\n<\/tr>\n<\/tbody>\n<\/table>\n<\/div>\n<p><b>Desenho<\/b><br \/>\n<img decoding=\"async\" src=\"https:\/\/image.made-in-china.com\/226f3j00ZnKVHPwqNAky\/ANSI-Stainless-Steel-ASTM-A351-CF8-Tilting-Disc-Check-Valve.webp\" alt=\"ANSI Stainless Steel ASTM A351 CF8 Tilting Disc Check Valve\" width=\"750px\" data-original=\"\/\/image.made-in-china.com\/226f3j00ZnKVHPwqNAky\/ANSI-Stainless-Steel-ASTM-A351-CF8-Tilting-Disc-Check-Valve.webp\" \/><\/p>","protected":false},"excerpt":{"rendered":"<p>STV Valve Technology Group Co., Ltd \u00e9 um l\u00edder profissional China V\u00e1lvula de reten\u00e7\u00e3o de disco inclin\u00e1vel de 300LB, V\u00e1lvula de reten\u00e7\u00e3o de disco inclin\u00e1vel de 14 polegadas, V\u00e1lvula de reten\u00e7\u00e3o de disco inclin\u00e1vel WCB, Fabricante de v\u00e1lvula de reten\u00e7\u00e3o de disco inclin\u00e1vel de extremidade de flange com alta qualidade e pre\u00e7o competitivo<\/p>","protected":false},"featured_media":6990,"template":"","meta":[],"product_brand":[],"product_cat":[46,84],"product_tag":[2063,2062,2065,2064],"class_list":{"0":"post-6985","1":"product","2":"type-product","3":"status-publish","4":"has-post-thumbnail","6":"product_cat-check-valves","7":"product_cat-wafer-check-valve","8":"product_tag-14-inch-tilting-disc-check-valve","9":"product_tag-china-300lb-tilting-disc-check-valve","10":"product_tag-flange-end-tilting-disc-check-valve-manufacturer","11":"product_tag-wcb-tilting-disc-check-valve","13":"first","14":"instock","15":"shipping-taxable","16":"product-type-simple"},"_links":{"self":[{"href":"https:\/\/www.stvvalves.com\/pt\/wp-json\/wp\/v2\/product\/6985","targetHints":{"allow":["GET"]}}],"collection":[{"href":"https:\/\/www.stvvalves.com\/pt\/wp-json\/wp\/v2\/product"}],"about":[{"href":"https:\/\/www.stvvalves.com\/pt\/wp-json\/wp\/v2\/types\/product"}],"wp:featuredmedia":[{"embeddable":true,"href":"https:\/\/www.stvvalves.com\/pt\/wp-json\/wp\/v2\/media\/6990"}],"wp:attachment":[{"href":"https:\/\/www.stvvalves.com\/pt\/wp-json\/wp\/v2\/media?parent=6985"}],"wp:term":[{"taxonomy":"product_brand","embeddable":true,"href":"https:\/\/www.stvvalves.com\/pt\/wp-json\/wp\/v2\/product_brand?post=6985"},{"taxonomy":"product_cat","embeddable":true,"href":"https:\/\/www.stvvalves.com\/pt\/wp-json\/wp\/v2\/product_cat?post=6985"},{"taxonomy":"product_tag","embeddable":true,"href":"https:\/\/www.stvvalves.com\/pt\/wp-json\/wp\/v2\/product_tag?post=6985"}],"curies":[{"name":"wp","href":"https:\/\/api.w.org\/{rel}","templated":true}]}}