{"id":6992,"date":"2023-12-05T13:07:06","date_gmt":"2023-12-05T05:07:06","guid":{"rendered":"https:\/\/www.stvvalves.com\/?post_type=product&#038;p=6992"},"modified":"2024-12-24T20:10:09","modified_gmt":"2024-12-24T12:10:09","slug":"api-609-lug-type-butterfly-valve-300lb-10-inch-5a","status":"publish","type":"product","link":"https:\/\/www.stvvalves.com\/pt\/products\/api-609-lug-type-butterfly-valve-300lb-10-inch-5a\/","title":{"rendered":"V\u00e1lvula borboleta tipo lug API 609, 300LB, 10 polegadas, 5A"},"content":{"rendered":"<p>Design and Manufacture\uff1aAPI 609<\/p>\n<p>Face to Face Dimension\uff1aAPI609,ISO5752,ASME B16.10<\/p>\n<p>Flange Connection Dimension\uff1aASME B16.5,ASME B16.47<\/p>\n<p>Test and Inspection\uff1aAPI 598<\/p>\n<p>Pressure Temperature Rating\uff1aAPI 609,ASME B16.34<br \/>\nProduct Range<\/p>\n<p>Body material:WCB \u3001WC6 \u3001WC9 \u3001CF8\u3001 CF8M\u3001 CF3\u3001 CF3M \u3001CN7M\u3001LC1<br \/>\nLC2\u3001LC3\u3001LCB\u3001LCC\u3001Monel\u300120# Alloys\u30014A\u30015A\u3001C95800\u3001C95500,<\/p>\n<p>Nominal diameter:2\u2033\uff5e120\u2033\uff08DN50~DN3000\uff09<\/p>\n<p>End Connection: Double Flange,Wafer,Lug,etc<\/p>\n<p>Pressure range: Class150 ~ 600\uff08PN16~PN100\uff09<\/p>\n<p>Working temperature:-46\u2103 ~ +550\u2103<\/p>\n<p>Operation : Handle, Gear, Electric actuator, etc<\/p>\n<p>Seal Structure,Soft Sealing,<br \/>\nStopper Driver<br \/>\nISO 5211 Mounting PAD<br \/>\nConnection,Flange,Wafer Lug-wafer<br \/>\nOperation,Type,Manual,Worm Gear,Electric,<br \/>\nPneumatic,Hydraulic<br \/>\nEccentric Structure,Centered<\/p>\n<p>API 609 Lug Type Butterfly Valve,300LB,10 Inch,5A<br \/>\n[1] Structure Introduction<br \/>\nLug type butterfly valve, also known as branch type butterfly valve, adopts a triple eccentric structure in the American standard lug type butterfly valve. The valve seat is sealed with a metal multi-level hard sealing structure, usually a interlayer of metal and graphite, such as 304+graphite and 316+graphite. This hard seal can also be made into a single layer soft seal PTFE, RPTFE, PPL, EPDM, NBR and other triple eccentric butterfly valves. Features:<br \/>\n1. Short structural size, small volume, light weight, and operational aspects<br \/>\nAdopting a full axis mechanism, the butterfly plate has high strength and a large flow area<br \/>\n3. Unique triple eccentric design reduces seal friction loss and greatly extends service life<br \/>\n4. Metal hard sealing is resistant to high temperature, low temperature, high pressure, and has a wide range of applications<br \/>\n(II) Relevant standards for American standard butterfly valves<br \/>\nDesign and Manufacturing: API 609<br \/>\nStructure length: API 609<br \/>\nConnecting flange: ASME B16.5<br \/>\nInspection and pressure test: API 598<br \/>\nAny valve produced by our company is strictly pressurized according to the pressure testing standards. Only after passing the pressure testing can the zero leakage butterfly valve be allowed to leave the factory.<\/p>\n","protected":false},"excerpt":{"rendered":"<p>STV Valve Technology Group Co., Ltd \u00e9 um l\u00edder profissional China 5A v\u00e1lvula borboleta, v\u00e1lvula borboleta exc\u00eantrica dupla, v\u00e1lvula borboleta flangeada, v\u00e1lvula borboleta flangeada, v\u00e1lvula borboleta pneum\u00e1tica, v\u00e1lvula borboleta wafer, v\u00e1lvula borboleta lug, v\u00e1lvula borboleta de deslocamento triplo, borboleta de 4 polegadas v\u00e1lvula, v\u00e1lvula borboleta de 6 polegadas, v\u00e1lvula borboleta de 10 polegadas, v\u00e1lvula borboleta de 8 polegadas, v\u00e1lvula borboleta de 2 polegadas Fabrica\u00e7\u00e3o com alta qualidade e pre\u00e7o competitivo<\/p>","protected":false},"featured_media":6993,"template":"","meta":[],"product_brand":[],"product_cat":[965,971],"product_tag":[2066,1916,2067,1918,1919],"class_list":{"0":"post-6992","1":"product","2":"type-product","3":"status-publish","4":"has-post-thumbnail","6":"product_cat-butterfly-valve","7":"product_cat-wafer-butterfly-valve","8":"product_tag-10-inch-lug-type-butterfly-valve","9":"product_tag-300lb-lug-type-butterfly-valve","10":"product_tag-5a-lug-type-butterfly-valve","11":"product_tag-api609-300lb-lug-type-butterfly-valve","12":"product_tag-worm-gear-300lb-lug-type-butterfly-valve","14":"first","15":"instock","16":"shipping-taxable","17":"product-type-simple"},"_links":{"self":[{"href":"https:\/\/www.stvvalves.com\/pt\/wp-json\/wp\/v2\/product\/6992","targetHints":{"allow":["GET"]}}],"collection":[{"href":"https:\/\/www.stvvalves.com\/pt\/wp-json\/wp\/v2\/product"}],"about":[{"href":"https:\/\/www.stvvalves.com\/pt\/wp-json\/wp\/v2\/types\/product"}],"wp:featuredmedia":[{"embeddable":true,"href":"https:\/\/www.stvvalves.com\/pt\/wp-json\/wp\/v2\/media\/6993"}],"wp:attachment":[{"href":"https:\/\/www.stvvalves.com\/pt\/wp-json\/wp\/v2\/media?parent=6992"}],"wp:term":[{"taxonomy":"product_brand","embeddable":true,"href":"https:\/\/www.stvvalves.com\/pt\/wp-json\/wp\/v2\/product_brand?post=6992"},{"taxonomy":"product_cat","embeddable":true,"href":"https:\/\/www.stvvalves.com\/pt\/wp-json\/wp\/v2\/product_cat?post=6992"},{"taxonomy":"product_tag","embeddable":true,"href":"https:\/\/www.stvvalves.com\/pt\/wp-json\/wp\/v2\/product_tag?post=6992"}],"curies":[{"name":"wp","href":"https:\/\/api.w.org\/{rel}","templated":true}]}}