{"id":6997,"date":"2023-12-05T14:58:23","date_gmt":"2023-12-05T06:58:23","guid":{"rendered":"https:\/\/www.stvvalves.com\/?post_type=product&#038;p=6997"},"modified":"2023-12-05T14:58:25","modified_gmt":"2023-12-05T06:58:25","slug":"dn300-basket-strainer-cs-g25-pn10-rf-end-din-3356-bb-design","status":"publish","type":"product","link":"https:\/\/www.stvvalves.com\/pt\/products\/dn300-basket-strainer-cs-g25-pn10-rf-end-din-3356-bb-design\/","title":{"rendered":"Filtro de cesta DN300, CS-G25, PN10, extremidade RF, DIN 3356, design BB"},"content":{"rendered":"<p><strong><u>Manuten\u00e7\u00e3o do T-Basket\u00a0<\/u><\/strong><strong><u>Filtro \u00a0 \u00a0 \u00a0 \u00a0 \u00a0 \u00a0 \u00a0 \u00a0 \u00a0 \u00a0 \u00a0 \u00a0 \u00a0 \u00a0 \u00a0 \u00a0 \u00a0 \u00a0 \u00a0 \u00a0 \u00a0 \u00a0 \u00a0 \u00a0 \u00a0 \u00a0 \u00a0 \u00a0 \u00a0 \u00a0 \u00a0\u00a0<\/u><\/strong><\/p>\n<ul>\n<li>A parte principal deste tipo de filtro \u00e9 o n\u00facleo do filtro. O n\u00facleo do filtro consiste na estrutura do filtro e na malha de arame de a\u00e7o inoxid\u00e1vel.<\/li>\n<li>Depois que o filtro tiver funcionado por algum tempo, ele precipitar\u00e1 uma certa quantidade de impurezas no n\u00facleo do filtro. Em seguida, a press\u00e3o aumentar\u00e1 e a velocidade do fluxo ser\u00e1 reduzida.<\/li>\n<li>Quando limpamos as impurezas, devemos ter cuidado para garantir que a malha de arame SS no n\u00facleo do filtro n\u00e3o seja deformada ou danificada. Caso contr\u00e1rio, quando voc\u00ea reutilizar o filtro, as impurezas do l\u00edquido filtrado n\u00e3o atingir\u00e3o os requisitos projetados. os compressores, bombas ou instrumentos ser\u00e3o destru\u00eddos.<\/li>\n<li>Assim que a tela de arame SS estiver deformada ou danificada, devemos substitu\u00ed-la imediatamente.<\/li>\n<\/ul>\n<p>Filtro de cesta<br \/>\nBreve introdu\u00e7\u00e3o:<br \/>\nO filtro pode ser usado em todos os tipos de tubula\u00e7\u00f5es para coletar subst\u00e2ncias estranhas granuladas e contaminantes coletados. Pode melhorar a folga no meio e prolongar a vida \u00fatil de v\u00e1lvulas e outros equipamentos. \u00c9 adequado para \u00e1gua, petr\u00f3leo e vapor.<br \/>\nParte principal e material<br \/>\nCorpo: A\u00e7o Carbono<br \/>\nMalha: a\u00e7o inoxid\u00e1vel<br \/>\nEspecifica\u00e7\u00e3o t\u00e9cnica<br \/>\nDi\u00e2metro nominal: 15 ~ 500 mm<br \/>\nPress\u00e3o nominal: 0,6-5,0Mpa<br \/>\nFornecemos filtro de cesta tipo fundido e soldado<br \/>\n1) Tamanhos: 1\/2 \u2013 24\u2033<br \/>\n2) Classifica\u00e7\u00e3o de press\u00e3o: 150 lb, 300 lb, 600 lb<br \/>\n3) Temperatura adequada: -196oC \u2013 600oC<br \/>\n4) Meio adequado: \u00c1gua, g\u00e1s, \u00f3leo, vapor etc.<br \/>\n5) Material do corpo: A106\/WCB, WCC, WC6, WC9, LCB, LCC, SS304\/CF8, SS316\/CF8M, 304L\/CF3, SS316L\/CF3M<br \/>\n6) Tela: A\u00e7o inoxid\u00e1vel (SS304\/SS316)<br \/>\n7) Conex\u00e3o final: FF, RF, THD, BW<br \/>\n8,forma de entrada\/sa\u00edda:flange\/fio interno\/fio externo\/instala\u00e7\u00e3o r\u00e1pida<br \/>\n9,Forma de compress\u00e3o da tampa:Parafuso\/parafuso r\u00e1pido<br \/>\n10,viscosidade adequada(cp):1-30000<br \/>\n11,forma de cesta:malha de perfura\u00e7\u00e3o\/malha de camada \u00fanica\/malha composta<\/p>","protected":false},"excerpt":{"rendered":"<p>STV Valve Technology Group Co., Ltd \u00e9 um l\u00edder profissional BB Design Basket Strainer, DN300 Basket Strainer, CS-G25 Basket Strainer, PN10 Basket Strainer, RF End Basket Strainer, DIN 3356 Basket Strainer.<\/p>","protected":false},"featured_media":6998,"template":"","meta":[],"product_brand":[],"product_cat":[48,72],"product_tag":[2072,2074,2077,2073,2075,2076],"class_list":{"0":"post-6997","1":"product","2":"type-product","3":"status-publish","4":"has-post-thumbnail","6":"product_cat-y-strainer","7":"product_cat-cast-steel-y-type-strainer","8":"product_tag-bb-design-basket-strainer","9":"product_tag-cs-g25-basket-strainer","10":"product_tag-din-3356-basket-strainer","11":"product_tag-dn300-basket-strainer","12":"product_tag-pn10-basket-strainer","13":"product_tag-rf-end-basket-strainer","15":"first","16":"instock","17":"shipping-taxable","18":"product-type-simple"},"_links":{"self":[{"href":"https:\/\/www.stvvalves.com\/pt\/wp-json\/wp\/v2\/product\/6997","targetHints":{"allow":["GET"]}}],"collection":[{"href":"https:\/\/www.stvvalves.com\/pt\/wp-json\/wp\/v2\/product"}],"about":[{"href":"https:\/\/www.stvvalves.com\/pt\/wp-json\/wp\/v2\/types\/product"}],"wp:featuredmedia":[{"embeddable":true,"href":"https:\/\/www.stvvalves.com\/pt\/wp-json\/wp\/v2\/media\/6998"}],"wp:attachment":[{"href":"https:\/\/www.stvvalves.com\/pt\/wp-json\/wp\/v2\/media?parent=6997"}],"wp:term":[{"taxonomy":"product_brand","embeddable":true,"href":"https:\/\/www.stvvalves.com\/pt\/wp-json\/wp\/v2\/product_brand?post=6997"},{"taxonomy":"product_cat","embeddable":true,"href":"https:\/\/www.stvvalves.com\/pt\/wp-json\/wp\/v2\/product_cat?post=6997"},{"taxonomy":"product_tag","embeddable":true,"href":"https:\/\/www.stvvalves.com\/pt\/wp-json\/wp\/v2\/product_tag?post=6997"}],"curies":[{"name":"wp","href":"https:\/\/api.w.org\/{rel}","templated":true}]}}