{"id":7000,"date":"2023-12-06T15:25:22","date_gmt":"2023-12-06T07:25:22","guid":{"rendered":"https:\/\/www.stvvalves.com\/?post_type=product&#038;p=7000"},"modified":"2024-12-25T10:36:56","modified_gmt":"2024-12-25T02:36:56","slug":"astm-a890-gr-5a-swing-check-valve-api-6d-4-inch-class-150-rf","status":"publish","type":"product","link":"https:\/\/www.stvvalves.com\/pt\/products\/astm-a890-gr-5a-swing-check-valve-api-6d-4-inch-class-150-rf\/","title":{"rendered":"V\u00e1lvula de reten\u00e7\u00e3o oscilante ASTM A890 Gr.5A, API 6D, 4 polegadas, classe 150, RF"},"content":{"rendered":"<p>Padr\u00e3o de projeto: BS 1868 ou API 6D<br \/>\nClassifica\u00e7\u00f5es de press\u00e3o-temperatura: ASME B16.34<br \/>\nFaixa de tamanho: 2\u201d a 48\u201d<br \/>\nFaixa de press\u00e3o: Classe 150 a 2500<br \/>\nConex\u00f5es finais: RF flangeado, RTJ, FF, solda de topo<br \/>\nCap\u00f4: Castelo aparafusado ou com veda\u00e7\u00e3o de press\u00e3o<br \/>\nDimens\u00f5es da extremidade flangeada: ASME B16.5 (\u226424\u201d), ASME B16.47 S\u00e9rie A ou B (&gt;24\u201d)<br \/>\nDimens\u00f5es da extremidade da solda de topo: ASME B16.25 face a face<br \/>\nDimens\u00f5es face a face: ASME B16.10<br \/>\nInspe\u00e7\u00e3o e Teste: API 598, API 6D<br \/>\nMateriais do corpo: WCB, CF8, CF3, CF3M, CF8M, CF8C, A995 4A, 5A, 6A, C95800, INCONEL 625, INCONEL 825, MONEL, WC6, WC9, LCB, LCC.<br \/>\nMateriais de acabamento: 1#, 5#, 8#, 10#, 12#, 16#<br \/>\nMateriais de aparafusamento: ASTM A193 B7, B7M, B8, B8M \/ ASTM A194 2H, 2HM, 8, 8M.<br \/>\nNACEMR0175<\/p>\n<p>ASTM A890 Gr.5A Swing Check Valve<\/p>","protected":false},"excerpt":{"rendered":"<p>Explore our ASTM A890 Gr.5A Swing Check Valve featuring API 6D certification. This 4-inch valve is designed for Class 150 applications, ensuring reliable performance and durable construction. Ideal for various industrial uses, our RF (Raised Face) design guarantees a leak-proof seal for enhanced efficiency. Perfect for your pipeline needs, this swing check valve meets rigorous quality standards.<\/p>\n<p>STV Valve Technology Group Co., Ltd is a professional leader China ASTM A890 5A Swing Check Valve,ASTM A890 Gr.5A Swing Check Valv,4 Inch Swing Check Valve, 150 Swing Check Valve,Flange End Swing Check Valve,API 6D 5A Swing Check Valve Manufacturer with high quality and competitive price.<\/p>\n<p>Entre em contato com nosso sales@stvvalve.com para outros materiais e detalhes.<\/p>\n<p>&nbsp;<\/p>","protected":false},"featured_media":7001,"template":"","meta":[],"product_brand":[],"product_cat":[46,67],"product_tag":[2080,2079,2081,2078,339],"class_list":{"0":"post-7000","1":"product","2":"type-product","3":"status-publish","4":"has-post-thumbnail","6":"product_cat-check-valves","7":"product_cat-stainless-steel-check-valve","8":"product_tag-150-swing-check-valve","9":"product_tag-4-inch-swing-check-valve","10":"product_tag-api-6d-5a-swing-check-valve-manufacturer","11":"product_tag-china-astm-a890-5a-swing-check-valve","12":"product_tag-flange-end-swing-check-valve","14":"first","15":"instock","16":"shipping-taxable","17":"product-type-simple"},"_links":{"self":[{"href":"https:\/\/www.stvvalves.com\/pt\/wp-json\/wp\/v2\/product\/7000","targetHints":{"allow":["GET"]}}],"collection":[{"href":"https:\/\/www.stvvalves.com\/pt\/wp-json\/wp\/v2\/product"}],"about":[{"href":"https:\/\/www.stvvalves.com\/pt\/wp-json\/wp\/v2\/types\/product"}],"wp:featuredmedia":[{"embeddable":true,"href":"https:\/\/www.stvvalves.com\/pt\/wp-json\/wp\/v2\/media\/7001"}],"wp:attachment":[{"href":"https:\/\/www.stvvalves.com\/pt\/wp-json\/wp\/v2\/media?parent=7000"}],"wp:term":[{"taxonomy":"product_brand","embeddable":true,"href":"https:\/\/www.stvvalves.com\/pt\/wp-json\/wp\/v2\/product_brand?post=7000"},{"taxonomy":"product_cat","embeddable":true,"href":"https:\/\/www.stvvalves.com\/pt\/wp-json\/wp\/v2\/product_cat?post=7000"},{"taxonomy":"product_tag","embeddable":true,"href":"https:\/\/www.stvvalves.com\/pt\/wp-json\/wp\/v2\/product_tag?post=7000"}],"curies":[{"name":"wp","href":"https:\/\/api.w.org\/{rel}","templated":true}]}}