{"id":7011,"date":"2023-12-07T14:53:27","date_gmt":"2023-12-07T06:53:27","guid":{"rendered":"https:\/\/www.stvvalves.com\/?post_type=product&#038;p=7011"},"modified":"2024-12-24T19:13:56","modified_gmt":"2024-12-24T11:13:56","slug":"2-pc-ball-valve-6000-wog-cf8m-316-trim-weld-bonnet","status":"publish","type":"product","link":"https:\/\/www.stvvalves.com\/pt\/products\/2-pc-ball-valve-6000-wog-cf8m-316-trim-weld-bonnet\/","title":{"rendered":"V\u00e1lvula de esfera de 2 pe\u00e7as 6000 WOG, CF8M, 316 guarni\u00e7\u00e3o, castelo de solda"},"content":{"rendered":"<p>Design de corpo de 2 pe\u00e7as<br \/>\nV\u00e1lvula de esfera 6000wog de 2 pe\u00e7as<br \/>\nV\u00e1lvula de esfera com fivela de fio de a\u00e7o forjado de passagem total de 2 pe\u00e7as<br \/>\nEste produto \u00e9 especializado no fornecimento de clientes de equipamentos para oleodutos de petr\u00f3leo.<br \/>\nFaixa de press\u00e3o: 6000wog<br \/>\nFaixa de tamanho: DN15-DN50<br \/>\nFaixa de temperatura: -29 ~ 220 \u2103<br \/>\nGama aplic\u00e1vel de materiais: A105\/SS304\/SS316\/a\u00e7o inoxid\u00e1vel duplex 2205, etc.<br \/>\nEscopo de aplica\u00e7\u00e3o para m\u00e9todo de conex\u00e3o: BSPT\/NPT\/ISO7-1<\/p>\n<p>Padr\u00e3o de design e fabrica\u00e7\u00e3o: API 608, API 607, API 6D, BS 5351<\/p>\n<p>Padr\u00e3o Cara a Cara: API B16.10,API 6D,DIN 3202<br \/>\nPadr\u00e3o de conex\u00e3o final: NPT, BSP, BSPT, DIN259\/2999<\/p>\n<p>Padr\u00e3o de teste: ISO5208, API 6D, BS 6755, API598<br \/>\nMaterial do corpo: A105, F304, F316<\/p>\n<p>Assento: RPTFE, PPL, Nylon<\/p>\n<p>Temperatura de trabalho:-40-180\u2103<\/p>\n<p>Adequado: \u00e1gua, \u00f3leo, g\u00e1s<\/p>\n<table>\n<tbody>\n<tr>\n<td width=\"200\"><strong>Nome do Produto<\/strong><\/td>\n<td width=\"481\">V\u00e1lvula de esfera de 2 pe\u00e7as 6000 WOG, CF8M, 316 guarni\u00e7\u00e3o, castelo de solda<\/td>\n<\/tr>\n<tr>\n<td width=\"200\">1. Materiais<\/td>\n<td width=\"481\">CF8M<\/td>\n<\/tr>\n<tr>\n<td width=\"200\">2. Tamanho<\/td>\n<td width=\"481\">1\u201d<\/td>\n<\/tr>\n<tr>\n<td width=\"200\">4. Porto<\/td>\n<td width=\"481\">Porto completo<\/td>\n<\/tr>\n<tr>\n<td width=\"200\">5. Press\u00e3o de Trabalho<\/td>\n<td width=\"481\">6.000 gramas<\/td>\n<\/tr>\n<tr>\n<td width=\"200\">6. Fim da conex\u00e3o<\/td>\n<td width=\"481\">TNP<\/td>\n<\/tr>\n<tr>\n<td width=\"200\">7. Temperatura de trabalho.<\/td>\n<td width=\"481\">-29~120\u00baC,<\/td>\n<\/tr>\n<tr>\n<td width=\"200\">8. Meio Adequado<\/td>\n<td width=\"481\">\u00c1gua, G\u00e1s Natural, Petr\u00f3leo e algum l\u00edquido corrosivo<\/td>\n<\/tr>\n<tr>\n<td width=\"200\">9. Operado<\/td>\n<td width=\"481\">Volante<\/td>\n<\/tr>\n<tr>\n<td width=\"200\">10. Inspe\u00e7\u00e3o e Teste<\/td>\n<td width=\"481\">De acordo com API598<\/td>\n<\/tr>\n<tr>\n<td width=\"200\"><strong>envio<\/strong><\/td>\n<td width=\"481\"><\/td>\n<\/tr>\n<tr>\n<td width=\"200\">Prazo de entrega<\/td>\n<td width=\"481\">30 dias<\/td>\n<\/tr>\n<tr>\n<td width=\"200\">Pacote<\/td>\n<td width=\"481\">Caixa de madeira compensada de exporta\u00e7\u00e3o padr\u00e3o<\/td>\n<\/tr>\n<tr>\n<td width=\"200\">Porto de embarque<\/td>\n<td width=\"481\">Ningbo\/Xangai, China<\/td>\n<\/tr>\n<tr>\n<td width=\"200\">Termos de envio<\/td>\n<td width=\"481\">Exw, FOB, CFR, CIF, etc.<\/td>\n<\/tr>\n<tr>\n<td width=\"200\">Termos de pagamento<\/td>\n<td width=\"481\">T\/T, Western Union, PayPal, etc.<\/td>\n<\/tr>\n<tr>\n<td width=\"200\"><\/td>\n<td width=\"481\">Pr\u00e9-pagamento 30%, saldo 70% pago antes do envio<\/td>\n<\/tr>\n<tr>\n<td width=\"200\">Pa\u00eds de origem<\/td>\n<td width=\"481\">Cidade de Wenzhou, China<\/td>\n<\/tr>\n<tr>\n<td width=\"200\">Capacidade de produ\u00e7\u00e3o<\/td>\n<td width=\"481\">6.000 toneladas\/ano<\/td>\n<\/tr>\n<tr>\n<td width=\"200\">Quantidade m\u00ednima<\/td>\n<td width=\"481\">1 pe\u00e7a\/tamanho<\/td>\n<\/tr>\n<\/tbody>\n<\/table>","protected":false},"excerpt":{"rendered":"<p>STV Valve Technology Group Co., Ltd \u00e9 um l\u00edder profissional China V\u00e1lvula de esfera de 2 PCs 6000 WOG, CF8M 6000 WOG V\u00e1lvula de esfera, V\u00e1lvula de esfera de acabamento 316, V\u00e1lvula de esfera de castelo de solda, V\u00e1lvula de esfera de 2 PCs, Peek Seat 2-PC Ball V\u00e1lvula, v\u00e1lvula esf\u00e9rica de alta press\u00e3o, v\u00e1lvula esf\u00e9rica roscada, fabricante de v\u00e1lvula esf\u00e9rica de a\u00e7o forjado na China com alta qualidade e pre\u00e7o competitivo.<\/p>","protected":false},"featured_media":7012,"template":"","meta":[],"product_brand":[],"product_cat":[43,78,79],"product_tag":[2105,2103,2102,2101,2100,208,2098,2099,2104],"class_list":{"0":"post-7011","1":"product","2":"type-product","3":"status-publish","4":"has-post-thumbnail","6":"product_cat-ball-valve","7":"product_cat-floating-ball-valve","8":"product_cat-threaded-ball-valve","9":"product_tag-2-pc-ball-valve","10":"product_tag-316-trim-ball-valve","11":"product_tag-cf8m-6000-wog-ball-valve","12":"product_tag-china-2-pc-ball-valve-6000-wog","13":"product_tag-china-forged-steel-ball-valve-manufacturer","14":"product_tag-high-pressure-ball-valve","15":"product_tag-peek-seat-2-pc-ball-valve","16":"product_tag-thread-ball-valve","17":"product_tag-weld-bonnet-ball-valve","19":"first","20":"instock","21":"shipping-taxable","22":"product-type-simple"},"_links":{"self":[{"href":"https:\/\/www.stvvalves.com\/pt\/wp-json\/wp\/v2\/product\/7011","targetHints":{"allow":["GET"]}}],"collection":[{"href":"https:\/\/www.stvvalves.com\/pt\/wp-json\/wp\/v2\/product"}],"about":[{"href":"https:\/\/www.stvvalves.com\/pt\/wp-json\/wp\/v2\/types\/product"}],"wp:featuredmedia":[{"embeddable":true,"href":"https:\/\/www.stvvalves.com\/pt\/wp-json\/wp\/v2\/media\/7012"}],"wp:attachment":[{"href":"https:\/\/www.stvvalves.com\/pt\/wp-json\/wp\/v2\/media?parent=7011"}],"wp:term":[{"taxonomy":"product_brand","embeddable":true,"href":"https:\/\/www.stvvalves.com\/pt\/wp-json\/wp\/v2\/product_brand?post=7011"},{"taxonomy":"product_cat","embeddable":true,"href":"https:\/\/www.stvvalves.com\/pt\/wp-json\/wp\/v2\/product_cat?post=7011"},{"taxonomy":"product_tag","embeddable":true,"href":"https:\/\/www.stvvalves.com\/pt\/wp-json\/wp\/v2\/product_tag?post=7011"}],"curies":[{"name":"wp","href":"https:\/\/api.w.org\/{rel}","templated":true}]}}