{"id":7013,"date":"2023-12-07T15:10:43","date_gmt":"2023-12-07T07:10:43","guid":{"rendered":"https:\/\/www.stvvalves.com\/?post_type=product&#038;p=7013"},"modified":"2024-12-24T19:13:23","modified_gmt":"2024-12-24T11:13:23","slug":"2-pc-ball-valve-3000-wog-cf8m1-inch-weld-bonnet","status":"publish","type":"product","link":"https:\/\/www.stvvalves.com\/pt\/products\/2-pc-ball-valve-3000-wog-cf8m1-inch-weld-bonnet\/","title":{"rendered":"V\u00e1lvula de esfera de 2 pe\u00e7as 3000 WOG, CF8M, 1 polegada, castelo soldado"},"content":{"rendered":"<p>V\u00c1LVULA DE ESFERA SOLDADA COM VEDA\u00c7\u00c3O DE 2 pe\u00e7as, v\u00e1lvula de esfera de PORTA COMPLETA, 3000 WOG<br \/>\n1). CORPO DE FUNDI\u00c7\u00c3O DE INVESTIMENTO<br \/>\n2).PRESS\u00c3O DE TRABALHO: 3000 psi<br \/>\n3).COM DISPOSITIVO DE BLOQUEIO<br \/>\n4). PRESS\u00c3O DE TESTE:<br \/>\nCASCO: 4500 PSI (HIDROST\u00c1TICO)<br \/>\n5). ASSENTO: 100 PSI (AR)<br \/>\n6). PROJETO DE HASTE \u00c0 PROVA DE EXPLOS\u00c3O<br \/>\n7). CONEX\u00c3O FINAL: NPT,BSPT,BSP,DIN<br \/>\n8). TAMANHO: 1\/4\u2033-2\u2033<\/p>","protected":false},"excerpt":{"rendered":"<p>STV Valve Technology Group Co., Ltd \u00e9 um l\u00edder profissional China V\u00e1lvula de esfera de 2 PCs 3000 WOG, CF8M 3000 WOG V\u00e1lvula de esfera, V\u00e1lvula de esfera de acabamento 316, V\u00e1lvula de esfera de 1 polegada, V\u00e1lvula de esfera de cap\u00f4 de solda, V\u00e1lvula de esfera de 2 PCs, Peek V\u00e1lvula de esfera de assento 2-PC, v\u00e1lvula de esfera de alta press\u00e3o, v\u00e1lvula de esfera de rosca, fabricante de v\u00e1lvula de esfera de PORTA COMPLETA na China com alta qualidade e pre\u00e7o competitivo.<\/p>","protected":false},"featured_media":7014,"template":"","meta":[],"product_brand":[],"product_cat":[43,78,79],"product_tag":[166,2105,2103,2107,2106,2108,208,2098,2099,2104],"class_list":{"0":"post-7013","1":"product","2":"type-product","3":"status-publish","4":"has-post-thumbnail","6":"product_cat-ball-valve","7":"product_cat-floating-ball-valve","8":"product_cat-threaded-ball-valve","9":"product_tag-1-inch-ball-valve","10":"product_tag-2-pc-ball-valve","11":"product_tag-316-trim-ball-valve","12":"product_tag-cf8m-3000-wog-ball-valve","13":"product_tag-china-2-pc-ball-valve-3000-wog","14":"product_tag-china-full-port-ball-valve-manufacturer","15":"product_tag-high-pressure-ball-valve","16":"product_tag-peek-seat-2-pc-ball-valve","17":"product_tag-thread-ball-valve","18":"product_tag-weld-bonnet-ball-valve","20":"first","21":"instock","22":"shipping-taxable","23":"product-type-simple"},"_links":{"self":[{"href":"https:\/\/www.stvvalves.com\/pt\/wp-json\/wp\/v2\/product\/7013","targetHints":{"allow":["GET"]}}],"collection":[{"href":"https:\/\/www.stvvalves.com\/pt\/wp-json\/wp\/v2\/product"}],"about":[{"href":"https:\/\/www.stvvalves.com\/pt\/wp-json\/wp\/v2\/types\/product"}],"wp:featuredmedia":[{"embeddable":true,"href":"https:\/\/www.stvvalves.com\/pt\/wp-json\/wp\/v2\/media\/7014"}],"wp:attachment":[{"href":"https:\/\/www.stvvalves.com\/pt\/wp-json\/wp\/v2\/media?parent=7013"}],"wp:term":[{"taxonomy":"product_brand","embeddable":true,"href":"https:\/\/www.stvvalves.com\/pt\/wp-json\/wp\/v2\/product_brand?post=7013"},{"taxonomy":"product_cat","embeddable":true,"href":"https:\/\/www.stvvalves.com\/pt\/wp-json\/wp\/v2\/product_cat?post=7013"},{"taxonomy":"product_tag","embeddable":true,"href":"https:\/\/www.stvvalves.com\/pt\/wp-json\/wp\/v2\/product_tag?post=7013"}],"curies":[{"name":"wp","href":"https:\/\/api.w.org\/{rel}","templated":true}]}}