{"id":7049,"date":"2024-01-29T22:31:24","date_gmt":"2024-01-29T14:31:24","guid":{"rendered":"https:\/\/www.stvvalves.com\/?post_type=product&#038;p=7049"},"modified":"2024-12-24T19:19:40","modified_gmt":"2024-12-24T11:19:40","slug":"double-eccentric-flange-butterfly-valve-dn125-pn64-4a","status":"publish","type":"product","link":"https:\/\/www.stvvalves.com\/pt\/products\/double-eccentric-flange-butterfly-valve-dn125-pn64-4a\/","title":{"rendered":"Double Eccentric Flange Butterfly Valve, DN125,PN64,4A"},"content":{"rendered":"<h2>Double Eccentric Flange Butterfly Valve, DN125,PN64,4A<\/h2>\n<p>Design: EN 593<br \/>\nRating: PN64<br \/>\nCara a Cara: DIN EN 558<br \/>\nExtremidade flangeada: DIN EN 1092-1<br \/>\nInspe\u00e7\u00e3o e Teste: EN 12266<br \/>\nEspessura da parede: EN 12516-1<br \/>\nTemperatura:-196\u2103 ~ +560\u2103<br \/>\nDN50~ DN600<\/p>\n<p>Material do corpo: a\u00e7o carbono, a\u00e7o inoxid\u00e1vel, liga de a\u00e7o, bronze<\/p>\n<p>Conex\u00e3o final: RF, RTJ, BW<\/p>\n<p>Faixa de press\u00e3o: Classe150~2500(PN16~PN420)<\/p>\n<table>\n<tbody>\n<tr>\n<td width=\"200\"><strong><b>Nome do Produto<\/b><\/strong><\/td>\n<td width=\"481\">DIN 593 Butterfly Valve,DN80,PN100,4A Body,4A Trim,Metal Seat,Gear OP<\/td>\n<\/tr>\n<tr>\n<td width=\"200\">1. Materiais<\/td>\n<td width=\"481\">4a<\/td>\n<\/tr>\n<tr>\n<td width=\"200\">2. Tamanho<\/td>\n<td width=\"481\">5\u201d<\/td>\n<\/tr>\n<tr>\n<td width=\"200\">4. Porto<\/td>\n<td width=\"481\">Porto completo<\/td>\n<\/tr>\n<tr>\n<td width=\"200\">5. Press\u00e3o de Trabalho<\/td>\n<td width=\"481\">PN64<\/td>\n<\/tr>\n<tr>\n<td width=\"200\">6. Fim da conex\u00e3o<\/td>\n<td width=\"481\">Fim de RF<\/td>\n<\/tr>\n<tr>\n<td width=\"200\">7. Temperatura de trabalho.<\/td>\n<td width=\"481\">-29~300\u00baC,<\/td>\n<\/tr>\n<tr>\n<td width=\"200\">8. Meio Adequado<\/td>\n<td width=\"481\">\u00c1gua, G\u00e1s Natural, Petr\u00f3leo e algum l\u00edquido corrosivo<\/td>\n<\/tr>\n<tr>\n<td width=\"200\">9. Operado<\/td>\n<td width=\"481\">Caixa de velocidade<\/td>\n<\/tr>\n<tr>\n<td width=\"200\">10. Inspe\u00e7\u00e3o e Teste<\/td>\n<td width=\"481\">De acordo comAPI 598<\/td>\n<\/tr>\n<tr>\n<td width=\"200\"><strong><b>envio<\/b><\/strong><\/td>\n<td width=\"481\"><\/td>\n<\/tr>\n<tr>\n<td width=\"200\">Prazo de entrega<\/td>\n<td width=\"481\">30 dias<\/td>\n<\/tr>\n<tr>\n<td width=\"200\">Pacote<\/td>\n<td width=\"481\">Caixa de madeira compensada de exporta\u00e7\u00e3o padr\u00e3o<\/td>\n<\/tr>\n<tr>\n<td width=\"200\">Porto de embarque<\/td>\n<td width=\"481\">Ningbo\/Xangai, China<\/td>\n<\/tr>\n<tr>\n<td width=\"200\">Termos de envio<\/td>\n<td width=\"481\">Exw, FOB, CFR, CIF, etc.<\/td>\n<\/tr>\n<tr>\n<td width=\"200\">Termos de pagamento<\/td>\n<td width=\"481\">T\/T, Western Union, PayPal, etc.<\/td>\n<\/tr>\n<tr>\n<td width=\"200\"><\/td>\n<td width=\"481\">Pr\u00e9-pagamento 30%, saldo 70% pago antes do envio<\/td>\n<\/tr>\n<tr>\n<td width=\"200\">Pa\u00eds de origem<\/td>\n<td width=\"481\">Cidade de Wenzhou, China<\/td>\n<\/tr>\n<tr>\n<td width=\"200\">Capacidade de produ\u00e7\u00e3o<\/td>\n<td width=\"481\">6.000 toneladas\/ano<\/td>\n<\/tr>\n<tr>\n<td width=\"200\">Quantidade m\u00ednima<\/td>\n<td width=\"481\">10 unidades\/tamanho<\/td>\n<\/tr>\n<\/tbody>\n<\/table>","protected":false},"excerpt":{"rendered":"<p>STV Valve Technology Group Co., Ltd is a professional leader China DIN 593 Butterfly Valve,DN125 DIN 593 Butterfly Valve,PN64 DIN 593 Butterfly Valve,4A Body DIN 593 Butterfly Valve,4A Trim DIN 593 Butterfly Valve,Metal Seat DIN 593 Butterfly Valve,Gear OP DIN 593 Butterfly Valve Manufacture with high quality and competitive price.<\/p>","protected":false},"featured_media":7050,"template":"","meta":[],"product_brand":[],"product_cat":[965,972],"product_tag":[2155,2156,2152,2163,2158,2157,2164],"class_list":{"0":"post-7049","1":"product","2":"type-product","3":"status-publish","4":"has-post-thumbnail","6":"product_cat-butterfly-valve","7":"product_cat-flange-butterfly-valve","8":"product_tag-4a-body-din-593-butterfly-valve","9":"product_tag-4a-trim-din-593-butterfly-valve","10":"product_tag-china-din-593-butterfly-valve","11":"product_tag-dn125-din-593-butterfly-valve","12":"product_tag-gear-op-din-593-butterfly-valve-manufacture","13":"product_tag-metal-seat-din-593-butterfly-valve","14":"product_tag-pn64-din-593-butterfly-valve","16":"first","17":"instock","18":"shipping-taxable","19":"product-type-simple"},"_links":{"self":[{"href":"https:\/\/www.stvvalves.com\/pt\/wp-json\/wp\/v2\/product\/7049","targetHints":{"allow":["GET"]}}],"collection":[{"href":"https:\/\/www.stvvalves.com\/pt\/wp-json\/wp\/v2\/product"}],"about":[{"href":"https:\/\/www.stvvalves.com\/pt\/wp-json\/wp\/v2\/types\/product"}],"wp:featuredmedia":[{"embeddable":true,"href":"https:\/\/www.stvvalves.com\/pt\/wp-json\/wp\/v2\/media\/7050"}],"wp:attachment":[{"href":"https:\/\/www.stvvalves.com\/pt\/wp-json\/wp\/v2\/media?parent=7049"}],"wp:term":[{"taxonomy":"product_brand","embeddable":true,"href":"https:\/\/www.stvvalves.com\/pt\/wp-json\/wp\/v2\/product_brand?post=7049"},{"taxonomy":"product_cat","embeddable":true,"href":"https:\/\/www.stvvalves.com\/pt\/wp-json\/wp\/v2\/product_cat?post=7049"},{"taxonomy":"product_tag","embeddable":true,"href":"https:\/\/www.stvvalves.com\/pt\/wp-json\/wp\/v2\/product_tag?post=7049"}],"curies":[{"name":"wp","href":"https:\/\/api.w.org\/{rel}","templated":true}]}}