{"id":7060,"date":"2024-01-30T15:50:45","date_gmt":"2024-01-30T07:50:45","guid":{"rendered":"https:\/\/www.stvvalves.com\/?post_type=product&#038;p=7060"},"modified":"2024-01-30T15:50:46","modified_gmt":"2024-01-30T07:50:46","slug":"2500lb-forged-steel-gate-valve-f22-dn50-flange-end","status":"publish","type":"product","link":"https:\/\/www.stvvalves.com\/pt\/products\/2500lb-forged-steel-gate-valve-f22-dn50-flange-end\/","title":{"rendered":"2500LB Forged Steel Gate Valve,F22,DN50,Flange End"},"content":{"rendered":"<p>Caracter\u00edsticas de design<br \/>\n1. Porta completa ou porta convencional<br \/>\n2. Parafuso externo e garfo (OS&amp;Y)<br \/>\n3. Prensa de gaxeta autocompensadora de duas pe\u00e7as<br \/>\n4. Castelo aparafusado com junta em espiral, castelo soldado com rosca e veda\u00e7\u00e3o ou castelo com veda\u00e7\u00e3o roscada e de press\u00e3o<br \/>\n5. Banco traseiro integral<br \/>\n6.Dispon\u00edvel em ANSI 150-2500LB, tamanhos: 1\/2\u2033 a 2\u2033.<br \/>\n7.Materiais:A105N,LF2,F304,F316,F11,F22,F5,F91,liga de a\u00e7o etc.<br \/>\n8.Faixa de temperatura: 0\u00b0C a 538\u00b0C.<br \/>\n9.Porta: Porta Redutora e Porta Completa.<br \/>\n10.Conex\u00e3o final;NPT,BW,SW,RF,RTJ.<\/p>\n<table>\n<tbody>\n<tr>\n<td width=\"200\"><strong><b>Nome do Produto<\/b><\/strong><\/td>\n<td width=\"481\">2500LB Forged Steel Gate Valve,F22,DN50,Flange End<\/td>\n<\/tr>\n<tr>\n<td width=\"200\">1. Materiais<\/td>\n<td width=\"481\">F22<\/td>\n<\/tr>\n<tr>\n<td width=\"200\">2. Tamanho<\/td>\n<td width=\"481\">2\u201d<\/td>\n<\/tr>\n<tr>\n<td width=\"200\">4. Porto<\/td>\n<td width=\"481\">Porta Redutora<\/td>\n<\/tr>\n<tr>\n<td width=\"200\">5. Press\u00e3o de Trabalho<\/td>\n<td width=\"481\">2.500 libras<\/td>\n<\/tr>\n<tr>\n<td width=\"200\">6. Fim da conex\u00e3o<\/td>\n<td width=\"481\">Fim de RF<\/td>\n<\/tr>\n<tr>\n<td width=\"200\">7. Temperatura de trabalho.<\/td>\n<td width=\"481\">-29~590\u00baC,<\/td>\n<\/tr>\n<tr>\n<td width=\"200\">8. Meio Adequado<\/td>\n<td width=\"481\">\u00c1gua, G\u00e1s Natural, Petr\u00f3leo e algum l\u00edquido corrosivo<\/td>\n<\/tr>\n<tr>\n<td width=\"200\">9. Operado<\/td>\n<td width=\"481\">Volante<\/td>\n<\/tr>\n<tr>\n<td width=\"200\">10. Inspe\u00e7\u00e3o e Teste<\/td>\n<td width=\"481\">De acordo comAPI 598<\/td>\n<\/tr>\n<tr>\n<td width=\"200\"><strong><b>envio<\/b><\/strong><\/td>\n<td width=\"481\"><\/td>\n<\/tr>\n<tr>\n<td width=\"200\">Prazo de entrega<\/td>\n<td width=\"481\">30 dias<\/td>\n<\/tr>\n<tr>\n<td width=\"200\">Pacote<\/td>\n<td width=\"481\">Caixa de madeira compensada de exporta\u00e7\u00e3o padr\u00e3o<\/td>\n<\/tr>\n<tr>\n<td width=\"200\">Porto de embarque<\/td>\n<td width=\"481\">Ningbo\/Xangai, China<\/td>\n<\/tr>\n<tr>\n<td width=\"200\">Termos de envio<\/td>\n<td width=\"481\">Exw, FOB, CFR, CIF, etc.<\/td>\n<\/tr>\n<tr>\n<td width=\"200\">Termos de pagamento<\/td>\n<td width=\"481\">T\/T, Western Union, PayPal, etc.<\/td>\n<\/tr>\n<tr>\n<td width=\"200\"><\/td>\n<td width=\"481\">Pr\u00e9-pagamento 30%, saldo 70% pago antes do envio<\/td>\n<\/tr>\n<tr>\n<td width=\"200\">Pa\u00eds de origem<\/td>\n<td width=\"481\">Cidade de Wenzhou, China<\/td>\n<\/tr>\n<tr>\n<td width=\"200\">Capacidade de produ\u00e7\u00e3o<\/td>\n<td width=\"481\">6.000 toneladas\/ano<\/td>\n<\/tr>\n<tr>\n<td width=\"200\">Quantidade m\u00ednima<\/td>\n<td width=\"481\">10 unidades\/tamanho<\/td>\n<\/tr>\n<\/tbody>\n<\/table>","protected":false},"excerpt":{"rendered":"<p>STV Valve Technology Group Co., Ltd is a professional leader China Forged Steel Gate Valves, Seal Bonnet Gate Valves, Class 2500 Gate Valves,,Forged steel gate valve to API 602,China DN50 Forged Steel Gate Valves Manufacturer with high quality and competitive price.<\/p>","protected":false},"featured_media":7061,"template":"","meta":[],"product_brand":[],"product_cat":[44,59],"product_tag":[2188,2185,2187,657,2186],"class_list":{"0":"post-7060","1":"product","2":"type-product","3":"status-publish","4":"has-post-thumbnail","6":"product_cat-gate-valve","7":"product_cat-forged-steel-gate-valve","8":"product_tag-china-dn50-forged-steel-gate-valves-manufacturer","9":"product_tag-china-forged-steel-gate-valves","10":"product_tag-class-2500-gate-valves","11":"product_tag-forged-steel-gate-valve-to-api-602","12":"product_tag-seal-bonnet-gate-valves","14":"first","15":"instock","16":"shipping-taxable","17":"product-type-simple"},"_links":{"self":[{"href":"https:\/\/www.stvvalves.com\/pt\/wp-json\/wp\/v2\/product\/7060","targetHints":{"allow":["GET"]}}],"collection":[{"href":"https:\/\/www.stvvalves.com\/pt\/wp-json\/wp\/v2\/product"}],"about":[{"href":"https:\/\/www.stvvalves.com\/pt\/wp-json\/wp\/v2\/types\/product"}],"wp:featuredmedia":[{"embeddable":true,"href":"https:\/\/www.stvvalves.com\/pt\/wp-json\/wp\/v2\/media\/7061"}],"wp:attachment":[{"href":"https:\/\/www.stvvalves.com\/pt\/wp-json\/wp\/v2\/media?parent=7060"}],"wp:term":[{"taxonomy":"product_brand","embeddable":true,"href":"https:\/\/www.stvvalves.com\/pt\/wp-json\/wp\/v2\/product_brand?post=7060"},{"taxonomy":"product_cat","embeddable":true,"href":"https:\/\/www.stvvalves.com\/pt\/wp-json\/wp\/v2\/product_cat?post=7060"},{"taxonomy":"product_tag","embeddable":true,"href":"https:\/\/www.stvvalves.com\/pt\/wp-json\/wp\/v2\/product_tag?post=7060"}],"curies":[{"name":"wp","href":"https:\/\/api.w.org\/{rel}","templated":true}]}}