{"id":7072,"date":"2024-01-30T22:32:46","date_gmt":"2024-01-30T14:32:46","guid":{"rendered":"https:\/\/www.stvvalves.com\/?post_type=product&#038;p=7072"},"modified":"2024-01-30T22:32:47","modified_gmt":"2024-01-30T14:32:47","slug":"extension-stem-forged-gate-valveastm-a351-f304-3-4-inch800-lbsw","status":"publish","type":"product","link":"https:\/\/www.stvvalves.com\/pt\/products\/extension-stem-forged-gate-valveastm-a351-f304-3-4-inch800-lbsw\/","title":{"rendered":"Extension Stem Forged Gate Valve,ASTM A351 F304, 3\/4 Inch,800 LB,SW"},"content":{"rendered":"<p>API 602\/ASME B16.34<br \/>\nJunta espiral com SS304\/grafite ou SS316\/grafite<br \/>\nCunha s\u00f3lida<br \/>\nParafuso externo e garfo (OS&amp;Y)<br \/>\nGl\u00e2ndula autocompensadora de duas pe\u00e7as<br \/>\nProjetos compactos e robustos para servi\u00e7os em alta press\u00e3o e temperatura<br \/>\nSubstitui\u00e7\u00e3o do volante sem afetar a posi\u00e7\u00e3o do port\u00e3o.<\/p>\n<p>Material do corpo\/cap\u00f4: ASTM A105\/F316\/F316L\/F304\/F304L\/F11\/F22\/<br \/>\nClassifica\u00e7\u00e3o da v\u00e1lvula: CLASSE 800 (PN130) e CLASSE 1500 (PN260)<br \/>\nTamanho da porta: Porta Padr\u00e3o\/Porta Completa<br \/>\nSize Range : 1\/4\u2033 \u2013 2\u2033 (8mm \u2013 50mm)<br \/>\nConex\u00f5es finais: Rosqueadas (NPT\/BSPT\/DIN), Soldagem de soquete<br \/>\nTemperatura de trabalho: (Para A105) -29\u00b0C~425\u00b0C;<br \/>\nAplica\u00e7\u00e3o de servi\u00e7o: Hidr\u00e1ulica, Vapor, Qu\u00edmica, Petr\u00f3leo\/G\u00e1s<br \/>\nEnergia, Petroqu\u00edmica, Marinha, Minera\u00e7\u00e3o<br \/>\nConstru\u00e7\u00e3o<\/p>\n<table>\n<tbody>\n<tr>\n<td width=\"200\"><strong><b>Nome do Produto<\/b><\/strong><\/td>\n<td width=\"481\">Extension Stem Forged Gate Valve,ASTM A351 F304, 3\/4 Inch,800 LB,SW<\/td>\n<\/tr>\n<tr>\n<td width=\"200\">1. Materiais<\/td>\n<td width=\"481\">F304<\/td>\n<\/tr>\n<tr>\n<td width=\"200\">2. Tamanho<\/td>\n<td width=\"481\">3\/4\u201d<\/td>\n<\/tr>\n<tr>\n<td width=\"200\">4. Porto<\/td>\n<td width=\"481\">Porta Redutora<\/td>\n<\/tr>\n<tr>\n<td width=\"200\">5. Press\u00e3o de Trabalho<\/td>\n<td width=\"481\">800 libras<\/td>\n<\/tr>\n<tr>\n<td width=\"200\">6. Fim da conex\u00e3o<\/td>\n<td width=\"481\">Extremidade de solda de soquete<\/td>\n<\/tr>\n<tr>\n<td width=\"200\">7. Temperatura de trabalho.<\/td>\n<td width=\"481\">-29~600\u00baC,<\/td>\n<\/tr>\n<tr>\n<td width=\"200\">8. Meio Adequado<\/td>\n<td width=\"481\">\u00c1gua, G\u00e1s Natural, Petr\u00f3leo e algum l\u00edquido corrosivo<\/td>\n<\/tr>\n<tr>\n<td width=\"200\">9. Operado<\/td>\n<td width=\"481\">Volante<\/td>\n<\/tr>\n<tr>\n<td width=\"200\">10. Inspe\u00e7\u00e3o e Teste<\/td>\n<td width=\"481\">De acordo comAPI 598<\/td>\n<\/tr>\n<tr>\n<td width=\"200\"><strong><b>envio<\/b><\/strong><\/td>\n<td width=\"481\"><\/td>\n<\/tr>\n<tr>\n<td width=\"200\">Prazo de entrega<\/td>\n<td width=\"481\">30 dias<\/td>\n<\/tr>\n<tr>\n<td width=\"200\">Pacote<\/td>\n<td width=\"481\">Caixa de madeira compensada de exporta\u00e7\u00e3o padr\u00e3o<\/td>\n<\/tr>\n<tr>\n<td width=\"200\">Porto de embarque<\/td>\n<td width=\"481\">Ningbo\/Xangai, China<\/td>\n<\/tr>\n<tr>\n<td width=\"200\">Termos de envio<\/td>\n<td width=\"481\">Exw, FOB, CFR, CIF, etc.<\/td>\n<\/tr>\n<tr>\n<td width=\"200\">Termos de pagamento<\/td>\n<td width=\"481\">T\/T, Western Union, PayPal, etc.<\/td>\n<\/tr>\n<tr>\n<td width=\"200\"><\/td>\n<td width=\"481\">Pr\u00e9-pagamento 30%, saldo 70% pago antes do envio<\/td>\n<\/tr>\n<tr>\n<td width=\"200\">Pa\u00eds de origem<\/td>\n<td width=\"481\">Cidade de Wenzhou, China<\/td>\n<\/tr>\n<tr>\n<td width=\"200\">Capacidade de produ\u00e7\u00e3o<\/td>\n<td width=\"481\">6.000 toneladas\/ano<\/td>\n<\/tr>\n<tr>\n<td width=\"200\">Quantidade m\u00ednima<\/td>\n<td width=\"481\">10 unidades\/tamanho<\/td>\n<\/tr>\n<\/tbody>\n<\/table>","protected":false},"excerpt":{"rendered":"<p>STV Valve Technology Group Co., Ltd is a professional leader China Extension Stem Forged Gate Valve,ASTM A351 F304 Extension Stem\u00a0 Gate Valve, 3\/4 Inch Extension Stem\u00a0 Gate Valve,800 LB Extension Stem\u00a0 Gate Valve,SW Extension Stem\u00a0 Gate Valve Manufacturer with high quality and competitive price.<\/p>","protected":false},"featured_media":7073,"template":"","meta":[],"product_brand":[],"product_cat":[44,59],"product_tag":[2204,2205,2203,2202,2206],"class_list":{"0":"post-7072","1":"product","2":"type-product","3":"status-publish","4":"has-post-thumbnail","6":"product_cat-gate-valve","7":"product_cat-forged-steel-gate-valve","8":"product_tag-3-4-inch-extension-stem-gate-valve","9":"product_tag-800-lb-extension-stem-gate-valve","10":"product_tag-astm-a351-f304-extension-stem-gate-valve","11":"product_tag-china-extension-stem-forged-gate-valve","12":"product_tag-sw-extension-stem-gate-valve-manufacturer","14":"first","15":"instock","16":"shipping-taxable","17":"product-type-simple"},"_links":{"self":[{"href":"https:\/\/www.stvvalves.com\/pt\/wp-json\/wp\/v2\/product\/7072","targetHints":{"allow":["GET"]}}],"collection":[{"href":"https:\/\/www.stvvalves.com\/pt\/wp-json\/wp\/v2\/product"}],"about":[{"href":"https:\/\/www.stvvalves.com\/pt\/wp-json\/wp\/v2\/types\/product"}],"wp:featuredmedia":[{"embeddable":true,"href":"https:\/\/www.stvvalves.com\/pt\/wp-json\/wp\/v2\/media\/7073"}],"wp:attachment":[{"href":"https:\/\/www.stvvalves.com\/pt\/wp-json\/wp\/v2\/media?parent=7072"}],"wp:term":[{"taxonomy":"product_brand","embeddable":true,"href":"https:\/\/www.stvvalves.com\/pt\/wp-json\/wp\/v2\/product_brand?post=7072"},{"taxonomy":"product_cat","embeddable":true,"href":"https:\/\/www.stvvalves.com\/pt\/wp-json\/wp\/v2\/product_cat?post=7072"},{"taxonomy":"product_tag","embeddable":true,"href":"https:\/\/www.stvvalves.com\/pt\/wp-json\/wp\/v2\/product_tag?post=7072"}],"curies":[{"name":"wp","href":"https:\/\/api.w.org\/{rel}","templated":true}]}}