{"id":7074,"date":"2024-01-30T22:46:30","date_gmt":"2024-01-30T14:46:30","guid":{"rendered":"https:\/\/www.stvvalves.com\/?post_type=product&#038;p=7074"},"modified":"2024-12-24T15:36:36","modified_gmt":"2024-12-24T07:36:36","slug":"extension-stem-forged-steel-globe-valve-f304-2-inch-800-lb-bw-end","status":"publish","type":"product","link":"https:\/\/www.stvvalves.com\/pt\/products\/extension-stem-forged-steel-globe-valve-f304-2-inch-800-lb-bw-end\/","title":{"rendered":"Extension Stem Forged Steel Globe Valve,F304,2 Inch,800 LB,BW End"},"content":{"rendered":"<p>Padr\u00e3o aplic\u00e1vel<br \/>\nPadr\u00e3o de projeto: API 602, ASME B16.34, BS 5352, DIN3352<br \/>\nCara a Cara: ASME B16.10, EN 558, DIN3202<br \/>\nFlange final: ASME B16.5, DIN2533<br \/>\nExtremidades de soldagem de topo: ASME B16.25, DIN3239<br \/>\nExtremidades soldadas por soquete: ASME B16.11<br \/>\nExtremidades roscadas: ASME B1.20.1<br \/>\nInspe\u00e7\u00e3o e Teste: API 598, DIN 3202<\/p>\n<p>Materiais do corpo: A105,LF2,F9,F11,F22,F304,F304L,F316,F316L,F321,F51, liga de a\u00e7o, etc.<br \/>\nCorte: por API 602<br \/>\nOpera\u00e7\u00e3o: Volante<\/p>\n<p>Gama de Produtos<br \/>\nSize: 1\/2\u2033 ~ 2\u2033 (DN15 ~ DN50)<br \/>\nClassifica\u00e7\u00e3o: ANSI 150 lb ~ 2.500 lb (PN 1,0 ~ PN 320)<\/p>\n<table>\n<tbody>\n<tr>\n<td width=\"200\"><strong>Nome do Produto<\/strong><\/td>\n<td width=\"481\">\u00a0Extension Stem Forged Steel Globe Valve,F304,2 Inch,800 LB,BW End<\/td>\n<\/tr>\n<tr>\n<td width=\"200\">1. Materiais<\/td>\n<td width=\"481\">F303<\/td>\n<\/tr>\n<tr>\n<td width=\"200\">2. Tamanho<\/td>\n<td width=\"481\">2\u201d<\/td>\n<\/tr>\n<tr>\n<td width=\"200\">4. Porto<\/td>\n<td width=\"481\">Porta Redutora<\/td>\n<\/tr>\n<tr>\n<td width=\"200\">5. Press\u00e3o de Trabalho<\/td>\n<td width=\"481\">800 libras<\/td>\n<\/tr>\n<tr>\n<td width=\"200\">6. Fim da conex\u00e3o<\/td>\n<td width=\"481\">PN<\/td>\n<\/tr>\n<tr>\n<td width=\"200\">7. Temperatura de trabalho.<\/td>\n<td width=\"481\">-29~425\u00baC,<\/td>\n<\/tr>\n<tr>\n<td width=\"200\">8. Meio Adequado<\/td>\n<td width=\"481\">\u00c1gua, G\u00e1s Natural, Petr\u00f3leo e algum l\u00edquido corrosivo<\/td>\n<\/tr>\n<tr>\n<td width=\"200\">9. Operado<\/td>\n<td width=\"481\">Volante<\/td>\n<\/tr>\n<tr>\n<td width=\"200\">10. Inspe\u00e7\u00e3o e Teste<\/td>\n<td width=\"481\">De acordo com API598<\/td>\n<\/tr>\n<tr>\n<td width=\"200\"><strong>envio<\/strong><\/td>\n<td width=\"481\"><\/td>\n<\/tr>\n<tr>\n<td width=\"200\">Prazo de entrega<\/td>\n<td width=\"481\">30 dias<\/td>\n<\/tr>\n<tr>\n<td width=\"200\">Pacote<\/td>\n<td width=\"481\">Caixa de madeira compensada de exporta\u00e7\u00e3o padr\u00e3o<\/td>\n<\/tr>\n<tr>\n<td width=\"200\">Porto de embarque<\/td>\n<td width=\"481\">Ningbo\/Xangai, China<\/td>\n<\/tr>\n<tr>\n<td width=\"200\">Termos de envio<\/td>\n<td width=\"481\">Exw, FOB, CFR, CIF, etc.<\/td>\n<\/tr>\n<tr>\n<td width=\"200\">Termos de pagamento<\/td>\n<td width=\"481\">T\/T, Western Union, PayPal, etc.<\/td>\n<\/tr>\n<tr>\n<td width=\"200\"><\/td>\n<td width=\"481\">Pr\u00e9-pagamento 30%, saldo 70% pago antes do envio<\/td>\n<\/tr>\n<tr>\n<td width=\"200\">Pa\u00eds de origem<\/td>\n<td width=\"481\">Cidade de Wenzhou, China<\/td>\n<\/tr>\n<tr>\n<td width=\"200\">Capacidade de produ\u00e7\u00e3o<\/td>\n<td width=\"481\">6.000 toneladas\/ano<\/td>\n<\/tr>\n<\/tbody>\n<\/table>","protected":false},"excerpt":{"rendered":"<p>STV Valve Technology Group Co., Ltd is a professional leader China Extension Stem F304 Globe Valve ,Forged Carbon Steel Globe Valve,API 602 Globe Valve, Extension Stem\u00a0 Globe Valve,F304,2 Inch Extension Stem Globe Valve,,800 LB Extension Stem Globe Valve,,BW End Extension Stem Globe Valve,, 1 Inch Extension Stem Globe Valve manufacturer with high quality and competitive price.<\/p>","protected":false},"featured_media":7075,"template":"","meta":[],"product_brand":[],"product_cat":[45,64],"product_tag":[2212,2209,2210,212,2211,2207,2208,96,439],"class_list":{"0":"post-7074","1":"product","2":"type-product","3":"status-publish","4":"has-post-thumbnail","6":"product_cat-globe-valve","7":"product_cat-foreged-steel-globe-valve","8":"product_tag-1-inch-extension-stem-globe-valve-manufacturer","9":"product_tag-2-inch-extension-stem-globe-valve","10":"product_tag-800-lb-extension-stem-globe-valve","11":"product_tag-api-602-globe-valve","12":"product_tag-bw-end-extension-stem-globe-valve","13":"product_tag-china-extension-stem-f304-globe-valve","14":"product_tag-extension-stem-globe-valve","15":"product_tag-f304","16":"product_tag-forged-carbon-steel-globe-valve","18":"first","19":"instock","20":"shipping-taxable","21":"product-type-simple"},"_links":{"self":[{"href":"https:\/\/www.stvvalves.com\/pt\/wp-json\/wp\/v2\/product\/7074","targetHints":{"allow":["GET"]}}],"collection":[{"href":"https:\/\/www.stvvalves.com\/pt\/wp-json\/wp\/v2\/product"}],"about":[{"href":"https:\/\/www.stvvalves.com\/pt\/wp-json\/wp\/v2\/types\/product"}],"wp:featuredmedia":[{"embeddable":true,"href":"https:\/\/www.stvvalves.com\/pt\/wp-json\/wp\/v2\/media\/7075"}],"wp:attachment":[{"href":"https:\/\/www.stvvalves.com\/pt\/wp-json\/wp\/v2\/media?parent=7074"}],"wp:term":[{"taxonomy":"product_brand","embeddable":true,"href":"https:\/\/www.stvvalves.com\/pt\/wp-json\/wp\/v2\/product_brand?post=7074"},{"taxonomy":"product_cat","embeddable":true,"href":"https:\/\/www.stvvalves.com\/pt\/wp-json\/wp\/v2\/product_cat?post=7074"},{"taxonomy":"product_tag","embeddable":true,"href":"https:\/\/www.stvvalves.com\/pt\/wp-json\/wp\/v2\/product_tag?post=7074"}],"curies":[{"name":"wp","href":"https:\/\/api.w.org\/{rel}","templated":true}]}}