{"id":7085,"date":"2024-02-01T21:38:31","date_gmt":"2024-02-01T13:38:31","guid":{"rendered":"https:\/\/www.stvvalves.com\/?post_type=product&#038;p=7085"},"modified":"2024-12-07T09:25:43","modified_gmt":"2024-12-07T01:25:43","slug":"astm-b148-c95500-globe-valve-bs1878-14-inch-150-lb-rf","status":"publish","type":"product","link":"https:\/\/www.stvvalves.com\/pt\/products\/astm-b148-c95500-globe-valve-bs1878-14-inch-150-lb-rf\/","title":{"rendered":"ASTM B148 C95500 Globe Valve,BS1878,14 Inch,150 LB,RF"},"content":{"rendered":"<div class=\"summary entry-summary\"><\/div>\n<div class=\"woocommerce-tabs wc-tabs-wrapper\">\n<div id=\"tab-description\" class=\"woocommerce-Tabs-panel woocommerce-Tabs-panel--description panel entry-content wc-tab\" role=\"tabpanel\" aria-labelledby=\"tab-title-description\">\n<p><strong>Padr\u00f5es aplic\u00e1veis:\u00a0\u00a0\u00a0\u00a0\u00a0\u00a0<\/strong><br \/>\nV\u00e1lvula globo, BS1878\/ASME B16.34<br \/>\nV\u00e1lvulas de a\u00e7o, ASME B16.34<br \/>\nCara a cara ASME B16.10<br \/>\nFlanges finais ASME B16.5\/ASME B16.47<br \/>\nSoldagem de topo termina ASME B16.25<br \/>\nInspe\u00e7\u00e3o e teste API 598<\/p>\n<p><strong>Material:\u00a0<\/strong>C95800,C95400,C95500,C83600,<br \/>\n<strong>Faixa de tamanho:<\/strong>\u00a02\u2033~36\u2033<br \/>\n<strong>Classifica\u00e7\u00e3o de press\u00e3o:\u00a0<\/strong>ASME CL, 150, 300, 600, 900, 1500, 2500<br \/>\n<strong>Faixa de temperatura:<\/strong>\u00a0-196\u2103~650\u2103<\/p>\n<p><strong>Descri\u00e7\u00e3o do projeto:<\/strong><br \/>\n\u2013 Parafuso Externo e Garfo<br \/>\n\u2013 Castelo aparafusado e veda\u00e7\u00e3o de press\u00e3o<br \/>\n\u2013 Haste ascendente<br \/>\n\u2013 Dispon\u00edvel com operador de engrenagem<br \/>\n\u2013 Extremidades de flange e extremidades soldadas<br \/>\n\u2013 Design de baixo torque, haste de superf\u00edcie lisa.<\/p>\n<p>Opera\u00e7\u00e3o: volante, caixa de engrenagens, el\u00e9trica, etc.<\/p>\n<table>\n<tbody>\n<tr>\n<td width=\"200\"><strong>Nome do Produto<\/strong><\/td>\n<td width=\"481\">ASTM B148 C95500 Globe Valve,BS1878,14 Inch,150 LB,RF<\/td>\n<\/tr>\n<tr>\n<td width=\"200\">1. Materiais<\/td>\n<td width=\"481\">C95500<\/td>\n<\/tr>\n<tr>\n<td width=\"200\">2. Tamanho<\/td>\n<td width=\"481\">14\u201d<\/td>\n<\/tr>\n<tr>\n<td width=\"200\">4. Porto<\/td>\n<td width=\"481\">Porto completo<\/td>\n<\/tr>\n<tr>\n<td width=\"200\">5. Press\u00e3o de Trabalho<\/td>\n<td width=\"481\">150 libras<\/td>\n<\/tr>\n<tr>\n<td width=\"200\">6. Fim da conex\u00e3o<\/td>\n<td width=\"481\">RF<\/td>\n<\/tr>\n<tr>\n<td width=\"200\">7. Temperatura de trabalho.<\/td>\n<td width=\"481\">-29~300\u00baC,<\/td>\n<\/tr>\n<tr>\n<td width=\"200\">8. Meio Adequado<\/td>\n<td width=\"481\">\u00c1gua, G\u00e1s Natural, Petr\u00f3leo e algum l\u00edquido corrosivo<\/td>\n<\/tr>\n<tr>\n<td width=\"200\">9. Operado<\/td>\n<td width=\"481\">Caixa de velocidade<\/td>\n<\/tr>\n<tr>\n<td width=\"200\">10. Inspe\u00e7\u00e3o e Teste<\/td>\n<td width=\"481\">De acordo com API598<\/td>\n<\/tr>\n<tr>\n<td width=\"200\"><strong>envio<\/strong><\/td>\n<td width=\"481\"><\/td>\n<\/tr>\n<tr>\n<td width=\"200\">Prazo de entrega<\/td>\n<td width=\"481\">30 dias<\/td>\n<\/tr>\n<tr>\n<td width=\"200\">Pacote<\/td>\n<td width=\"481\">Caixa de madeira compensada de exporta\u00e7\u00e3o padr\u00e3o<\/td>\n<\/tr>\n<tr>\n<td width=\"200\">Porto de embarque<\/td>\n<td width=\"481\">Ningbo\/Xangai, China<\/td>\n<\/tr>\n<tr>\n<td width=\"200\">Termos de envio<\/td>\n<td width=\"481\">Exw, FOB, CFR, CIF, etc.<\/td>\n<\/tr>\n<tr>\n<td width=\"200\">Termos de pagamento<\/td>\n<td width=\"481\">T\/T, Western Union, PayPal, etc.<\/td>\n<\/tr>\n<tr>\n<td width=\"200\"><\/td>\n<td width=\"481\">Pr\u00e9-pagamento 30%, saldo 70% pago antes do envio<\/td>\n<\/tr>\n<tr>\n<td width=\"200\">Pa\u00eds de origem<\/td>\n<td width=\"481\">Cidade de Wenzhou, China<\/td>\n<\/tr>\n<tr>\n<td width=\"200\">Capacidade de produ\u00e7\u00e3o<\/td>\n<td width=\"481\">6.000 toneladas\/ano<\/td>\n<\/tr>\n<tr>\n<td width=\"200\">Quantidade m\u00ednima<\/td>\n<td width=\"481\">1 pe\u00e7a\/tamanho<\/td>\n<\/tr>\n<\/tbody>\n<\/table>\n<\/div>\n<\/div>","protected":false},"excerpt":{"rendered":"<p>STV Valve Technology Group Co., Ltd is a professional leader China ASTM B148 C95500 Globe Valve, BS1878 C95500 Globe Valve, 14 Inch C95500 Globe Valve, 150 LB C95500 Globe Valve, RF C95500 Globe Valve Manufacturer with high quality and competitive price<\/p>","protected":false},"featured_media":7086,"template":"","meta":[],"product_brand":[],"product_cat":[45,63],"product_tag":[2241,2242,2240,2239,2243],"class_list":{"0":"post-7085","1":"product","2":"type-product","3":"status-publish","4":"has-post-thumbnail","6":"product_cat-globe-valve","7":"product_cat-cast-steel-globe-valve","8":"product_tag-14-inch-c95500-globe-valve","9":"product_tag-150-lb-c95500-globe-valve","10":"product_tag-bs1878-c95500-globe-valve","11":"product_tag-china-astm-b148-c95500-globe-valve","12":"product_tag-rf-c95500-globe-valve-manufacturer","14":"first","15":"instock","16":"shipping-taxable","17":"product-type-simple"},"_links":{"self":[{"href":"https:\/\/www.stvvalves.com\/pt\/wp-json\/wp\/v2\/product\/7085","targetHints":{"allow":["GET"]}}],"collection":[{"href":"https:\/\/www.stvvalves.com\/pt\/wp-json\/wp\/v2\/product"}],"about":[{"href":"https:\/\/www.stvvalves.com\/pt\/wp-json\/wp\/v2\/types\/product"}],"wp:featuredmedia":[{"embeddable":true,"href":"https:\/\/www.stvvalves.com\/pt\/wp-json\/wp\/v2\/media\/7086"}],"wp:attachment":[{"href":"https:\/\/www.stvvalves.com\/pt\/wp-json\/wp\/v2\/media?parent=7085"}],"wp:term":[{"taxonomy":"product_brand","embeddable":true,"href":"https:\/\/www.stvvalves.com\/pt\/wp-json\/wp\/v2\/product_brand?post=7085"},{"taxonomy":"product_cat","embeddable":true,"href":"https:\/\/www.stvvalves.com\/pt\/wp-json\/wp\/v2\/product_cat?post=7085"},{"taxonomy":"product_tag","embeddable":true,"href":"https:\/\/www.stvvalves.com\/pt\/wp-json\/wp\/v2\/product_tag?post=7085"}],"curies":[{"name":"wp","href":"https:\/\/api.w.org\/{rel}","templated":true}]}}