{"id":7111,"date":"2024-02-06T16:42:18","date_gmt":"2024-02-06T08:42:18","guid":{"rendered":"https:\/\/www.stvvalves.com\/?post_type=product&#038;p=7111"},"modified":"2024-12-24T19:34:38","modified_gmt":"2024-12-24T11:34:38","slug":"300lb-three-eccentric-butterfly-valve-10-inch-metal-seat-wcb","status":"publish","type":"product","link":"https:\/\/www.stvvalves.com\/pt\/products\/300lb-three-eccentric-butterfly-valve-10-inch-metal-seat-wcb\/","title":{"rendered":"300LB Three Eccentric Butterfly Valve,10 Inch,Metal Seat,WCB"},"content":{"rendered":"<p>Projeto e Fabrica\u00e7\u00e3o: API 609<\/p>\n<p>Dimens\u00e3o face a face: API609, ISO5752, ASME B16.10<\/p>\n<p>Dimens\u00e3o da conex\u00e3o do flange: ASME B16.5, ASME B16.47<\/p>\n<p>Teste e inspe\u00e7\u00e3o: API 598<\/p>\n<p>Classifica\u00e7\u00e3o de temperatura de press\u00e3o: API 609, ASME B16.34<br \/>\nGama de Produtos<\/p>\n<p>Material do corpo:A\u00e7o Fundido,A\u00e7o Inoxid\u00e1vel,Monel<\/p>\n<p>Di\u00e2metro nominal: 2\u2033~120\u2033(DN50~DN3000\uff09<\/p>\n<p>Conex\u00e3o final: Flange Duplo, Wafer, Lug, etc.<\/p>\n<p>Faixa de press\u00e3o: Classe150 ~ 600\uff08PN16~PN100\uff09<\/p>\n<p>Temperatura de trabalho:-46\u2103 ~ +550\u2103<\/p>\n<p>Opera\u00e7\u00e3o: Al\u00e7a, Engrenagem, Atuador El\u00e9trico, etc.<\/p>\n<table>\n<tbody>\n<tr>\n<td width=\"200\"><strong><b>Nome do Produto<\/b><\/strong><\/td>\n<td width=\"481\">Three Eccentric Butterfly Valve,38 Inch,Metal Seat,WCB,150LB<\/td>\n<\/tr>\n<tr>\n<td width=\"200\">1. Materiais<\/td>\n<td width=\"481\">WCB<\/td>\n<\/tr>\n<tr>\n<td width=\"200\">2. Tamanho<\/td>\n<td width=\"481\">38\u201d<\/td>\n<\/tr>\n<tr>\n<td width=\"200\">4. Porto<\/td>\n<td width=\"481\">Porto completo<\/td>\n<\/tr>\n<tr>\n<td width=\"200\">5. Press\u00e3o de Trabalho<\/td>\n<td width=\"481\">150 libras<\/td>\n<\/tr>\n<tr>\n<td width=\"200\">6. Fim da conex\u00e3o<\/td>\n<td width=\"481\">H\u00f3stia<\/td>\n<\/tr>\n<tr>\n<td width=\"200\">7. Temperatura de trabalho.<\/td>\n<td width=\"481\">-29~425\u00baC,<\/td>\n<\/tr>\n<tr>\n<td width=\"200\">8. Meio Adequado<\/td>\n<td width=\"481\">\u00c1gua, G\u00e1s Natural, Petr\u00f3leo e algum l\u00edquido corrosivo<\/td>\n<\/tr>\n<tr>\n<td width=\"200\">9. Operado<\/td>\n<td width=\"481\">Caixa de velocidade<\/td>\n<\/tr>\n<tr>\n<td width=\"200\">10. Inspe\u00e7\u00e3o e Teste<\/td>\n<td width=\"481\">De acordo comAPI 598<\/td>\n<\/tr>\n<tr>\n<td width=\"200\">envio<\/td>\n<td width=\"481\"><\/td>\n<\/tr>\n<tr>\n<td width=\"200\">Prazo de entrega<\/td>\n<td width=\"481\">30 dias<\/td>\n<\/tr>\n<tr>\n<td width=\"200\">Pacote<\/td>\n<td width=\"481\">Caixa de madeira compensada de exporta\u00e7\u00e3o padr\u00e3o<\/td>\n<\/tr>\n<tr>\n<td width=\"200\">Porto de embarque<\/td>\n<td width=\"481\">Ningbo\/Xangai, China<\/td>\n<\/tr>\n<tr>\n<td width=\"200\">Termos de envio<\/td>\n<td width=\"481\">Exw, FOB, CFR, CIF, etc.<\/td>\n<\/tr>\n<tr>\n<td width=\"200\">Termos de pagamento<\/td>\n<td width=\"481\">T\/T, Western Union, PayPal, etc.<\/td>\n<\/tr>\n<tr>\n<td width=\"200\"><\/td>\n<td width=\"481\">Pr\u00e9-pagamento 30%, saldo 70% pago antes do envio<\/td>\n<\/tr>\n<tr>\n<td width=\"200\">Pa\u00eds de origem<\/td>\n<td width=\"481\">Cidade de Wenzhou, China<\/td>\n<\/tr>\n<tr>\n<td width=\"200\">Capacidade de produ\u00e7\u00e3o<\/td>\n<td width=\"481\">6.000 toneladas\/ano<\/td>\n<\/tr>\n<tr>\n<td width=\"200\">Quantidade m\u00ednima<\/td>\n<td width=\"481\">10 unidades\/tamanho<\/td>\n<\/tr>\n<\/tbody>\n<\/table>","protected":false},"excerpt":{"rendered":"<p>STV Valve Technology Group Co., Ltd is a professional leader China Wafer Butterfly Valve,300LB Three Eccentric Butterfly Valve\uff0cHigh performance Butterfly Valves,300LB Wafer Butterfly Valves,Three Eccentric Butterfly Valve,10 Inch Wafer Butterfly Valve,China Wafer Type Metal Seal Butterfly Valve With Gearbox Manufacture with high quality and competitive price.<\/p>","protected":false},"featured_media":7112,"template":"","meta":[],"product_brand":[],"product_cat":[965,971],"product_tag":[2277,2276,2142,2201,732,2274,2278],"class_list":{"0":"post-7111","1":"product","2":"type-product","3":"status-publish","4":"has-post-thumbnail","6":"product_cat-butterfly-valve","7":"product_cat-wafer-butterfly-valve","8":"product_tag-10-inch-wafer-butterfly-valve","9":"product_tag-300lb-wafer-butterfly-valves","10":"product_tag-china-wafer-butterfly-valve","11":"product_tag-china-wafer-type-metal-seal-butterfly-valve-with-gearbox-manufacture","12":"product_tag-high-performance-butterfly-valves","13":"product_tag-three-eccentric-butterfly-valve","14":"product_tag-wcb-wafer-butterfly-valve","16":"first","17":"instock","18":"shipping-taxable","19":"product-type-simple"},"_links":{"self":[{"href":"https:\/\/www.stvvalves.com\/pt\/wp-json\/wp\/v2\/product\/7111","targetHints":{"allow":["GET"]}}],"collection":[{"href":"https:\/\/www.stvvalves.com\/pt\/wp-json\/wp\/v2\/product"}],"about":[{"href":"https:\/\/www.stvvalves.com\/pt\/wp-json\/wp\/v2\/types\/product"}],"wp:featuredmedia":[{"embeddable":true,"href":"https:\/\/www.stvvalves.com\/pt\/wp-json\/wp\/v2\/media\/7112"}],"wp:attachment":[{"href":"https:\/\/www.stvvalves.com\/pt\/wp-json\/wp\/v2\/media?parent=7111"}],"wp:term":[{"taxonomy":"product_brand","embeddable":true,"href":"https:\/\/www.stvvalves.com\/pt\/wp-json\/wp\/v2\/product_brand?post=7111"},{"taxonomy":"product_cat","embeddable":true,"href":"https:\/\/www.stvvalves.com\/pt\/wp-json\/wp\/v2\/product_cat?post=7111"},{"taxonomy":"product_tag","embeddable":true,"href":"https:\/\/www.stvvalves.com\/pt\/wp-json\/wp\/v2\/product_tag?post=7111"}],"curies":[{"name":"wp","href":"https:\/\/api.w.org\/{rel}","templated":true}]}}