{"id":7120,"date":"2024-03-19T09:59:06","date_gmt":"2024-03-19T01:59:06","guid":{"rendered":"https:\/\/www.stvvalves.com\/?post_type=product&#038;p=7120"},"modified":"2024-03-19T10:00:34","modified_gmt":"2024-03-19T02:00:34","slug":"astm-b148-c95800-globe-valve-api-602-3-4-inch-800-lb-sw","status":"publish","type":"product","link":"https:\/\/www.stvvalves.com\/pt\/products\/astm-b148-c95800-globe-valve-api-602-3-4-inch-800-lb-sw\/","title":{"rendered":"ASTM B148 C95800 Globe Valve, API 602, 3\/4 Inch, 800 LB,SW"},"content":{"rendered":"<p>Projeto e fabrica\u00e7\u00e3o de acordo com: API 602\/MSS SP-118<\/p>\n<p>Cara a Cara de acordo com: ASME B16.10<\/p>\n<p>Dimens\u00f5es do flange de acordo com: ASME B16.5<\/p>\n<p>Press\u00e3o e temperatura de acordo com: ASME B16.34<\/p>\n<p>Teste e inspe\u00e7\u00e3o de acordo com: API 6D \/ API 598<\/p>\n<p>Inspe\u00e7\u00e3o Visual de acordo com: MSS SP-55<\/p>\n<p>Marca\u00e7\u00e3o de acordo com: MSS SP-25<\/p>\n<p>Caracter\u00edsticas principais:<br \/>\nOperador de volante<br \/>\nCastelo de veda\u00e7\u00e3o, castelo de solda, castelo de parafuso.<br \/>\nParafusado BSP, NPT ou solda de soquete.<br \/>\nTamanhos 1\/2\u2033 a 2\u2033<br \/>\nMaterial:ASTM B148 C95400, C95500, C95800<br \/>\nASTM B150 C63000, C63200..<br \/>\nFaixa de temperatura: -29\u00b0C a 560\u00b0C<br \/>\nPress\u00e3o at\u00e9 420bar (150LB-2500LB)<\/p>\n<table>\n<tbody>\n<tr>\n<td width=\"200\"><strong><b>Nome do Produto<\/b><\/strong><\/td>\n<td width=\"481\">ASTM B148 C95800 Globe Valve, API 602, 3\/4 Inch, 800 LB,SW<\/td>\n<\/tr>\n<tr>\n<td width=\"200\">1. Materiais<\/td>\n<td width=\"481\">ASTM B148 C95400, C95500, C95800<br \/>\nASTM B150 C63000, C63200.<\/td>\n<\/tr>\n<tr>\n<td width=\"200\">2. Tamanho<\/td>\n<td width=\"481\">1\/2\u201d~2\u201d (DN15~DN50)<\/td>\n<\/tr>\n<tr>\n<td width=\"200\">4. Porto<\/td>\n<td width=\"481\">Porta Redutora ou Porta Completa<\/td>\n<\/tr>\n<tr>\n<td width=\"200\">5. Press\u00e3o de Trabalho<\/td>\n<td width=\"481\">150 libras ~ 2500 libras<\/td>\n<\/tr>\n<tr>\n<td width=\"200\">6. Fim da conex\u00e3o<\/td>\n<td width=\"481\">BSP, NPT ou soquete Weld.Butt-Weld<\/td>\n<\/tr>\n<tr>\n<td width=\"200\">7. Temperatura de trabalho.<\/td>\n<td width=\"481\">-29~425\u00baC, ou de acordo com as necessidades do cliente para diferentes ind\u00fastrias.<\/td>\n<\/tr>\n<tr>\n<td width=\"200\">8. Meio Adequado<\/td>\n<td width=\"481\">\u00c1gua, G\u00e1s Natural, Petr\u00f3leo e algum l\u00edquido corrosivo<\/td>\n<\/tr>\n<tr>\n<td width=\"200\">9. Operado<\/td>\n<td width=\"481\">Volante<\/td>\n<\/tr>\n<tr>\n<td width=\"200\">10. Inspe\u00e7\u00e3o e Teste<\/td>\n<td width=\"481\">De acordo com API598<\/td>\n<\/tr>\n<tr>\n<td width=\"200\"><strong><b>envio<\/b><\/strong><\/td>\n<td width=\"481\"><\/td>\n<\/tr>\n<tr>\n<td width=\"200\">Prazo de entrega<\/td>\n<td width=\"481\">15~20 dias<\/td>\n<\/tr>\n<tr>\n<td width=\"200\">Pacote<\/td>\n<td width=\"481\">Caixa de madeira compensada de exporta\u00e7\u00e3o padr\u00e3o<\/td>\n<\/tr>\n<tr>\n<td width=\"200\">Porto de embarque<\/td>\n<td width=\"481\">Ningbo\/Xangai, China<\/td>\n<\/tr>\n<tr>\n<td width=\"200\">Termos de envio<\/td>\n<td width=\"481\">Exw, FOB, CFR, CIF, etc.<\/td>\n<\/tr>\n<tr>\n<td width=\"200\">Termos de pagamento<\/td>\n<td width=\"481\">T\/T, Western Union, PayPal, etc.<\/td>\n<\/tr>\n<tr>\n<td width=\"200\"><\/td>\n<td width=\"481\">Pr\u00e9-pagamento 30%, saldo 70% pago antes do envio<\/td>\n<\/tr>\n<tr>\n<td width=\"200\">Pa\u00eds de origem<\/td>\n<td width=\"481\">Cidade de Wenzhou, China<\/td>\n<\/tr>\n<tr>\n<td width=\"200\">Capacidade de produ\u00e7\u00e3o<\/td>\n<td width=\"481\">6.000 toneladas\/ano<\/td>\n<\/tr>\n<tr>\n<td width=\"200\">Quantidade m\u00ednima<\/td>\n<td width=\"481\">10 unidades\/tamanho<\/td>\n<\/tr>\n<\/tbody>\n<\/table>\n<p>&nbsp;<\/p>","protected":false},"excerpt":{"rendered":"<p>STV Valve Technology Group Co., Ltd is a professional leader China API 602 Globe Valve, API 602 Forged Steel Globe Valve,\u00a0 Aluminium Bronze ASTM B148 C95800 Globe Valve Manufacturer: ASTM B148 C95800 Globe Valves, API 602, 1 Inch C95800 Globe Valve, 800 LB C95800 Globe Valve, RF Ends C95800 Globe Valve, ASME B16.10 C95800 Globe Valve, API 598 C95800 Globe Valve manufacturer with high quality and competitive price.<\/p>","protected":false},"featured_media":7150,"template":"","meta":[],"product_brand":[],"product_cat":[45,64],"product_tag":[2329,2330,2334,2333,2326,212,2332,2335,2336,345,2331],"class_list":{"0":"post-7120","1":"product","2":"type-product","3":"status-publish","4":"has-post-thumbnail","6":"product_cat-globe-valve","7":"product_cat-foreged-steel-globe-valve","8":"product_tag-1-inch-c95800-globe-valve","9":"product_tag-800-lb-c95800-globe-valve","10":"product_tag-aluminium-bronze-globe-valves","11":"product_tag-api-598-c95800-globe-valve-manufacturer","12":"product_tag-api-602-forged-steel-globe-valve","13":"product_tag-api-602-globe-valve","14":"product_tag-asme-b16-10-c95800-globe-valve","15":"product_tag-astm-b148-c95800-globe-valve-manufacturer","16":"product_tag-astm-b148-c95800-globe-valves","17":"product_tag-globe-valves","18":"product_tag-rf-ends-c95800-globe-valve","20":"first","21":"instock","22":"shipping-taxable","23":"product-type-simple"},"_links":{"self":[{"href":"https:\/\/www.stvvalves.com\/pt\/wp-json\/wp\/v2\/product\/7120","targetHints":{"allow":["GET"]}}],"collection":[{"href":"https:\/\/www.stvvalves.com\/pt\/wp-json\/wp\/v2\/product"}],"about":[{"href":"https:\/\/www.stvvalves.com\/pt\/wp-json\/wp\/v2\/types\/product"}],"wp:featuredmedia":[{"embeddable":true,"href":"https:\/\/www.stvvalves.com\/pt\/wp-json\/wp\/v2\/media\/7150"}],"wp:attachment":[{"href":"https:\/\/www.stvvalves.com\/pt\/wp-json\/wp\/v2\/media?parent=7120"}],"wp:term":[{"taxonomy":"product_brand","embeddable":true,"href":"https:\/\/www.stvvalves.com\/pt\/wp-json\/wp\/v2\/product_brand?post=7120"},{"taxonomy":"product_cat","embeddable":true,"href":"https:\/\/www.stvvalves.com\/pt\/wp-json\/wp\/v2\/product_cat?post=7120"},{"taxonomy":"product_tag","embeddable":true,"href":"https:\/\/www.stvvalves.com\/pt\/wp-json\/wp\/v2\/product_tag?post=7120"}],"curies":[{"name":"wp","href":"https:\/\/api.w.org\/{rel}","templated":true}]}}