{"id":7135,"date":"2024-03-02T22:51:35","date_gmt":"2024-03-02T14:51:35","guid":{"rendered":"https:\/\/www.stvvalves.com\/?post_type=product&#038;p=7135"},"modified":"2024-03-02T22:51:36","modified_gmt":"2024-03-02T14:51:36","slug":"trunnion-mounted-ball-valve-4-inch-300lb-bare-stem","status":"publish","type":"product","link":"https:\/\/www.stvvalves.com\/pt\/products\/trunnion-mounted-ball-valve-4-inch-300lb-bare-stem\/","title":{"rendered":"Trunnion Mounted Ball Valve,4 Inch,300LB,Bare Stem"},"content":{"rendered":"<p><b>Caracter\u00edsticas de design<\/b><\/p>\n<p>Design de corpo dividido com entrada lateral<\/p>\n<p>Design seguro contra inc\u00eandio, dispositivo antiest\u00e1tico<\/p>\n<p>Design \u00e0 prova de explos\u00e3o da haste<\/p>\n<p>Design Antiest\u00e1tico<\/p>\n<p>Projeto de emiss\u00e3o fugitiva<\/p>\n<p>A prova de desgaste da haste e a prova de opera\u00e7\u00e3o incorreta<\/p>\n<p>Flange de montagem ISO 5211 para atua\u00e7\u00e3o.<\/p>\n<p>Extens\u00e3o de haste para servi\u00e7o subterr\u00e2neo.<\/p>\n<p><b>Especifica\u00e7\u00e3o t\u00e9cnica<\/b><\/p>\n<p>Aplicativo:<\/p>\n<p>Design e fabrica\u00e7\u00e3o de acordo com: API 6D<\/p>\n<p>Cara a Cara de acordo com:ASME B16.10<\/p>\n<p>Dimens\u00f5es do flange de acordo com: ASME B16.5<\/p>\n<p>Press\u00e3o e temperatura de acordo com:ASME B16.34<\/p>\n<p>Teste e inspe\u00e7\u00e3o de acordo com: API 6D \/ API 598<\/p>\n<p>Inspe\u00e7\u00e3o Visual de acordo com:MSS SP-55<\/p>\n<p>Marca\u00e7\u00e3o de acordo com:MSS SP-25<\/p>\n<p>&nbsp;<\/p>\n<p>Principais pe\u00e7as materiais:<\/p>\n<table>\n<tbody>\n<tr>\n<td width=\"123\">A\u00e7o carbono<\/td>\n<td width=\"452\">A216 Gr. WCB, WCC, WCA, etc.<\/td>\n<\/tr>\n<tr>\n<td width=\"123\">A\u00e7o de baixa temperatura<\/td>\n<td width=\"452\">A352 Gr. LCB, LCC, LC1, etc.<\/td>\n<\/tr>\n<tr>\n<td width=\"123\">A\u00e7o Cr-Mo<\/td>\n<td width=\"452\">A217 Gr. WC6, WC9, C5, C12, C12A, etc.<\/td>\n<\/tr>\n<tr>\n<td width=\"123\">A\u00e7o inoxid\u00e1vel<\/td>\n<td width=\"452\">A351 Gr. CF8, CF8M, CF3, CF3M, CF8C, etc.<\/td>\n<\/tr>\n<tr>\n<td width=\"123\">Liga de a\u00e7o<\/td>\n<td width=\"452\">Liga CN7M 20, liga CN3M 20 modificada, CT15C, etc.<\/td>\n<\/tr>\n<tr>\n<td width=\"123\">Superduplex<\/td>\n<td width=\"452\">A995 gr. 4A, 5A, CE8MN, CD6MN, CD3MN, etc.<\/td>\n<\/tr>\n<tr>\n<td width=\"123\">Bronze de alum\u00ednio<\/td>\n<td width=\"452\">B148 C95500, C95600, C95800, etc.<\/td>\n<\/tr>\n<tr>\n<td width=\"123\">Monel<\/td>\n<td width=\"452\">M30C, M35-1, CZ100, etc.<\/td>\n<\/tr>\n<tr>\n<td width=\"123\">Inconel<\/td>\n<td width=\"452\">CY40 inconel 600, etc.<\/td>\n<\/tr>\n<tr>\n<td width=\"123\">Hastelloy<\/td>\n<td width=\"452\">CW2m Hastelly C4, N12MV Hastelloy B, CW12MW Hastelloy C276, etc.<\/td>\n<\/tr>\n<tr>\n<td width=\"123\">Incoloy<\/td>\n<td width=\"452\">CU5MCuC Incoloy 825, CW6MC Incoloy 625, etc.<\/td>\n<\/tr>\n<\/tbody>\n<\/table>\n<p>Nota: A dimens\u00e3o do flange de conex\u00e3o pode ser projetada de acordo com os requisitos do cliente.<\/p>\n<p>Fabrica\u00e7\u00e3o conforme NACE MR-01-75 mediante solicita\u00e7\u00e3o.<\/p>","protected":false},"excerpt":{"rendered":"<p>STV Valve Technology Group Co., Ltd is a professional leader China 300LB Stainless Steel Ball Valve,4 Inch API 6D Stainless Steel Trunnion Mounted Ball Valves,API 6D Cast Steel Trunnion Mounted Ball Valves,2-Piece Trunnion Mounted Ball Valve,304 Trunnion Mounted Ball Valve Manufacturer with high quality and competitive price.<\/p>","protected":false},"featured_media":7136,"template":"","meta":[],"product_brand":[],"product_cat":[43,56],"product_tag":[605,2313,2312,606,2311],"class_list":{"0":"post-7135","1":"product","2":"type-product","3":"status-publish","4":"has-post-thumbnail","6":"product_cat-ball-valve","7":"product_cat-trunnion-ball-valve","8":"product_tag-2-piece-trunnion-mounted-ball-valve","9":"product_tag-304-trunnion-mounted-ball-valve-manufacturer","10":"product_tag-4-inch-api-6d-stainless-steel-trunnion-mounted-ball-valves","11":"product_tag-api-6d-cast-steel-trunnion-mounted-ball-valves","12":"product_tag-china-300lb-stainless-steel-ball-valve","14":"first","15":"instock","16":"shipping-taxable","17":"product-type-simple"},"_links":{"self":[{"href":"https:\/\/www.stvvalves.com\/pt\/wp-json\/wp\/v2\/product\/7135","targetHints":{"allow":["GET"]}}],"collection":[{"href":"https:\/\/www.stvvalves.com\/pt\/wp-json\/wp\/v2\/product"}],"about":[{"href":"https:\/\/www.stvvalves.com\/pt\/wp-json\/wp\/v2\/types\/product"}],"wp:featuredmedia":[{"embeddable":true,"href":"https:\/\/www.stvvalves.com\/pt\/wp-json\/wp\/v2\/media\/7136"}],"wp:attachment":[{"href":"https:\/\/www.stvvalves.com\/pt\/wp-json\/wp\/v2\/media?parent=7135"}],"wp:term":[{"taxonomy":"product_brand","embeddable":true,"href":"https:\/\/www.stvvalves.com\/pt\/wp-json\/wp\/v2\/product_brand?post=7135"},{"taxonomy":"product_cat","embeddable":true,"href":"https:\/\/www.stvvalves.com\/pt\/wp-json\/wp\/v2\/product_cat?post=7135"},{"taxonomy":"product_tag","embeddable":true,"href":"https:\/\/www.stvvalves.com\/pt\/wp-json\/wp\/v2\/product_tag?post=7135"}],"curies":[{"name":"wp","href":"https:\/\/api.w.org\/{rel}","templated":true}]}}