{"id":7137,"date":"2024-03-02T23:46:42","date_gmt":"2024-03-02T15:46:42","guid":{"rendered":"https:\/\/www.stvvalves.com\/?post_type=product&#038;p=7137"},"modified":"2024-12-24T18:55:40","modified_gmt":"2024-12-24T10:55:40","slug":"c95800-2pc-ball-valve-800lb-dn25-npt-end","status":"publish","type":"product","link":"https:\/\/www.stvvalves.com\/pt\/products\/c95800-2pc-ball-valve-800lb-dn25-npt-end\/","title":{"rendered":"C95800 2PC Ball Valve,800LB,DN25,NPT End"},"content":{"rendered":"<p>C95800 2PC Ball Valve,800LB,DN25,NPT End<\/p>\n<p>Caracter\u00edsticas:<\/p>\n<p>Size:1\/2\u2033-2\u2033<\/p>\n<p>Press\u00e3o Normal: 800-2500LB<\/p>\n<p>FP. Projeto de porta completa \/ RP. Porto Regular \/ Porto Reduzido<\/p>\n<p>Duas pe\u00e7as\/corpo dividido, bola flutuante<\/p>\n<p>Haste \u00e0 prova de explos\u00e3o<\/p>\n<p>Extremidade flangeada, face elevada<\/p>\n<p>Almofada de montagem CAPI\/ISO5211<\/p>\n<p>N\u00edvel ou engrenagem helicoidal<\/p>\n<p>Especifica\u00e7\u00f5es<\/p>\n<p>Padr\u00e3o de design e fabrica\u00e7\u00e3o: API 608, API 607, API 6D, BS 5351<\/p>\n<p>Padr\u00e3o Cara a Cara: API B16.10,API 6D,DIN 3202<br \/>\nPadr\u00e3o de conex\u00e3o final: NPT, BSP, BSPT, DIN259\/2999<\/p>\n<p>Padr\u00e3o de teste: ISO5208, API 6D, BS 6755, API598<br \/>\nMaterial do corpo: A105, F304, F316<\/p>\n<p>Assento: RPTFE, PPL, Nylon<\/p>\n<p>Temperatura de trabalho:-40-180\u2103<\/p>\n<p>Adequado: \u00e1gua, \u00f3leo, g\u00e1s<\/p>\n<table>\n<tbody>\n<tr>\n<td width=\"200\"><strong>Nome do Produto<\/strong><\/td>\n<td width=\"481\">C95800 2PC Ball Valve,800LB,DN25,NPT End<\/td>\n<\/tr>\n<tr>\n<td width=\"200\">1. Materiais<\/td>\n<td width=\"481\">C95800<\/td>\n<\/tr>\n<tr>\n<td width=\"200\">2. Tamanho<\/td>\n<td width=\"481\">1\u201d<\/td>\n<\/tr>\n<tr>\n<td width=\"200\">4. Porto<\/td>\n<td width=\"481\">Porto completo<\/td>\n<\/tr>\n<tr>\n<td width=\"200\">5. Press\u00e3o de Trabalho<\/td>\n<td width=\"481\">800 libras<\/td>\n<\/tr>\n<tr>\n<td width=\"200\">6. Fim da conex\u00e3o<\/td>\n<td width=\"481\">TNP<\/td>\n<\/tr>\n<tr>\n<td width=\"200\">7. Temperatura de trabalho.<\/td>\n<td width=\"481\">-29~120\u00baC,<\/td>\n<\/tr>\n<tr>\n<td width=\"200\">8. Meio Adequado<\/td>\n<td width=\"481\">\u00c1gua, G\u00e1s Natural, Petr\u00f3leo e algum l\u00edquido corrosivo<\/td>\n<\/tr>\n<tr>\n<td width=\"200\">9. Operado<\/td>\n<td width=\"481\">Volante<\/td>\n<\/tr>\n<tr>\n<td width=\"200\">10. Inspe\u00e7\u00e3o e Teste<\/td>\n<td width=\"481\">De acordo com API598<\/td>\n<\/tr>\n<tr>\n<td width=\"200\"><strong>envio<\/strong><\/td>\n<td width=\"481\"><\/td>\n<\/tr>\n<tr>\n<td width=\"200\">Prazo de entrega<\/td>\n<td width=\"481\">30 dias<\/td>\n<\/tr>\n<tr>\n<td width=\"200\">Pacote<\/td>\n<td width=\"481\">Caixa de madeira compensada de exporta\u00e7\u00e3o padr\u00e3o<\/td>\n<\/tr>\n<tr>\n<td width=\"200\">Porto de embarque<\/td>\n<td width=\"481\">Ningbo\/Xangai, China<\/td>\n<\/tr>\n<tr>\n<td width=\"200\">Termos de envio<\/td>\n<td width=\"481\">Exw, FOB, CFR, CIF, etc.<\/td>\n<\/tr>\n<tr>\n<td width=\"200\">Termos de pagamento<\/td>\n<td width=\"481\">T\/T, Western Union, PayPal, etc.<\/td>\n<\/tr>\n<tr>\n<td width=\"200\"><\/td>\n<td width=\"481\">Pr\u00e9-pagamento 30%, saldo 70% pago antes do envio<\/td>\n<\/tr>\n<tr>\n<td width=\"200\">Pa\u00eds de origem<\/td>\n<td width=\"481\">Cidade de Wenzhou, China<\/td>\n<\/tr>\n<tr>\n<td width=\"200\">Capacidade de produ\u00e7\u00e3o<\/td>\n<td width=\"481\">6.000 toneladas\/ano<\/td>\n<\/tr>\n<tr>\n<td width=\"200\">Quantidade m\u00ednima<\/td>\n<td width=\"481\">1 pe\u00e7a\/tamanho<\/td>\n<\/tr>\n<\/tbody>\n<\/table>\n<p>.<\/p>","protected":false},"excerpt":{"rendered":"<p>STV Valve Technology Group Co., Ltd is a professional leader China ASTM B 148 C95800 Ball Valve,800lb C95800 Ball Valve ,2 piece C95800 ball valve,High pressure C95800 Ball Valve,Thread \u00a0C95800 Ball Valve, 1 Inch C95800 Ball Valve, China Forged C95800 Ball Valve Manufacturer with high quality and competitive price.<\/p>","protected":false},"featured_media":7138,"template":"","meta":[],"product_brand":[],"product_cat":[43,55],"product_tag":[2316,2315,896,2314,2317,898,899],"class_list":{"0":"post-7137","1":"product","2":"type-product","3":"status-publish","4":"has-post-thumbnail","6":"product_cat-ball-valve","7":"product_cat-forged-steel-ball-valve","8":"product_tag-1-inch-c95800-ball-valve","9":"product_tag-2-piece-c95800-ball-valve","10":"product_tag-800lb-c95800-ball-valve","11":"product_tag-china-astm-b-148-c95800-ball-valve","12":"product_tag-china-forged-c95800-ball-valve-manufacturer","13":"product_tag-high-pressure-c95800-ball-valve","14":"product_tag-thread-c95800-ball-valve","16":"first","17":"instock","18":"shipping-taxable","19":"product-type-simple"},"_links":{"self":[{"href":"https:\/\/www.stvvalves.com\/pt\/wp-json\/wp\/v2\/product\/7137","targetHints":{"allow":["GET"]}}],"collection":[{"href":"https:\/\/www.stvvalves.com\/pt\/wp-json\/wp\/v2\/product"}],"about":[{"href":"https:\/\/www.stvvalves.com\/pt\/wp-json\/wp\/v2\/types\/product"}],"wp:featuredmedia":[{"embeddable":true,"href":"https:\/\/www.stvvalves.com\/pt\/wp-json\/wp\/v2\/media\/7138"}],"wp:attachment":[{"href":"https:\/\/www.stvvalves.com\/pt\/wp-json\/wp\/v2\/media?parent=7137"}],"wp:term":[{"taxonomy":"product_brand","embeddable":true,"href":"https:\/\/www.stvvalves.com\/pt\/wp-json\/wp\/v2\/product_brand?post=7137"},{"taxonomy":"product_cat","embeddable":true,"href":"https:\/\/www.stvvalves.com\/pt\/wp-json\/wp\/v2\/product_cat?post=7137"},{"taxonomy":"product_tag","embeddable":true,"href":"https:\/\/www.stvvalves.com\/pt\/wp-json\/wp\/v2\/product_tag?post=7137"}],"curies":[{"name":"wp","href":"https:\/\/api.w.org\/{rel}","templated":true}]}}