{"id":7151,"date":"2024-03-19T10:19:37","date_gmt":"2024-03-19T02:19:37","guid":{"rendered":"https:\/\/www.stvvalves.com\/?post_type=product&#038;p=7151"},"modified":"2024-12-24T22:39:03","modified_gmt":"2024-12-24T14:39:03","slug":"bs-1868-swing-check-valve-wcb-30-inch-cl150-rf-end","status":"publish","type":"product","link":"https:\/\/www.stvvalves.com\/pt\/products\/bs-1868-swing-check-valve-wcb-30-inch-cl150-rf-end\/","title":{"rendered":"BS 1868 Swing Check Valve,WCB,30 Inch,CL150,RF End"},"content":{"rendered":"<p>ANSI 150LB swing check valve main features<\/p>\n<p>BB, CAPO PARAFUSADO<br \/>\nTIPO DE BALAN\u00c7O, DISCO ANTI-ROTA\u00c7\u00c3O<br \/>\nAN\u00c9IS DE ASSENTO RENOV\u00c1VEIS<br \/>\nEIXO DE DISCO N\u00c3O PENETRADO<br \/>\nSERVI\u00c7O HORIZONTAL OU VERTICAL<br \/>\nEXTREMIDADES FLANGEADAS OU BUTTVVELDING<\/p>\n<p>Padr\u00f5es aplic\u00e1veis:<br \/>\nV\u00c1LVULAS DE RETEN\u00c7\u00c3O DE A\u00c7O, API6D\/BS1868<br \/>\nV\u00c1LVULAS DE RETEN\u00c7\u00c3O DE A\u00c7O, ISO 14313<br \/>\nV\u00c1LVULAS DE A\u00c7O,ASME B16.34<br \/>\nCARA A CARA,ASME B16.10<br \/>\nFLANGES FINAIS,ASME B16.5<br \/>\nEXTREMIDADES PARA SOLDADURA DE TOPO, ASME B16.25<br \/>\nINSPE\u00c7\u00c3O E TESTE, API 598\/API 6D<\/p>\n<table>\n<tbody>\n<tr>\n<td width=\"200\"><strong>Nome do Produto<\/strong><\/td>\n<td width=\"481\">BS 1868 Swing Check Valve,WCB,30 Inch,CL150,RF End<\/td>\n<\/tr>\n<tr>\n<td width=\"200\">1. Materiais<\/td>\n<td width=\"481\">WCB<\/td>\n<\/tr>\n<tr>\n<td width=\"200\">2. Tamanho<\/td>\n<td width=\"481\">30\u201d<\/td>\n<\/tr>\n<tr>\n<td width=\"200\">4. Porto<\/td>\n<td width=\"481\">Porto completo<\/td>\n<\/tr>\n<tr>\n<td width=\"200\">5. Press\u00e3o de Trabalho<\/td>\n<td width=\"481\">150 libras<\/td>\n<\/tr>\n<tr>\n<td width=\"200\">6. Fim da conex\u00e3o<\/td>\n<td width=\"481\">RF<\/td>\n<\/tr>\n<tr>\n<td width=\"200\">7. Temperatura de trabalho.<\/td>\n<td width=\"481\">-29~425\u00baC,<\/td>\n<\/tr>\n<tr>\n<td width=\"200\">8. Meio Adequado<\/td>\n<td width=\"481\">\u00c1gua, G\u00e1s Natural, Petr\u00f3leo e algum l\u00edquido corrosivo<\/td>\n<\/tr>\n<tr>\n<td width=\"200\">9. Operado<\/td>\n<td width=\"481\">\/<\/td>\n<\/tr>\n<tr>\n<td width=\"200\">10. Inspe\u00e7\u00e3o e Teste<\/td>\n<td width=\"481\">De acordo comAPI 598<\/td>\n<\/tr>\n<tr>\n<td width=\"200\"><strong>envio<\/strong><\/td>\n<td width=\"481\"><\/td>\n<\/tr>\n<tr>\n<td width=\"200\">Prazo de entrega<\/td>\n<td width=\"481\">30 dias<\/td>\n<\/tr>\n<tr>\n<td width=\"200\">Pacote<\/td>\n<td width=\"481\">Caixa de madeira compensada de exporta\u00e7\u00e3o padr\u00e3o<\/td>\n<\/tr>\n<tr>\n<td width=\"200\">Porto de embarque<\/td>\n<td width=\"481\">Ningbo\/Xangai, China<\/td>\n<\/tr>\n<tr>\n<td width=\"200\">Termos de envio<\/td>\n<td width=\"481\">Exw, FOB, CFR, CIF, etc.<\/td>\n<\/tr>\n<tr>\n<td width=\"200\">Termos de pagamento<\/td>\n<td width=\"481\">T\/T, Western Union, PayPal, etc.<\/td>\n<\/tr>\n<tr>\n<td width=\"200\"><\/td>\n<td width=\"481\">Pr\u00e9-pagamento 30%, saldo 70% pago antes do envio<\/td>\n<\/tr>\n<tr>\n<td width=\"200\">Pa\u00eds de origem<\/td>\n<td width=\"481\">Cidade de Wenzhou, China<\/td>\n<\/tr>\n<tr>\n<td width=\"200\">Capacidade de produ\u00e7\u00e3o<\/td>\n<td width=\"481\">6.000 toneladas\/ano<\/td>\n<\/tr>\n<tr>\n<td width=\"200\">Quantidade m\u00ednima<\/td>\n<td width=\"481\">10 unidades\/tamanho<\/td>\n<\/tr>\n<\/tbody>\n<\/table>","protected":false},"excerpt":{"rendered":"<p>STV Valve Technology Group Co., Ltd is a professional leader China ANSI 150LB cast steel check valve,ANSI swing check valve,WCB swing check valve,cast steel swing check valve,API 600 swing check valve,Flanged end swing check valve China Swing Check Valve ,30 Inch Swing Check Valve , API 598swing check valve, BS1868 swing check valve, API 6Dswing check valve, ASME B16.10swing check valve manufacturer with high quality and low price.<\/p>","protected":false},"featured_media":7152,"template":"","meta":[],"product_brand":[],"product_cat":[46,83],"product_tag":[2338,2337,335,2339,338,2341,2342,2340,337,2343,565,336],"class_list":{"0":"post-7151","1":"product","2":"type-product","3":"status-publish","4":"has-post-thumbnail","6":"product_cat-check-valves","7":"product_cat-cast-steel-check-valve","8":"product_tag-30-inch-swing-check-valve","9":"product_tag-ansi-150lb-cast-steel-check-valve","10":"product_tag-ansi-swing-check-valve","11":"product_tag-api-598swing-check-valve","12":"product_tag-api-600-swing-check-valve","13":"product_tag-api-6dswing-check-valve","14":"product_tag-asme-b16-10swing-check-valve-manufacturer","15":"product_tag-bs1868-swing-check-valve","16":"product_tag-cast-steel-swing-check-valve","17":"product_tag-china-swing-check-valve","18":"product_tag-flanged-end-swing-check-valve","19":"product_tag-wcb-swing-check-valve","21":"first","22":"instock","23":"shipping-taxable","24":"product-type-simple"},"_links":{"self":[{"href":"https:\/\/www.stvvalves.com\/pt\/wp-json\/wp\/v2\/product\/7151","targetHints":{"allow":["GET"]}}],"collection":[{"href":"https:\/\/www.stvvalves.com\/pt\/wp-json\/wp\/v2\/product"}],"about":[{"href":"https:\/\/www.stvvalves.com\/pt\/wp-json\/wp\/v2\/types\/product"}],"wp:featuredmedia":[{"embeddable":true,"href":"https:\/\/www.stvvalves.com\/pt\/wp-json\/wp\/v2\/media\/7152"}],"wp:attachment":[{"href":"https:\/\/www.stvvalves.com\/pt\/wp-json\/wp\/v2\/media?parent=7151"}],"wp:term":[{"taxonomy":"product_brand","embeddable":true,"href":"https:\/\/www.stvvalves.com\/pt\/wp-json\/wp\/v2\/product_brand?post=7151"},{"taxonomy":"product_cat","embeddable":true,"href":"https:\/\/www.stvvalves.com\/pt\/wp-json\/wp\/v2\/product_cat?post=7151"},{"taxonomy":"product_tag","embeddable":true,"href":"https:\/\/www.stvvalves.com\/pt\/wp-json\/wp\/v2\/product_tag?post=7151"}],"curies":[{"name":"wp","href":"https:\/\/api.w.org\/{rel}","templated":true}]}}