{"id":7159,"date":"2024-03-19T11:38:10","date_gmt":"2024-03-19T03:38:10","guid":{"rendered":"https:\/\/www.stvvalves.com\/?post_type=product&#038;p=7159"},"modified":"2024-03-19T11:38:12","modified_gmt":"2024-03-19T03:38:12","slug":"astm-a790-s31803-globe-valve-150lb-1-1-2-rf-end","status":"publish","type":"product","link":"https:\/\/www.stvvalves.com\/pt\/products\/astm-a790-s31803-globe-valve-150lb-1-1-2-rf-end\/","title":{"rendered":"ASTM A790 S31803 Globe Valve,150LB,11\/2&#8243;,RF End"},"content":{"rendered":"<p>Projeto e fabrica\u00e7\u00e3o: API 603\u3001ASME B16.34<br \/>\nCara a cara (ponta a ponta): ANSI B16.10, API 6D, etc.<br \/>\nConex\u00e3o flangeada: ANSI B16.5, ASME B16.47 etc.<br \/>\nExtremidade soldada de topo: ANSI B16.25, etc.<br \/>\nTeste e inspe\u00e7\u00e3o: API 598, API 6D, etc.<\/p>\n<p>Tamanho: 1\/2\u2033-30\u2033<br \/>\nPress\u00e3o: 150LB ~ 1500LB<br \/>\nMaterial do corpo: A\u00e7o carbono A216 WCB WCC, LCB, LCC, WC6, WC9, C5, C12, A351 CF8, CF8M, CF3, CF3M, CF8C, a\u00e7o duplex A890 GR.4A GR.5A, etc.<\/p>\n<p>Material de acabamento: 13Cr,SS304,SS316, SS304L, SS316L, F11, F22 etc.<br \/>\nTipo: Haste ascendente, BB, FB, OS&amp;Y<br \/>\nOpera\u00e7\u00e3o: Volante. Dispositivos de engrenagem, eletricidade, etc.<br \/>\nExtremidade: RF flangeado\/ RTJ\/ FM\/ FF, soldagem de topo (BW)<\/p>\n<p>&nbsp;<\/p>\n<table>\n<tbody>\n<tr>\n<td width=\"200\"><strong>Nome do Produto<\/strong><\/td>\n<td width=\"481\">ASTM A790 S31803 Globe Valve,150LB,11\/2&#8243;,RF End<\/td>\n<\/tr>\n<tr>\n<td width=\"200\">1. Materiais<\/td>\n<td width=\"481\">2205<\/td>\n<\/tr>\n<tr>\n<td width=\"200\">2. Tamanho<\/td>\n<td width=\"481\">11\/2\u201d<\/td>\n<\/tr>\n<tr>\n<td width=\"200\">4. Porto<\/td>\n<td width=\"481\">Porto completo<\/td>\n<\/tr>\n<tr>\n<td width=\"200\">5. Press\u00e3o de Trabalho<\/td>\n<td width=\"481\">150 libras<\/td>\n<\/tr>\n<tr>\n<td width=\"200\">6. Fim da conex\u00e3o<\/td>\n<td width=\"481\">RF<\/td>\n<\/tr>\n<tr>\n<td width=\"200\">7. Temperatura de trabalho.<\/td>\n<td width=\"481\">-29~425\u00baC,<\/td>\n<\/tr>\n<tr>\n<td width=\"200\">8. Meio Adequado<\/td>\n<td width=\"481\">\u00c1gua, G\u00e1s Natural, Petr\u00f3leo e algum l\u00edquido corrosivo<\/td>\n<\/tr>\n<tr>\n<td width=\"200\">9. Operado<\/td>\n<td width=\"481\">Volante<\/td>\n<\/tr>\n<tr>\n<td width=\"200\">10. Inspe\u00e7\u00e3o e Teste<\/td>\n<td width=\"481\">De acordo com API598<\/td>\n<\/tr>\n<tr>\n<td width=\"200\"><strong>envio<\/strong><\/td>\n<td width=\"481\"><\/td>\n<\/tr>\n<tr>\n<td width=\"200\">Prazo de entrega<\/td>\n<td width=\"481\">30 dias<\/td>\n<\/tr>\n<tr>\n<td width=\"200\">Pacote<\/td>\n<td width=\"481\">Caixa de madeira compensada de exporta\u00e7\u00e3o padr\u00e3o<\/td>\n<\/tr>\n<tr>\n<td width=\"200\">Porto de embarque<\/td>\n<td width=\"481\">Ningbo\/Xangai, China<\/td>\n<\/tr>\n<tr>\n<td width=\"200\">Termos de envio<\/td>\n<td width=\"481\">Exw, FOB, CFR, CIF, etc.<\/td>\n<\/tr>\n<tr>\n<td width=\"200\">Termos de pagamento<\/td>\n<td width=\"481\">T\/T, Western Union, PayPal, etc.<\/td>\n<\/tr>\n<tr>\n<td width=\"200\"><\/td>\n<td width=\"481\">Pr\u00e9-pagamento 30%, saldo 70% pago antes do envio<\/td>\n<\/tr>\n<tr>\n<td width=\"200\">Pa\u00eds de origem<\/td>\n<td width=\"481\">Cidade de Wenzhou, China<\/td>\n<\/tr>\n<tr>\n<td width=\"200\">Capacidade de produ\u00e7\u00e3o<\/td>\n<td width=\"481\">6.000 toneladas\/ano<\/td>\n<\/tr>\n<tr>\n<td width=\"200\">Quantidade m\u00ednima<\/td>\n<td width=\"481\">1 pe\u00e7a\/tamanho<\/td>\n<\/tr>\n<\/tbody>\n<\/table>","protected":false},"excerpt":{"rendered":"<p>STV Valve Technology Group Co., Ltd is a professional leader China S31803 Globe Valve,BS 1873 S31803 Globe Valve,ASME B16.34 S31803 Globe Valve,2205 Globe Valves, Duplex Steel Globe Valves.21\/2 S31803 Globe Valve Manufacturer with high quality and competitive price.<\/p>","protected":false},"featured_media":7160,"template":"","meta":[],"product_brand":[],"product_cat":[45,189],"product_tag":[2367,2366,2365,2364,2363,2368],"class_list":{"0":"post-7159","1":"product","2":"type-product","3":"status-publish","4":"has-post-thumbnail","6":"product_cat-globe-valve","7":"product_cat-stainless-steel-globe-valve","8":"product_tag-21-2-s31803-globe-valve-manufacturer","9":"product_tag-2205-globe-valves","10":"product_tag-asme-b16-34-s31803-globe-valve","11":"product_tag-bs-1873-s31803-globe-valve","12":"product_tag-china-s31803-globe-valve","13":"product_tag-duplex-steel-globe-valves","15":"first","16":"instock","17":"shipping-taxable","18":"product-type-simple"},"_links":{"self":[{"href":"https:\/\/www.stvvalves.com\/pt\/wp-json\/wp\/v2\/product\/7159","targetHints":{"allow":["GET"]}}],"collection":[{"href":"https:\/\/www.stvvalves.com\/pt\/wp-json\/wp\/v2\/product"}],"about":[{"href":"https:\/\/www.stvvalves.com\/pt\/wp-json\/wp\/v2\/types\/product"}],"wp:featuredmedia":[{"embeddable":true,"href":"https:\/\/www.stvvalves.com\/pt\/wp-json\/wp\/v2\/media\/7160"}],"wp:attachment":[{"href":"https:\/\/www.stvvalves.com\/pt\/wp-json\/wp\/v2\/media?parent=7159"}],"wp:term":[{"taxonomy":"product_brand","embeddable":true,"href":"https:\/\/www.stvvalves.com\/pt\/wp-json\/wp\/v2\/product_brand?post=7159"},{"taxonomy":"product_cat","embeddable":true,"href":"https:\/\/www.stvvalves.com\/pt\/wp-json\/wp\/v2\/product_cat?post=7159"},{"taxonomy":"product_tag","embeddable":true,"href":"https:\/\/www.stvvalves.com\/pt\/wp-json\/wp\/v2\/product_tag?post=7159"}],"curies":[{"name":"wp","href":"https:\/\/api.w.org\/{rel}","templated":true}]}}