{"id":7173,"date":"2024-03-20T15:21:29","date_gmt":"2024-03-20T07:21:29","guid":{"rendered":"https:\/\/www.stvvalves.com\/?post_type=product&#038;p=7173"},"modified":"2024-12-24T19:30:16","modified_gmt":"2024-12-24T11:30:16","slug":"api-609-wafer-butterfly-valve-28-inch-150lb-di-body","status":"publish","type":"product","link":"https:\/\/www.stvvalves.com\/pt\/products\/api-609-wafer-butterfly-valve-28-inch-150lb-di-body\/","title":{"rendered":"API 609 Wafer Butterfly Valve, 28 Inch,150LB,DI Body"},"content":{"rendered":"<p>Size DN50-DN1200<br \/>\nNominal Pressure PN10\/16, 150-900LB<br \/>\nWorking Temperature -30\u3002c \u2013 135\u3002C<br \/>\nMeios adequados Produtos qu\u00edmicos, ar, \u00e1gua, vapor, \u00f3leo, \u00e1cidos, sais, etc.<br \/>\nPadr\u00f5es:<\/p>\n<p>Padr\u00e3o de projeto API609, ANSI16.34, JISB2064, GB T12238<br \/>\nCara a Cara API609, DIN3202, ISO5752, BS5155<br \/>\nPerfura\u00e7\u00e3o de flange DIN2501 PN10\/16, ANSI 125\/150\/300, BS4504, JIS10K<br \/>\nFlange superior ISO5211<br \/>\nInspe\u00e7\u00e3o de Teste API598<\/p>\n<p>Material:<br \/>\nCorpo em Ferro Fundido, Ferro D\u00factil, A\u00e7o Carbono, A\u00e7o Inoxid\u00e1vel<br \/>\nDisco de Ferro D\u00factil, A\u00e7o Carbono, A\u00e7o Inoxid\u00e1vel<br \/>\nHaste em a\u00e7o inoxid\u00e1vel<br \/>\nAssento EPDM, NBR, PTFE, VITON, HYPALON<br \/>\nO-ring EPDM, NBR<\/p>\n<table>\n<tbody>\n<tr>\n<td width=\"200\"><strong><b>Nome do Produto<\/b><\/strong><\/td>\n<td width=\"481\">API 609 Wafer Butterfly Valve, 28 Inch,150LB,DI Body<\/td>\n<\/tr>\n<tr>\n<td width=\"200\">1. Materiais<\/td>\n<td width=\"481\">Ferro D\u00factil<\/td>\n<\/tr>\n<tr>\n<td width=\"200\">2. Tamanho<\/td>\n<td width=\"481\">28\u201d<\/td>\n<\/tr>\n<tr>\n<td width=\"200\">4. Porto<\/td>\n<td width=\"481\">Porto completo<\/td>\n<\/tr>\n<tr>\n<td width=\"200\">5. Press\u00e3o de Trabalho<\/td>\n<td width=\"481\">150 libras<\/td>\n<\/tr>\n<tr>\n<td width=\"200\">6. Fim da conex\u00e3o<\/td>\n<td width=\"481\">Bolacha<\/td>\n<\/tr>\n<tr>\n<td width=\"200\">7. Temperatura de trabalho.<\/td>\n<td width=\"481\">-29~120\u00baC,<\/td>\n<\/tr>\n<tr>\n<td width=\"200\">8. Meio Adequado<\/td>\n<td width=\"481\">\u00c1gua, G\u00e1s Natural, Petr\u00f3leo e algum l\u00edquido corrosivo<\/td>\n<\/tr>\n<tr>\n<td width=\"200\">9. Operado<\/td>\n<td width=\"481\">Caixa de velocidade<\/td>\n<\/tr>\n<tr>\n<td width=\"200\">10. Inspe\u00e7\u00e3o e Teste<\/td>\n<td width=\"481\">De acordo comAPI 598<\/td>\n<\/tr>\n<tr>\n<td width=\"200\"><strong><b>envio<\/b><\/strong><\/td>\n<td width=\"481\"><\/td>\n<\/tr>\n<tr>\n<td width=\"200\">Prazo de entrega<\/td>\n<td width=\"481\">30 dias<\/td>\n<\/tr>\n<tr>\n<td width=\"200\">Pacote<\/td>\n<td width=\"481\">Caixa de madeira compensada de exporta\u00e7\u00e3o padr\u00e3o<\/td>\n<\/tr>\n<tr>\n<td width=\"200\">Porto de embarque<\/td>\n<td width=\"481\">Ningbo\/Xangai, China<\/td>\n<\/tr>\n<tr>\n<td width=\"200\">Termos de envio<\/td>\n<td width=\"481\">Exw, FOB, CFR, CIF, etc.<\/td>\n<\/tr>\n<tr>\n<td width=\"200\">Termos de pagamento<\/td>\n<td width=\"481\">T\/T, Western Union, PayPal, etc.<\/td>\n<\/tr>\n<tr>\n<td width=\"200\"><\/td>\n<td width=\"481\">Pr\u00e9-pagamento 30%, saldo 70% pago antes do envio<\/td>\n<\/tr>\n<tr>\n<td width=\"200\">Pa\u00eds de origem<\/td>\n<td width=\"481\">Cidade de Wenzhou, China<\/td>\n<\/tr>\n<tr>\n<td width=\"200\">Capacidade de produ\u00e7\u00e3o<\/td>\n<td width=\"481\">6.000 toneladas\/ano<\/td>\n<\/tr>\n<tr>\n<td width=\"200\">Quantidade m\u00ednima<\/td>\n<td width=\"481\">10 unidades\/tamanho<\/td>\n<\/tr>\n<\/tbody>\n<\/table>\n<p>&nbsp;<\/p>","protected":false},"excerpt":{"rendered":"<p>STV Valve Technology Group Co., Ltd is a professional leader China API 609 Wafer Butterfly Valv,Cast Iron Butterfly Valve,Wafer Butterfly Valves,Butterfly valves Soft seat,28 Inch Butterfly valves,150LB 28 Inch Butterfly valves, China butterfly valve Manufacture with high quality and competitive price.<\/p>\n<p>&nbsp;<\/p>","protected":false},"featured_media":7171,"template":"","meta":[],"product_brand":[],"product_cat":[965,971],"product_tag":[2379,2378,698,702,2377,2380,700],"class_list":{"0":"post-7173","1":"product","2":"type-product","3":"status-publish","4":"has-post-thumbnail","6":"product_cat-butterfly-valve","7":"product_cat-wafer-butterfly-valve","8":"product_tag-150lb-28-inch-butterfly-valves","9":"product_tag-28-inch-butterfly-valves","10":"product_tag-butterfly-valves-soft-seat","11":"product_tag-cast-iron-butterfly-valve","12":"product_tag-china-api-609-wafer-butterfly-valv","13":"product_tag-china-butterfly-valve-manufacture","14":"product_tag-wafer-butterfly-valves","16":"first","17":"instock","18":"shipping-taxable","19":"product-type-simple"},"_links":{"self":[{"href":"https:\/\/www.stvvalves.com\/pt\/wp-json\/wp\/v2\/product\/7173","targetHints":{"allow":["GET"]}}],"collection":[{"href":"https:\/\/www.stvvalves.com\/pt\/wp-json\/wp\/v2\/product"}],"about":[{"href":"https:\/\/www.stvvalves.com\/pt\/wp-json\/wp\/v2\/types\/product"}],"wp:featuredmedia":[{"embeddable":true,"href":"https:\/\/www.stvvalves.com\/pt\/wp-json\/wp\/v2\/media\/7171"}],"wp:attachment":[{"href":"https:\/\/www.stvvalves.com\/pt\/wp-json\/wp\/v2\/media?parent=7173"}],"wp:term":[{"taxonomy":"product_brand","embeddable":true,"href":"https:\/\/www.stvvalves.com\/pt\/wp-json\/wp\/v2\/product_brand?post=7173"},{"taxonomy":"product_cat","embeddable":true,"href":"https:\/\/www.stvvalves.com\/pt\/wp-json\/wp\/v2\/product_cat?post=7173"},{"taxonomy":"product_tag","embeddable":true,"href":"https:\/\/www.stvvalves.com\/pt\/wp-json\/wp\/v2\/product_tag?post=7173"}],"curies":[{"name":"wp","href":"https:\/\/api.w.org\/{rel}","templated":true}]}}