{"id":7189,"date":"2024-03-20T23:26:47","date_gmt":"2024-03-20T15:26:47","guid":{"rendered":"https:\/\/www.stvvalves.com\/?post_type=product&#038;p=7189"},"modified":"2024-03-21T11:01:54","modified_gmt":"2024-03-21T03:01:54","slug":"600lb-basket-strainer-wcb-16-inch-rf-end","status":"publish","type":"product","link":"https:\/\/www.stvvalves.com\/pt\/products\/600lb-basket-strainer-wcb-16-inch-rf-end\/","title":{"rendered":"600LB Basket Strainer,WCB,16 Inch,RF End"},"content":{"rendered":"<p><strong><u>Maintenance of\u00a0 Basket <\/u><\/strong><strong><u>Filtro \u00a0 \u00a0 \u00a0 \u00a0 \u00a0 \u00a0 \u00a0 \u00a0 \u00a0 \u00a0 \u00a0 \u00a0 \u00a0 \u00a0 \u00a0 \u00a0 \u00a0 \u00a0 \u00a0 \u00a0 \u00a0 \u00a0 \u00a0 \u00a0 \u00a0 \u00a0 \u00a0 \u00a0 \u00a0 \u00a0 \u00a0\u00a0<\/u><\/strong><\/p>\n<ul>\n<li>A parte principal deste tipo de filtro \u00e9 o n\u00facleo do filtro. O n\u00facleo do filtro consiste na estrutura do filtro e na malha de arame de a\u00e7o inoxid\u00e1vel.<\/li>\n<li>Depois que o filtro tiver funcionado por algum tempo, ele precipitar\u00e1 uma certa quantidade de impurezas no n\u00facleo do filtro. Em seguida, a press\u00e3o aumentar\u00e1 e a velocidade do fluxo ser\u00e1 reduzida.<\/li>\n<li>Quando limpamos as impurezas, devemos ter cuidado para garantir que a malha de arame SS no n\u00facleo do filtro n\u00e3o seja deformada ou danificada. Caso contr\u00e1rio, quando voc\u00ea reutilizar o filtro, as impurezas do l\u00edquido filtrado n\u00e3o atingir\u00e3o os requisitos projetados. os compressores, bombas ou instrumentos ser\u00e3o destru\u00eddos.<\/li>\n<li>Assim que a tela de arame SS estiver deformada ou danificada, devemos substitu\u00ed-la imediatamente.<\/li>\n<\/ul>\n<p>Filtro de cesta<br \/>\nBreve introdu\u00e7\u00e3o:<br \/>\nO filtro pode ser usado em todos os tipos de tubula\u00e7\u00f5es para coletar subst\u00e2ncias estranhas granuladas e contaminantes coletados. Pode melhorar a folga no meio e prolongar a vida \u00fatil de v\u00e1lvulas e outros equipamentos. \u00c9 adequado para \u00e1gua, petr\u00f3leo e vapor.<br \/>\nParte principal e material<br \/>\nCorpo: A\u00e7o Carbono<br \/>\nMalha: a\u00e7o inoxid\u00e1vel<br \/>\nEspecifica\u00e7\u00e3o t\u00e9cnica<br \/>\nDi\u00e2metro nominal: 15 ~ 500 mm<br \/>\nPress\u00e3o nominal: 0,6-5,0Mpa<br \/>\nFornecemos filtro de cesta tipo fundido e soldado<br \/>\n1) Tamanhos: 1\/2 \u2013 24\u2033<br \/>\n2) Classifica\u00e7\u00e3o de press\u00e3o: 150 lb, 300 lb, 600 lb<br \/>\n3) Temperatura adequada: -196oC \u2013 600oC<br \/>\n4) Meio adequado: \u00c1gua, g\u00e1s, \u00f3leo, vapor etc.<br \/>\n5) Material do corpo: A106\/WCB, WCC, WC6, WC9, LCB, LCC, SS304\/CF8, SS316\/CF8M, 304L\/CF3, SS316L\/CF3M<br \/>\n6) Tela: A\u00e7o inoxid\u00e1vel (SS304\/SS316)<br \/>\n7) Conex\u00e3o final: FF, RF, THD, BW<br \/>\n8,forma de entrada\/sa\u00edda:flange\/fio interno\/fio externo\/instala\u00e7\u00e3o r\u00e1pida<br \/>\n9,Forma de compress\u00e3o da tampa:Parafuso\/parafuso r\u00e1pido<br \/>\n10,viscosidade adequada(cp):1-30000<br \/>\n11,forma de cesta:malha de perfura\u00e7\u00e3o\/malha de camada \u00fanica\/malha composta<\/p>\n<p><strong>High Pressure CL600 Flanged Simplex Basket Strainer Cast Steel Single Basket<\/strong><\/p>\n<p>&nbsp;<\/p>\n<p><strong>Strainer Applicable Medium<\/strong><br \/>\nA) Weak corrosively medium for petrochemical production such as water, ammonia, oil and hydrocarbon products etc.<\/p>\n<p>B) Corrosive medium for chemical products such as sodium hydrate, caustic soda, metric acid, acetic acid etc.<\/p>\n<p>C) Low temperature medium for refrigeration, the refrigerant such as liquefied methane, liquefied ammonia, oxygen etc.<\/p>\n<p>D) Industry hygiene medium in light industry, foodstuff and pharmacy such as beer, drink, beverage, dairy products etc.<\/p>\n<p>&nbsp;<\/p>\n<p>&nbsp;<\/p>","protected":false},"excerpt":{"rendered":"<p>STV Valve Technology Group Co., Ltd is a professional leader\u00a0 600LB Basket Strainer ,16 Inch Basket Strainer,WCB Basket Strainer,150LB Basket Strainer , RF End Basket Strainer , ASMEB16.34 Basket Strainer .<\/p>","protected":false},"featured_media":7224,"template":"","meta":[],"product_brand":[],"product_cat":[48,72],"product_tag":[2404,2463,2462,2405,2076,2403],"class_list":{"0":"post-7189","1":"product","2":"type-product","3":"status-publish","4":"has-post-thumbnail","6":"product_cat-y-strainer","7":"product_cat-cast-steel-y-type-strainer","8":"product_tag-150lb-basket-strainer","9":"product_tag-16-inch-basket-strainer","10":"product_tag-600lb-basket-strainer","11":"product_tag-asmeb16-34-basket-strainer","12":"product_tag-rf-end-basket-strainer","13":"product_tag-wcb-basket-strainer","15":"first","16":"instock","17":"shipping-taxable","18":"product-type-simple"},"_links":{"self":[{"href":"https:\/\/www.stvvalves.com\/pt\/wp-json\/wp\/v2\/product\/7189","targetHints":{"allow":["GET"]}}],"collection":[{"href":"https:\/\/www.stvvalves.com\/pt\/wp-json\/wp\/v2\/product"}],"about":[{"href":"https:\/\/www.stvvalves.com\/pt\/wp-json\/wp\/v2\/types\/product"}],"wp:featuredmedia":[{"embeddable":true,"href":"https:\/\/www.stvvalves.com\/pt\/wp-json\/wp\/v2\/media\/7224"}],"wp:attachment":[{"href":"https:\/\/www.stvvalves.com\/pt\/wp-json\/wp\/v2\/media?parent=7189"}],"wp:term":[{"taxonomy":"product_brand","embeddable":true,"href":"https:\/\/www.stvvalves.com\/pt\/wp-json\/wp\/v2\/product_brand?post=7189"},{"taxonomy":"product_cat","embeddable":true,"href":"https:\/\/www.stvvalves.com\/pt\/wp-json\/wp\/v2\/product_cat?post=7189"},{"taxonomy":"product_tag","embeddable":true,"href":"https:\/\/www.stvvalves.com\/pt\/wp-json\/wp\/v2\/product_tag?post=7189"}],"curies":[{"name":"wp","href":"https:\/\/api.w.org\/{rel}","templated":true}]}}