{"id":7201,"date":"2024-03-21T09:15:01","date_gmt":"2024-03-21T01:15:01","guid":{"rendered":"https:\/\/www.stvvalves.com\/?post_type=product&#038;p=7201"},"modified":"2025-02-17T17:53:02","modified_gmt":"2025-02-17T09:53:02","slug":"pn25-forged-steel-ball-valve-2205-body-dn15-flange-end","status":"publish","type":"product","link":"https:\/\/www.stvvalves.com\/pt\/products\/pn25-forged-steel-ball-valve-2205-body-dn15-flange-end\/","title":{"rendered":"PN25 Forged Steel Ball Valve,2205 Body,DN15,Flange End"},"content":{"rendered":"<p>Gama de Produtos<br \/>\n-Tamanho da v\u00e1lvula: 1\/2\u2033 \u2013 24\u2033 (DN15-DN600)<br \/>\n-Press\u00e3o: Classe ANSI 150-1500 (PN16-PN250)<br \/>\n-Temperatura: -196\u00b0C \u2013 500\u00b0C<br \/>\n-Materiais do corpo:A105N,F304,F304L,F316,F316L,F11,F22,F51,F55<\/p>\n<p>Especifica\u00e7\u00f5es t\u00e9cnicas<br \/>\n-Projeto: ASME 16.34\/API 6D<br \/>\n-Presencial: ASME B16.10<br \/>\n-Extremidade BW: ASME B16.25<br \/>\n-Teste: API 598\/BS 6755<br \/>\n-Teste de seguran\u00e7a contra inc\u00eandio: API 607\/API 6FA<br \/>\n-Especial: NACE MR-01-75<\/p>\n<p>Caracter\u00edsticas de design<br \/>\n-Corpo em a\u00e7o forjado ou fundido<br \/>\n-Esfera flutuante e montada em munh\u00e3o<br \/>\n-Porta completa ou porta redutora<br \/>\n-Dispositivo antiest\u00e1tico<br \/>\n- Haste \u00e0 prova de explos\u00e3o<br \/>\n-Design seguro contra inc\u00eandio<\/p>\n<table>\n<tbody>\n<tr>\n<td width=\"200\"><strong>Nome do Produto<\/strong><\/td>\n<td width=\"481\">PN25 Forged Steel Ball Valve,2205 Body,DN15,Flange End<\/td>\n<\/tr>\n<tr>\n<td width=\"200\">1. Materiais<\/td>\n<td width=\"481\">F316<\/td>\n<\/tr>\n<tr>\n<td width=\"200\">2. Tamanho<\/td>\n<td width=\"481\">1\/2\u201d<\/td>\n<\/tr>\n<tr>\n<td width=\"200\">4. Porto<\/td>\n<td width=\"481\">Porto completo<\/td>\n<\/tr>\n<tr>\n<td width=\"200\">5. Press\u00e3o de Trabalho<\/td>\n<td width=\"481\">PN25<\/td>\n<\/tr>\n<tr>\n<td width=\"200\">6. Fim da conex\u00e3o<\/td>\n<td width=\"481\">RF<\/td>\n<\/tr>\n<tr>\n<td width=\"200\">7. Temperatura de trabalho.<\/td>\n<td width=\"481\">-29~120\u00baC,<\/td>\n<\/tr>\n<tr>\n<td width=\"200\">8. Meio Adequado<\/td>\n<td width=\"481\">\u00c1gua, G\u00e1s Natural, Petr\u00f3leo e algum l\u00edquido corrosivo<\/td>\n<\/tr>\n<tr>\n<td width=\"200\">9. Operado<\/td>\n<td width=\"481\">Volante<\/td>\n<\/tr>\n<tr>\n<td width=\"200\">10. Inspe\u00e7\u00e3o e Teste<\/td>\n<td width=\"481\">De acordo com API598<\/td>\n<\/tr>\n<tr>\n<td width=\"200\"><strong>envio<\/strong><\/td>\n<td width=\"481\"><\/td>\n<\/tr>\n<tr>\n<td width=\"200\">Prazo de entrega<\/td>\n<td width=\"481\">30 dias<\/td>\n<\/tr>\n<tr>\n<td width=\"200\">Pacote<\/td>\n<td width=\"481\">Caixa de madeira compensada de exporta\u00e7\u00e3o padr\u00e3o<\/td>\n<\/tr>\n<tr>\n<td width=\"200\">Porto de embarque<\/td>\n<td width=\"481\">Ningbo\/Xangai, China<\/td>\n<\/tr>\n<tr>\n<td width=\"200\">Termos de envio<\/td>\n<td width=\"481\">Exw, FOB, CFR, CIF, etc.<\/td>\n<\/tr>\n<tr>\n<td width=\"200\">Termos de pagamento<\/td>\n<td width=\"481\">T\/T, Western Union, PayPal, etc.<\/td>\n<\/tr>\n<tr>\n<td width=\"200\"><\/td>\n<td width=\"481\">Pr\u00e9-pagamento 30%, saldo 70% pago antes do envio<\/td>\n<\/tr>\n<tr>\n<td width=\"200\">Pa\u00eds de origem<\/td>\n<td width=\"481\">Cidade de Wenzhou, China<\/td>\n<\/tr>\n<tr>\n<td width=\"200\">Capacidade de produ\u00e7\u00e3o<\/td>\n<td width=\"481\">6.000 toneladas\/ano<\/td>\n<\/tr>\n<tr>\n<td width=\"200\">Quantidade m\u00ednima<\/td>\n<td width=\"481\">1 pe\u00e7a\/tamanho<\/td>\n<\/tr>\n<\/tbody>\n<\/table>\n<p>&nbsp;<\/p>","protected":false},"excerpt":{"rendered":"<p>Model:Q41F-150LB-PEEK<\/p>\n<p>O princ\u00edpio de funcionamento de nossa v\u00e1lvula esfera de a\u00e7o forjado 150LB \u00e9 girar a haste da v\u00e1lvula para desbloque\u00e1-la ou obstru\u00ed-la. Pode ser uma v\u00e1lvula de esfera de passagem total, \u00e2ngulo de 90 \u00b0 C, o interruptor da v\u00e1lvula de esfera \u00e9 leve, pequeno em tamanho, pode ser feito em grande di\u00e2metro, confi\u00e1vel na veda\u00e7\u00e3o, estrutura simples, conveniente na manuten\u00e7\u00e3o, superf\u00edcie de veda\u00e7\u00e3o e superf\u00edcie esf\u00e9rica s\u00e3o frequentemente fechado, n\u00e3o facilmente corro\u00eddo pelo meio, em v\u00e1rios setores. Amplamente utilizado.<br \/>\nSTV Valve Technology Group Co., Ltd is a professional leader China 150LB Forged Steel Ball Valve,2PCS Type Forged Steel Flange Ball Valve ,2205 ball valve,High pressure forged steel ball valve,forged steel trunnion mounted ball valve manufacturer with high quality and competitive price.<\/p>\n<p>Entre em contato com nosso sales@stvvalve.com para outros materiais e detalhes.<\/p>\n<p>Folha de data:<a href=\"https:\/\/www.stvvalves.com\/wp-content\/uploads\/2019\/02\/150lb-forged-steel-ball-valve-f304-body-reducer-bore-flange-end-drawing.pdf\">V\u00e1lvula de esfera de a\u00e7o forjado 150LB, corpo F304, furo redutor, extremidade do flange<\/a><\/p>","protected":false},"featured_media":7202,"template":"","meta":[],"product_brand":[],"product_cat":[43,80,78,55,53],"product_tag":[2423,555,2422,558,557],"class_list":{"0":"post-7201","1":"product","2":"type-product","3":"status-publish","4":"has-post-thumbnail","6":"product_cat-ball-valve","7":"product_cat-flange-ball-valve","8":"product_cat-floating-ball-valve","9":"product_cat-forged-steel-ball-valve","10":"product_cat-stainless-steel-ball-valve","11":"product_tag-2205-ball-valve","12":"product_tag-2pcs-type-forged-steel-flange-ball-valve","13":"product_tag-china-150lb-forged-steel-ball-valve","14":"product_tag-forged-steel-trunnion-mounted-ball-valve-manufacturer","15":"product_tag-high-pressure-forged-steel-ball-valve","17":"first","18":"instock","19":"shipping-taxable","20":"product-type-simple"},"_links":{"self":[{"href":"https:\/\/www.stvvalves.com\/pt\/wp-json\/wp\/v2\/product\/7201","targetHints":{"allow":["GET"]}}],"collection":[{"href":"https:\/\/www.stvvalves.com\/pt\/wp-json\/wp\/v2\/product"}],"about":[{"href":"https:\/\/www.stvvalves.com\/pt\/wp-json\/wp\/v2\/types\/product"}],"wp:featuredmedia":[{"embeddable":true,"href":"https:\/\/www.stvvalves.com\/pt\/wp-json\/wp\/v2\/media\/7202"}],"wp:attachment":[{"href":"https:\/\/www.stvvalves.com\/pt\/wp-json\/wp\/v2\/media?parent=7201"}],"wp:term":[{"taxonomy":"product_brand","embeddable":true,"href":"https:\/\/www.stvvalves.com\/pt\/wp-json\/wp\/v2\/product_brand?post=7201"},{"taxonomy":"product_cat","embeddable":true,"href":"https:\/\/www.stvvalves.com\/pt\/wp-json\/wp\/v2\/product_cat?post=7201"},{"taxonomy":"product_tag","embeddable":true,"href":"https:\/\/www.stvvalves.com\/pt\/wp-json\/wp\/v2\/product_tag?post=7201"}],"curies":[{"name":"wp","href":"https:\/\/api.w.org\/{rel}","templated":true}]}}