{"id":7227,"date":"2024-03-21T11:19:58","date_gmt":"2024-03-21T03:19:58","guid":{"rendered":"https:\/\/www.stvvalves.com\/?post_type=product&#038;p=7227"},"modified":"2024-03-21T11:29:17","modified_gmt":"2024-03-21T03:29:17","slug":"gate-valve-din-pn100-dn400-wcb-din-3356","status":"publish","type":"product","link":"https:\/\/www.stvvalves.com\/pt\/products\/gate-valve-din-pn100-dn400-wcb-din-3356\/","title":{"rendered":"Gate Valve DIN PN100,DN400,150 LB,DIN 3356"},"content":{"rendered":"<p>Din Globe Valve High Pressure To Pn100, Pn160, Bolted Cover or Pressure Seal Bonnet, Rising Stem, Carbon Steel and Stainless Steel Plug Type Globe Valves, Handwheel, Gear Operated Flanged Steel Shut-off Valve Supplier And Manufacturer.<\/p>\n<p><strong>High Pressure Globe Valve Dimensions For DIN PN100 &#8211; PN160<\/strong><br \/>\nBody Material: Cast Steel: GS-C25, WCB, Cast Stainless Steel: 1.4308, 1.4408, A351-CF8, A351-CF8M<br \/>\nDesign and Manufacture: DIN 3356.<br \/>\nFace to Face: DIN3202.<br \/>\nFlange Ends: RF, RTJ to DIN2501.<br \/>\nInspection and Test: DIN3230.<br \/>\nFaixa de press\u00e3o: Classe150~2500(PN16~PN420)<br \/>\nTemperatura de trabalho:-196\u2103~+560\u2103<\/p>\n<p>&nbsp;<\/p>\n<table width=\"751\">\n<tbody>\n<tr>\n<td>Nome do Produto:<\/td>\n<td>Gate Valve DIN PN100,DN400,150 LB,DIN 3356<\/td>\n<\/tr>\n<tr>\n<td>1.Material:<\/td>\n<td>WCB<\/td>\n<\/tr>\n<tr>\n<td>2.Tamanho:<\/td>\n<td>16\u2033<\/td>\n<\/tr>\n<tr>\n<td>3.Porta:<\/td>\n<td>COMPLETO<\/td>\n<\/tr>\n<tr>\n<td>4. Temperatura de trabalho:<\/td>\n<td>-29 \u00b0C-600 \u00b0C<\/td>\n<\/tr>\n<tr>\n<td>5. Fim da conex\u00e3o:<\/td>\n<td>RF<\/td>\n<\/tr>\n<tr>\n<td>6.Press\u00e3o de trabalho:<\/td>\n<td>PN100<\/td>\n<\/tr>\n<tr>\n<td>7. Meio Adequado:<\/td>\n<td>\u00c1gua, G\u00e1s Natural, Petr\u00f3leo e algum l\u00edquido corrosivo<\/td>\n<\/tr>\n<tr>\n<td>8.Operado:<\/td>\n<td>\/<\/td>\n<\/tr>\n<tr>\n<td>9. Inspe\u00e7\u00e3o e Teste<\/td>\n<td>De acordo com API 598<\/td>\n<\/tr>\n<tr>\n<td>Certificado:<\/td>\n<td>ISO, marca\u00e7\u00e3o\/API 6D<\/td>\n<\/tr>\n<tr>\n<td><strong>envio<\/strong><\/td>\n<td><\/td>\n<\/tr>\n<tr>\n<td>Prazo de entrega<\/td>\n<td>30 dias<\/td>\n<\/tr>\n<tr>\n<td>Pacote<\/td>\n<td>Caixa de madeira compensada de exporta\u00e7\u00e3o padr\u00e3o<\/td>\n<\/tr>\n<tr>\n<td>Porto de embarque<\/td>\n<td>Ningbo\/Xangai, China<\/td>\n<\/tr>\n<tr>\n<td>Termos de envio<\/td>\n<td>Exw, FOB, CFR, CIF, etc.<\/td>\n<\/tr>\n<tr>\n<td>Termos de pagamento<\/td>\n<td>T\/T, Western Union, PayPal, etc.<\/td>\n<\/tr>\n<tr>\n<td><\/td>\n<td>Pr\u00e9-pagamento 30%, saldo 70% pago antes do envio<\/td>\n<\/tr>\n<tr>\n<td>Pa\u00eds de origem<\/td>\n<td>Cidade de Wenzhou, China<\/td>\n<\/tr>\n<tr>\n<td>Capacidade de produ\u00e7\u00e3o<\/td>\n<td>6.000 toneladas\/ano<\/td>\n<\/tr>\n<tr>\n<td>Quantidade m\u00ednima<\/td>\n<td>10 unidades\/tamanho<\/td>\n<\/tr>\n<\/tbody>\n<\/table>","protected":false},"excerpt":{"rendered":"<p>STV Valve Technology Group Co., Ltd is China Gate Valve DIN PN100, DIN3356 Gate Valve DIN PN100, DN400 Gate Valve DIN PN100,\u00a0 Bolt Bonnet Gate Valve, RF Flange Gate Valve DIN PN100, DIN3230 Gate Valve DIN PN100 manufacturer with high quality and low price.<\/p>\n<p>&nbsp;<\/p>","protected":false},"featured_media":7228,"template":"","meta":[],"product_brand":[],"product_cat":[44,58],"product_tag":[196,2470,2474,2471,2472,2473],"class_list":{"0":"post-7227","1":"product","2":"type-product","3":"status-publish","4":"has-post-thumbnail","6":"product_cat-gate-valve","7":"product_cat-cast-steel-gate-valve","8":"product_tag-bolt-bonnet-gate-valve","9":"product_tag-china-gate-valve-din-pn100","10":"product_tag-din3230-gate-valve-din-pn100-manufacturer","11":"product_tag-din3356-gate-valve-din-pn100","12":"product_tag-dn400-gate-valve-din-pn100","13":"product_tag-rf-flange-gate-valve-din-pn100","15":"first","16":"instock","17":"shipping-taxable","18":"product-type-simple"},"_links":{"self":[{"href":"https:\/\/www.stvvalves.com\/pt\/wp-json\/wp\/v2\/product\/7227","targetHints":{"allow":["GET"]}}],"collection":[{"href":"https:\/\/www.stvvalves.com\/pt\/wp-json\/wp\/v2\/product"}],"about":[{"href":"https:\/\/www.stvvalves.com\/pt\/wp-json\/wp\/v2\/types\/product"}],"wp:featuredmedia":[{"embeddable":true,"href":"https:\/\/www.stvvalves.com\/pt\/wp-json\/wp\/v2\/media\/7228"}],"wp:attachment":[{"href":"https:\/\/www.stvvalves.com\/pt\/wp-json\/wp\/v2\/media?parent=7227"}],"wp:term":[{"taxonomy":"product_brand","embeddable":true,"href":"https:\/\/www.stvvalves.com\/pt\/wp-json\/wp\/v2\/product_brand?post=7227"},{"taxonomy":"product_cat","embeddable":true,"href":"https:\/\/www.stvvalves.com\/pt\/wp-json\/wp\/v2\/product_cat?post=7227"},{"taxonomy":"product_tag","embeddable":true,"href":"https:\/\/www.stvvalves.com\/pt\/wp-json\/wp\/v2\/product_tag?post=7227"}],"curies":[{"name":"wp","href":"https:\/\/api.w.org\/{rel}","templated":true}]}}