{"id":7274,"date":"2024-04-19T23:30:55","date_gmt":"2024-04-19T15:30:55","guid":{"rendered":"https:\/\/www.stvvalves.com\/?post_type=product&#038;p=7274"},"modified":"2024-12-25T09:33:36","modified_gmt":"2024-12-25T01:33:36","slug":"astm-b148-c95800-swing-check-valve-1-inch-300-lb-sw-end","status":"publish","type":"product","link":"https:\/\/www.stvvalves.com\/pt\/products\/astm-b148-c95800-swing-check-valve-1-inch-300-lb-sw-end\/","title":{"rendered":"ASTM B148 C95800 Swing Check Valve,1 Inch,300 LB,SW End"},"content":{"rendered":"<p>Product:<strong>\u00a0Small Size Check Valve, LIFT Type<\/strong><br \/>\nProjeto: API 602<br \/>\nBody:\u00a0<strong>ASTM B148 C95800<\/strong><br \/>\nTamanho nominal: 1 polegada<br \/>\nClasse Nominal: 300 LB<br \/>\nConnection Ends: SW Ends<br \/>\nFace To Face: As Per ASME B16.10<br \/>\nTest And Inspection: API 598<\/p>\n<p><strong>Par\u00e2metros t\u00e9cnicos e caracter\u00edsticas<\/strong><br \/>\nProduct: Small size\u00a0check\u00a0valve.<br \/>\nNominal diameter: 1\/4 to 4IN.<br \/>\nDesign temp.:\u00a0-29\u2103\u00a0to 260\u2103.<br \/>\nDesign pressure: Class 150 to 900.<br \/>\nMaterials: ASTM B148 C95400, C95500, C95800; ASTM B150 C63000, C63200.<br \/>\nDesign standards: API 602; BS 1868, ASME B16.34.<br \/>\nFace to face: Manufacture standard, ASME B16.10.<br \/>\nConnection ends: NPT, Flange.<br \/>\nTest standards: API 598, ISO 520.<br \/>\nOperation: X.<br \/>\nApplications: for sea water, offshore and marine.<br \/>\nFunction 1: Bolted bonnet.<br \/>\nFunction 2: Swing type,\u00a0lift type.<br \/>\nFunction 3: Full bore and\u00a0reduce bore.<br \/>\nFunction 4: Integral flanged ends and F-NPT ends.<\/p>","protected":false},"excerpt":{"rendered":"<p>China STV ASTM B148 C95800 C95800 Swing Check Valve Manufacturer Supplies ASTM B148 C95800 Swing Check Valve, 1 Inch B148 C95800 Swing Check Valve, 300 LB B148 C95800 Swing Check Valve, API 602 B148 C95800 Swing Check Valve, SW End B148 C95800 Swing Check Valve.<\/p>","protected":false},"featured_media":7275,"template":"","meta":[],"product_brand":[],"product_cat":[46,66],"product_tag":[2522,2523,2524,2521,2525],"class_list":{"0":"post-7274","1":"product","2":"type-product","3":"status-publish","4":"has-post-thumbnail","6":"product_cat-check-valves","7":"product_cat-swing-check-valve","8":"product_tag-1-inch-b148-c95800-swing-check-valve","9":"product_tag-300-lb-b148-c95800-swing-check-valve","10":"product_tag-api-602-b148-c95800-swing-check-valve","11":"product_tag-astm-b148-c95800-swing-check-valve","12":"product_tag-sw-end-b148-c95800-swing-check-valve","14":"first","15":"instock","16":"shipping-taxable","17":"product-type-simple"},"_links":{"self":[{"href":"https:\/\/www.stvvalves.com\/pt\/wp-json\/wp\/v2\/product\/7274","targetHints":{"allow":["GET"]}}],"collection":[{"href":"https:\/\/www.stvvalves.com\/pt\/wp-json\/wp\/v2\/product"}],"about":[{"href":"https:\/\/www.stvvalves.com\/pt\/wp-json\/wp\/v2\/types\/product"}],"wp:featuredmedia":[{"embeddable":true,"href":"https:\/\/www.stvvalves.com\/pt\/wp-json\/wp\/v2\/media\/7275"}],"wp:attachment":[{"href":"https:\/\/www.stvvalves.com\/pt\/wp-json\/wp\/v2\/media?parent=7274"}],"wp:term":[{"taxonomy":"product_brand","embeddable":true,"href":"https:\/\/www.stvvalves.com\/pt\/wp-json\/wp\/v2\/product_brand?post=7274"},{"taxonomy":"product_cat","embeddable":true,"href":"https:\/\/www.stvvalves.com\/pt\/wp-json\/wp\/v2\/product_cat?post=7274"},{"taxonomy":"product_tag","embeddable":true,"href":"https:\/\/www.stvvalves.com\/pt\/wp-json\/wp\/v2\/product_tag?post=7274"}],"curies":[{"name":"wp","href":"https:\/\/api.w.org\/{rel}","templated":true}]}}