{"id":7298,"date":"2024-04-29T10:45:29","date_gmt":"2024-04-29T02:45:29","guid":{"rendered":"https:\/\/www.stvvalves.com\/?post_type=product&#038;p=7298"},"modified":"2024-12-25T14:55:55","modified_gmt":"2024-12-25T06:55:55","slug":"astm-a216-wcb-gate-valve-psb-6-inch-1500lb-rf-api600","status":"publish","type":"product","link":"https:\/\/www.stvvalves.com\/pt\/products\/astm-a216-wcb-gate-valve-psb-6-inch-1500lb-rf-api600\/","title":{"rendered":"ASTM A216 WCB Gate Valve,PSB,6 Inch,1500LB,RF,API600"},"content":{"rendered":"<p>Design and manufacturing: API600 E101<\/p>\n<p>Comprimento da estrutura: ANSI B16.10 E101<\/p>\n<p>Classifica\u00e7\u00e3o de temperatura de press\u00e3o: ANSI B16.34 E101<\/p>\n<p>Experimentar e testar: E101 API598<\/p>\n<p>Material:A216 WCB, WCC, A217 WC6, WC9, C5, C12A, A352 LCB, LCC<br \/>\nA351 CF8, CF8M, CF3M, CF8C, CN3MN, CK3MCUN, CN7M,<br \/>\nA890 4A(CD3MN), 5A(CE3MN), 6A(CD3MWCuN),<br \/>\nASTM B 148 C95800, C95500<\/p>\n<p>Press\u00e3o: classe 150 ~ 2500<\/p>\n<table>\n<tbody>\n<tr>\n<td width=\"200\"><strong>Nome do Produto<\/strong><\/td>\n<td width=\"481\">ASTM A216 WCB Gate Valve,PSB,6 Inch,1500LB,RF,API600<\/td>\n<\/tr>\n<tr>\n<td width=\"200\">1. Materiais<\/td>\n<td width=\"481\">WCB<\/td>\n<\/tr>\n<tr>\n<td width=\"200\">2. Tamanho<\/td>\n<td width=\"481\">6\u201d<\/td>\n<\/tr>\n<tr>\n<td width=\"200\">4. Porto<\/td>\n<td width=\"481\">Porto completo<\/td>\n<\/tr>\n<tr>\n<td width=\"200\">5. Press\u00e3o de Trabalho<\/td>\n<td width=\"481\">1.500 libras<\/td>\n<\/tr>\n<tr>\n<td width=\"200\">6. Fim da conex\u00e3o<\/td>\n<td width=\"481\">RF<\/td>\n<\/tr>\n<tr>\n<td width=\"200\">7. Temperatura de trabalho.<\/td>\n<td width=\"481\">-29~425\u00baC,<\/td>\n<\/tr>\n<tr>\n<td width=\"200\">8. Meio Adequado<\/td>\n<td width=\"481\">\u00c1gua, G\u00e1s Natural, Petr\u00f3leo e algum l\u00edquido corrosivo<\/td>\n<\/tr>\n<tr>\n<td width=\"200\">9. Operado<\/td>\n<td width=\"481\">Engrenagem helicoidal<\/td>\n<\/tr>\n<tr>\n<td width=\"200\">10. Inspe\u00e7\u00e3o e Teste<\/td>\n<td width=\"481\">De acordo com API598<\/td>\n<\/tr>\n<tr>\n<td width=\"200\"><strong>envio<\/strong><\/td>\n<td width=\"481\"><\/td>\n<\/tr>\n<tr>\n<td width=\"200\">Prazo de entrega<\/td>\n<td width=\"481\">30 dias<\/td>\n<\/tr>\n<tr>\n<td width=\"200\">Pacote<\/td>\n<td width=\"481\">Caixa de madeira compensada de exporta\u00e7\u00e3o padr\u00e3o<\/td>\n<\/tr>\n<tr>\n<td width=\"200\">Porto de embarque<\/td>\n<td width=\"481\">Ningbo\/Xangai, China<\/td>\n<\/tr>\n<tr>\n<td width=\"200\">Termos de envio<\/td>\n<td width=\"481\">Exw, FOB, CFR, CIF, etc.<\/td>\n<\/tr>\n<tr>\n<td width=\"200\">Termos de pagamento<\/td>\n<td width=\"481\">T\/T, Western Union, PayPal, etc.<\/td>\n<\/tr>\n<tr>\n<td width=\"200\"><\/td>\n<td width=\"481\">Pr\u00e9-pagamento 30%, saldo 70% pago antes do envio<\/td>\n<\/tr>\n<tr>\n<td width=\"200\">Pa\u00eds de origem<\/td>\n<td width=\"481\">Cidade de Wenzhou, China<\/td>\n<\/tr>\n<tr>\n<td width=\"200\">Capacidade de produ\u00e7\u00e3o<\/td>\n<td width=\"481\">6.000 toneladas\/ano<\/td>\n<\/tr>\n<tr>\n<td width=\"200\">Quantidade m\u00ednima<\/td>\n<td width=\"481\">1 pe\u00e7a\/tamanho<\/td>\n<\/tr>\n<\/tbody>\n<\/table>","protected":false},"excerpt":{"rendered":"<p>Model:STV-Z541Y-1500LB-6&#8243;-WCB<\/p>\n<p>STV Valve Technology Group Co., Ltd is a professional leader China ASTM A216 WCB Gate Valve,PSB Gate Valve,6 Inch Pressure Seal Bonnet Gate Valve,1500LB Pressure Seal Bonnet Gate Valve,RF Pressure Seal Bonnet Gate Valve,API600 Pressure Seal Bonnet Gate Valve Manufacturer with high quality and competitive price.<\/p>\n<p>&nbsp;<\/p>","protected":false},"featured_media":7299,"template":"","meta":[],"product_brand":[],"product_cat":[44,58],"product_tag":[2552,2551,2554,2549,2550,2553],"class_list":{"0":"post-7298","1":"product","2":"type-product","3":"status-publish","4":"has-post-thumbnail","6":"product_cat-gate-valve","7":"product_cat-cast-steel-gate-valve","8":"product_tag-1500lb-pressure-seal-bonnet-gate-valve","9":"product_tag-6-inch-pressure-seal-bonnet-gate-valve","10":"product_tag-api600-pressure-seal-bonnet-gate-valve-manufacturer","11":"product_tag-china-astm-a216-wcb-gate-valve","12":"product_tag-psb-gate-valve","13":"product_tag-rf-pressure-seal-bonnet-gate-valve","15":"first","16":"instock","17":"shipping-taxable","18":"product-type-simple"},"_links":{"self":[{"href":"https:\/\/www.stvvalves.com\/pt\/wp-json\/wp\/v2\/product\/7298","targetHints":{"allow":["GET"]}}],"collection":[{"href":"https:\/\/www.stvvalves.com\/pt\/wp-json\/wp\/v2\/product"}],"about":[{"href":"https:\/\/www.stvvalves.com\/pt\/wp-json\/wp\/v2\/types\/product"}],"wp:featuredmedia":[{"embeddable":true,"href":"https:\/\/www.stvvalves.com\/pt\/wp-json\/wp\/v2\/media\/7299"}],"wp:attachment":[{"href":"https:\/\/www.stvvalves.com\/pt\/wp-json\/wp\/v2\/media?parent=7298"}],"wp:term":[{"taxonomy":"product_brand","embeddable":true,"href":"https:\/\/www.stvvalves.com\/pt\/wp-json\/wp\/v2\/product_brand?post=7298"},{"taxonomy":"product_cat","embeddable":true,"href":"https:\/\/www.stvvalves.com\/pt\/wp-json\/wp\/v2\/product_cat?post=7298"},{"taxonomy":"product_tag","embeddable":true,"href":"https:\/\/www.stvvalves.com\/pt\/wp-json\/wp\/v2\/product_tag?post=7298"}],"curies":[{"name":"wp","href":"https:\/\/api.w.org\/{rel}","templated":true}]}}