{"id":7320,"date":"2024-04-30T11:50:44","date_gmt":"2024-04-30T03:50:44","guid":{"rendered":"https:\/\/www.stvvalves.com\/?post_type=product&#038;p=7320"},"modified":"2025-02-17T17:50:19","modified_gmt":"2025-02-17T09:50:19","slug":"32-inch-flange-butterfly-valve-di-body-304-disc-epdm-seat","status":"publish","type":"product","link":"https:\/\/www.stvvalves.com\/pt\/products\/32-inch-flange-butterfly-valve-di-body-304-disc-epdm-seat\/","title":{"rendered":"32 Inch Flange Butterfly Valve ,DI Body,304 Disc,EPDM Seat"},"content":{"rendered":"<p>A v\u00e1lvula borboleta com sede resiliente \u00e9 um projeto de flange duplo que pode ser usada para servi\u00e7os sem sa\u00edda. Esta s\u00e9rie de v\u00e1lvulas borboleta possui muitos dos recursos e benef\u00edcios do projeto, como altas classifica\u00e7\u00f5es de Cv, m\u00ednimo de pe\u00e7as expostas ao meio da linha, maior confiabilidade e um hist\u00f3rico comprovado de longa vida \u00fatil. Uma grande vantagem de design desta linha de produtos de v\u00e1lvulas \u00e9 a compatibilidade internacional.<\/p>\n<p>Especifica\u00e7\u00e3o do par\u00e2metro principal<\/p>\n<p>Projeto e Fabrica\u00e7\u00e3o: API 609<\/p>\n<p>Dimens\u00e3o face a face: API609, ISO5752, ASME B16.10<\/p>\n<p>Dimens\u00e3o da conex\u00e3o do flange: ASME B16.5, ASME B16.47<\/p>\n<p>Teste e inspe\u00e7\u00e3o: API 598<\/p>\n<p>Classifica\u00e7\u00e3o de temperatura de press\u00e3o: API 609, ASME B16.34<br \/>\nGama de Produtos<\/p>\n<p>Material do corpo: Ferro Fundido,A\u00e7o Fundido,A\u00e7o Inoxid\u00e1vel,Monel<br \/>\nMaterial do disco: Ferro D\u00factil, A\u00e7o Carbono, A\u00e7o Inoxid\u00e1vel, AL-Bronze<\/p>\n<p>Di\u00e2metro nominal: 2\u2033~120\u2033(DN50~DN3000\uff09<\/p>\n<p>Conex\u00e3o final: Flange Duplo, Wafer, Lug, etc.<\/p>\n<p>Faixa de press\u00e3o: Classe150 ~ 600\uff08PN16~PN100\uff09<\/p>\n<p>Temperatura de trabalho:-46\u2103 ~ +550\u2103<\/p>\n<p>Opera\u00e7\u00e3o: Al\u00e7a, Engrenagem, Atuador El\u00e9trico, etc.<\/p>\n<table>\n<tbody>\n<tr>\n<td width=\"200\"><strong><b>Nome do Produto<\/b><\/strong><\/td>\n<td width=\"481\">32 Inch Flange Butterfly Valve ,DI Body,304 Disc,EPDM Seat<\/td>\n<\/tr>\n<tr>\n<td width=\"200\">1. Materiais<\/td>\n<td width=\"481\">DI<\/td>\n<\/tr>\n<tr>\n<td width=\"200\">2. Tamanho<\/td>\n<td width=\"481\">32\u201d<\/td>\n<\/tr>\n<tr>\n<td width=\"200\">4. Porto<\/td>\n<td width=\"481\">Porto completo<\/td>\n<\/tr>\n<tr>\n<td width=\"200\">5. Press\u00e3o de Trabalho<\/td>\n<td width=\"481\">150 libras<\/td>\n<\/tr>\n<tr>\n<td width=\"200\">6. Fim da conex\u00e3o<\/td>\n<td width=\"481\">Mesa<\/td>\n<\/tr>\n<tr>\n<td width=\"200\">7. Temperatura de trabalho.<\/td>\n<td width=\"481\">-29~120\u00baC,<\/td>\n<\/tr>\n<tr>\n<td width=\"200\">8. Meio Adequado<\/td>\n<td width=\"481\">\u00c1gua, G\u00e1s Natural, Petr\u00f3leo e algum l\u00edquido corrosivo<\/td>\n<\/tr>\n<tr>\n<td width=\"200\">9. Operado<\/td>\n<td width=\"481\">Caixa de velocidade<\/td>\n<\/tr>\n<tr>\n<td width=\"200\">10. Inspe\u00e7\u00e3o e Teste<\/td>\n<td width=\"481\">De acordo comAPI 598<\/td>\n<\/tr>\n<tr>\n<td width=\"200\">envio<\/td>\n<td width=\"481\"><\/td>\n<\/tr>\n<tr>\n<td width=\"200\">Prazo de entrega<\/td>\n<td width=\"481\">30 dias<\/td>\n<\/tr>\n<tr>\n<td width=\"200\">Pacote<\/td>\n<td width=\"481\">Caixa de madeira compensada de exporta\u00e7\u00e3o padr\u00e3o<\/td>\n<\/tr>\n<tr>\n<td width=\"200\">Porto de embarque<\/td>\n<td width=\"481\">Ningbo\/Xangai, China<\/td>\n<\/tr>\n<tr>\n<td width=\"200\">Termos de envio<\/td>\n<td width=\"481\">Exw, FOB, CFR, CIF, etc.<\/td>\n<\/tr>\n<tr>\n<td width=\"200\">Termos de pagamento<\/td>\n<td width=\"481\">T\/T, Western Union, PayPal, etc.<\/td>\n<\/tr>\n<tr>\n<td width=\"200\"><\/td>\n<td width=\"481\">Pr\u00e9-pagamento 30%, saldo 70% pago antes do envio<\/td>\n<\/tr>\n<tr>\n<td width=\"200\">Pa\u00eds de origem<\/td>\n<td width=\"481\">Cidade de Wenzhou, China<\/td>\n<\/tr>\n<tr>\n<td width=\"200\">Capacidade de produ\u00e7\u00e3o<\/td>\n<td width=\"481\">6.000 toneladas\/ano<\/td>\n<\/tr>\n<tr>\n<td width=\"200\">Quantidade m\u00ednima<\/td>\n<td width=\"481\">10 unidades\/tamanho<\/td>\n<\/tr>\n<\/tbody>\n<\/table>","protected":false},"excerpt":{"rendered":"<p>STV Valve Technology Group Co., Ltd is a professional leader China Butterfly Valve for seawater,flange ductile iron butterfly valve,Epdm Seat Butterfly Valve,304 Disc Butterfly Valve,32 Inch Butterfly Valve,150LB Double Eccentric Butterfly Valve Manufacture with high quality and competitive price.<\/p>","protected":false},"featured_media":7321,"template":"","meta":[],"product_brand":[],"product_cat":[965,972],"product_tag":[2574,2573,2575,1783,1782],"class_list":{"0":"post-7320","1":"product","2":"type-product","3":"status-publish","4":"has-post-thumbnail","6":"product_cat-butterfly-valve","7":"product_cat-flange-butterfly-valve","8":"product_tag-150lb-double-eccentric-butterfly-valve-manufacture","9":"product_tag-304-disc-butterfly-valve","10":"product_tag-32-inch-butterfly-valve","11":"product_tag-epdm-seat-butterfly-valve","12":"product_tag-flange-ductile-iron-butterfly-valve","14":"first","15":"instock","16":"shipping-taxable","17":"product-type-simple"},"_links":{"self":[{"href":"https:\/\/www.stvvalves.com\/pt\/wp-json\/wp\/v2\/product\/7320","targetHints":{"allow":["GET"]}}],"collection":[{"href":"https:\/\/www.stvvalves.com\/pt\/wp-json\/wp\/v2\/product"}],"about":[{"href":"https:\/\/www.stvvalves.com\/pt\/wp-json\/wp\/v2\/types\/product"}],"wp:featuredmedia":[{"embeddable":true,"href":"https:\/\/www.stvvalves.com\/pt\/wp-json\/wp\/v2\/media\/7321"}],"wp:attachment":[{"href":"https:\/\/www.stvvalves.com\/pt\/wp-json\/wp\/v2\/media?parent=7320"}],"wp:term":[{"taxonomy":"product_brand","embeddable":true,"href":"https:\/\/www.stvvalves.com\/pt\/wp-json\/wp\/v2\/product_brand?post=7320"},{"taxonomy":"product_cat","embeddable":true,"href":"https:\/\/www.stvvalves.com\/pt\/wp-json\/wp\/v2\/product_cat?post=7320"},{"taxonomy":"product_tag","embeddable":true,"href":"https:\/\/www.stvvalves.com\/pt\/wp-json\/wp\/v2\/product_tag?post=7320"}],"curies":[{"name":"wp","href":"https:\/\/api.w.org\/{rel}","templated":true}]}}