{"id":7351,"date":"2024-05-13T13:25:47","date_gmt":"2024-05-13T05:25:47","guid":{"rendered":"https:\/\/www.stvvalves.com\/?post_type=product&#038;p=7351"},"modified":"2024-05-13T13:25:49","modified_gmt":"2024-05-13T05:25:49","slug":"aluminum-a356-gate-valve-150lb-8-inch-rf-end","status":"publish","type":"product","link":"https:\/\/www.stvvalves.com\/pt\/products\/aluminum-a356-gate-valve-150lb-8-inch-rf-end\/","title":{"rendered":"Aluminum A356 Gate Valve,150LB,8 Inch,RF End"},"content":{"rendered":"<p>Product name: Aluminum A356 Gate Valve,150LB,8 Inch,RF End<br \/>\nProjeto: API 600.<br \/>\nMaterial: A356<br \/>\nTamanho nominal: 4 polegadas.<br \/>\nPress\u00e3o nominal: Classe150 LB.<br \/>\nConex\u00e3o final: RF.<br \/>\nPresencial: ASME B16.10.<br \/>\nTeste e inspe\u00e7\u00e3o: API 598.<\/p>\n<p>Conex\u00f5es: flangeadas, rosqueadas, soldadas por soquete, ButtWeld<\/p>\n<p>Classifica\u00e7\u00e3o de press\u00e3o: PN 1,0 a 25 Mpa, Classe 150 a 2500<\/p>\n<p>Tamanho: DN15 a 200mm, NPS 1\/4\u2033 a 20\u2033<\/p>\n<p>Temperatura: -198\u00b0c a +450\u00b0c<\/p>\n<p>Projeto e Fabrica\u00e7\u00e3o: ANSI B16.34, API 600, API 6D, API 603, BS 1414, BS 5352, DIN 3352<\/p>\n<p>Face a face (ponta a ponta): ANSI B16.10, API 6D, ASME B16.10, EN 558, DIN 3202<\/p>\n<p>Conex\u00e3o flangeada: 2\u2033 a 24\u2033, ANSI B16.5, 26\u2033 a 36\u2033, MSS-SP-44 a API605<\/p>\n<p>Teste e inspe\u00e7\u00e3o: API 598, API 6D, DIN 3230<\/p>\n<p>Extremidade soldada: ANSI B16.5<\/p>\n<p><strong>Pe\u00e7as e Materiais:<\/strong><\/p>\n<p>Corpo: Tit\u00e2nio TA1, TA2, TA10, TC4, GR2, GR3, GR5, A\u00e7o Inoxid\u00e1vel Duplex, A\u00e7o Inoxid\u00e1vel Super Duplex, Liga<\/p>\n<p>20, CN7M, Hastelloy, A\u00e7o Carbono, WC6, WC9, C5, C12, LCB, CF3M<\/p>\n<p>Cap\u00f4, Port\u00e3o: A\u00e7o Inoxid\u00e1vel Duplex, A\u00e7o Inoxid\u00e1vel Super Duplex, Liga 20, CN7M, Hastelloy, A\u00e7o Carbono, WC6,<\/p>\n<p>WC9, C5, C12, LCB, CF3M, Tit\u00e2nio TA1, TA2, TA10, TC4, GR2, GR3, GR5<\/p>\n<p>Guarni\u00e7\u00e3o: Incoloy 800, Incoloy 800H, Incoloy 825, SS304, SS316, SS304L, SS316L, 13%Cr.Steel, Stellite, Hastelloy,<\/p>\n<p>Liga 20, A\u00e7o Inoxid\u00e1vel Duplex, A\u00e7o Inoxid\u00e1vel Super Duplex<\/p>\n<p>Gaxeta de gl\u00e2ndula: Grafite, PTFE<\/p>\n<p>Conex\u00f5es finais: Flangeadas, Socketweld, Buttweld<\/p>\n<p>Opera\u00e7\u00f5es: Operadas por volante, acionadas el\u00e9tricas, acionadas pneum\u00e1ticas<\/p>\n<table>\n<tbody>\n<tr>\n<td width=\"200\"><strong>Nome do Produto<\/strong><\/td>\n<td width=\"481\">Aluminum A356 Gate Valve,150LB,8 Inch,RF End<\/td>\n<\/tr>\n<tr>\n<td width=\"200\">1. Materiais<\/td>\n<td width=\"481\">A356<\/td>\n<\/tr>\n<tr>\n<td width=\"200\">2. Tamanho<\/td>\n<td width=\"481\">8\u201d<\/td>\n<\/tr>\n<tr>\n<td width=\"200\">4. Porto<\/td>\n<td width=\"481\">Porto completo<\/td>\n<\/tr>\n<tr>\n<td width=\"200\">5. Press\u00e3o de Trabalho<\/td>\n<td width=\"481\">150 libras<\/td>\n<\/tr>\n<tr>\n<td width=\"200\">6. Fim da conex\u00e3o<\/td>\n<td width=\"481\">RF<\/td>\n<\/tr>\n<tr>\n<td width=\"200\">7. Temperatura de trabalho.<\/td>\n<td width=\"481\">-29~200\u00baC,<\/td>\n<\/tr>\n<tr>\n<td width=\"200\">8. Meio Adequado<\/td>\n<td width=\"481\">\u00c1gua, G\u00e1s Natural, Petr\u00f3leo e algum l\u00edquido corrosivo<\/td>\n<\/tr>\n<tr>\n<td width=\"200\">9. Operado<\/td>\n<td width=\"481\">\/<\/td>\n<\/tr>\n<tr>\n<td width=\"200\">10. Inspe\u00e7\u00e3o e Teste<\/td>\n<td width=\"481\">De acordo com API598<\/td>\n<\/tr>\n<tr>\n<td width=\"200\"><strong>envio<\/strong><\/td>\n<td width=\"481\"><\/td>\n<\/tr>\n<tr>\n<td width=\"200\">Prazo de entrega<\/td>\n<td width=\"481\">30 dias<\/td>\n<\/tr>\n<tr>\n<td width=\"200\">Pacote<\/td>\n<td width=\"481\">Caixa de madeira compensada de exporta\u00e7\u00e3o padr\u00e3o<\/td>\n<\/tr>\n<tr>\n<td width=\"200\">Porto de embarque<\/td>\n<td width=\"481\">Ningbo\/Xangai, China<\/td>\n<\/tr>\n<tr>\n<td width=\"200\">Termos de envio<\/td>\n<td width=\"481\">Exw, FOB, CFR, CIF, etc.<\/td>\n<\/tr>\n<tr>\n<td width=\"200\">Termos de pagamento<\/td>\n<td width=\"481\">T\/T, Western Union, PayPal, etc.<\/td>\n<\/tr>\n<tr>\n<td width=\"200\"><\/td>\n<td width=\"481\">Pr\u00e9-pagamento 30%, saldo 70% pago antes do envio<\/td>\n<\/tr>\n<tr>\n<td width=\"200\">Pa\u00eds de origem<\/td>\n<td width=\"481\">Cidade de Wenzhou, China<\/td>\n<\/tr>\n<tr>\n<td width=\"200\">Capacidade de produ\u00e7\u00e3o<\/td>\n<td width=\"481\">6.000 toneladas\/ano<\/td>\n<\/tr>\n<tr>\n<td width=\"200\">Quantidade m\u00ednima<\/td>\n<td width=\"481\">1 pe\u00e7a\/tamanho<\/td>\n<\/tr>\n<\/tbody>\n<\/table>","protected":false},"excerpt":{"rendered":"<p>STV Valve Technology Group Co., Ltd is a professional China leader Aluminum A356 Gate Valve ,A356 Gate Valve in China,150LB Aluminum A356 Gate Valve,Handwheel Aluminum A356 Gate Valve,8 Inch Aluminum A356 Gate Valve. Aluminum A356 Gate Valve,,RF End Aluminum A356 Gate Valve.<\/p>","protected":false},"featured_media":7352,"template":"","meta":[],"product_brand":[],"product_cat":[44,60],"product_tag":[2609,2608,2607,2610,2612,2611],"class_list":{"0":"post-7351","1":"product","2":"type-product","3":"status-publish","4":"has-post-thumbnail","6":"product_cat-gate-valve","7":"product_cat-stainless-steel-gate-valve","8":"product_tag-150lb-aluminum-a356-gate-valve","9":"product_tag-a356-gate-valve-in-china","10":"product_tag-china-leader-aluminum-a356-gate-valve","11":"product_tag-handwheel-aluminum-a356-gate-valve","12":"product_tag-inch-aluminum-a356-gate-valve","13":"product_tag-rf-end-aluminum-a356-gate-valve","15":"first","16":"instock","17":"shipping-taxable","18":"product-type-simple"},"_links":{"self":[{"href":"https:\/\/www.stvvalves.com\/pt\/wp-json\/wp\/v2\/product\/7351","targetHints":{"allow":["GET"]}}],"collection":[{"href":"https:\/\/www.stvvalves.com\/pt\/wp-json\/wp\/v2\/product"}],"about":[{"href":"https:\/\/www.stvvalves.com\/pt\/wp-json\/wp\/v2\/types\/product"}],"wp:featuredmedia":[{"embeddable":true,"href":"https:\/\/www.stvvalves.com\/pt\/wp-json\/wp\/v2\/media\/7352"}],"wp:attachment":[{"href":"https:\/\/www.stvvalves.com\/pt\/wp-json\/wp\/v2\/media?parent=7351"}],"wp:term":[{"taxonomy":"product_brand","embeddable":true,"href":"https:\/\/www.stvvalves.com\/pt\/wp-json\/wp\/v2\/product_brand?post=7351"},{"taxonomy":"product_cat","embeddable":true,"href":"https:\/\/www.stvvalves.com\/pt\/wp-json\/wp\/v2\/product_cat?post=7351"},{"taxonomy":"product_tag","embeddable":true,"href":"https:\/\/www.stvvalves.com\/pt\/wp-json\/wp\/v2\/product_tag?post=7351"}],"curies":[{"name":"wp","href":"https:\/\/api.w.org\/{rel}","templated":true}]}}