{"id":7353,"date":"2024-05-13T13:46:01","date_gmt":"2024-05-13T05:46:01","guid":{"rendered":"https:\/\/www.stvvalves.com\/?post_type=product&#038;p=7353"},"modified":"2025-02-17T17:49:32","modified_gmt":"2025-02-17T09:49:32","slug":"astm-a217-wc6-globe-valve-300lb-dn-100-rf","status":"publish","type":"product","link":"https:\/\/www.stvvalves.com\/pt\/products\/astm-a217-wc6-globe-valve-300lb-dn-100-rf\/","title":{"rendered":"ASTM A217 WC6 Globe Valve,300LB,10 Inch,RF"},"content":{"rendered":"<p>Projeto conforme ASME B16.34<br \/>\nPresencial\/ponta a ponta: ASME B16.10<br \/>\nDimens\u00f5es do flange: ASME B16.5<br \/>\nExtremidade da solda: ASME B.16.25<br \/>\nProjeto B\u00e1sico: BS 1873<br \/>\nTestando para API 598<\/p>\n<p>Tamanho: 2\u2033~60\u201d<\/p>\n<p>Classifica\u00e7\u00e3o de press\u00e3o: Classe 150-2500LB<\/p>\n<p>Material do corpo: ASTM A216 WCB, A217 WC6, A351 CF8, A351 CF8M,<\/p>\n<p>A351 CF3, A351 CF3M, A351 CN7M etc.<\/p>\n<p>Conex\u00e3o final: RF, RTJ, BW<\/p>\n<p>Temperatura de trabalho:-29\u00b0C~650\u00b0C<\/p>\n<p>Opera\u00e7\u00e3o: volante, caixa de engrenagens, el\u00e9trica, etc.<\/p>\n<table>\n<tbody>\n<tr>\n<td width=\"200\"><strong>Nome do Produto<\/strong><\/td>\n<td width=\"481\">ASTM A217 WC6 Globe Valve,300LB,10 Inch,RF<\/td>\n<\/tr>\n<tr>\n<td width=\"200\">1. Materiais<\/td>\n<td width=\"481\">WC6<\/td>\n<\/tr>\n<tr>\n<td width=\"200\">2. Tamanho<\/td>\n<td width=\"481\">10\u201d<\/td>\n<\/tr>\n<tr>\n<td width=\"200\">4. Porto<\/td>\n<td width=\"481\">Porto completo<\/td>\n<\/tr>\n<tr>\n<td width=\"200\">5. Press\u00e3o de Trabalho<\/td>\n<td width=\"481\">600 libras<\/td>\n<\/tr>\n<tr>\n<td width=\"200\">6. Fim da conex\u00e3o<\/td>\n<td width=\"481\">RF<\/td>\n<\/tr>\n<tr>\n<td width=\"200\">7. Temperatura de trabalho.<\/td>\n<td width=\"481\">-29~520\u00baC,<\/td>\n<\/tr>\n<tr>\n<td width=\"200\">8. Meio Adequado<\/td>\n<td width=\"481\">\u00c1gua, G\u00e1s Natural, Petr\u00f3leo e algum l\u00edquido corrosivo<\/td>\n<\/tr>\n<tr>\n<td width=\"200\">9. Operado<\/td>\n<td width=\"481\">Volante<\/td>\n<\/tr>\n<tr>\n<td width=\"200\">10. Inspe\u00e7\u00e3o e Teste<\/td>\n<td width=\"481\">De acordo com API598<\/td>\n<\/tr>\n<tr>\n<td width=\"200\"><strong>envio<\/strong><\/td>\n<td width=\"481\"><\/td>\n<\/tr>\n<tr>\n<td width=\"200\">Prazo de entrega<\/td>\n<td width=\"481\">30 dias<\/td>\n<\/tr>\n<tr>\n<td width=\"200\">Pacote<\/td>\n<td width=\"481\">Caixa de madeira compensada de exporta\u00e7\u00e3o padr\u00e3o<\/td>\n<\/tr>\n<tr>\n<td width=\"200\">Porto de embarque<\/td>\n<td width=\"481\">Ningbo\/Xangai, China<\/td>\n<\/tr>\n<tr>\n<td width=\"200\">Termos de envio<\/td>\n<td width=\"481\">Exw, FOB, CFR, CIF, etc.<\/td>\n<\/tr>\n<tr>\n<td width=\"200\">Termos de pagamento<\/td>\n<td width=\"481\">T\/T, Western Union, PayPal, etc.<\/td>\n<\/tr>\n<tr>\n<td width=\"200\"><\/td>\n<td width=\"481\">Pr\u00e9-pagamento 30%, saldo 70% pago antes do envio<\/td>\n<\/tr>\n<tr>\n<td width=\"200\">Pa\u00eds de origem<\/td>\n<td width=\"481\">Cidade de Wenzhou, China<\/td>\n<\/tr>\n<tr>\n<td width=\"200\">Capacidade de produ\u00e7\u00e3o<\/td>\n<td width=\"481\">6.000 toneladas\/ano<\/td>\n<\/tr>\n<tr>\n<td width=\"200\">Quantidade m\u00ednima<\/td>\n<td width=\"481\">1 pe\u00e7a\/tamanho<\/td>\n<\/tr>\n<\/tbody>\n<\/table>","protected":false},"excerpt":{"rendered":"<p>Model:STV-J41Y-300LB-WC6-10&#8243;<\/p>\n<p>STV Valve Technology Group Co., Ltd is a professional leader China ASTM A217 WC6 Globe Valve,4 Inch Globe Valve,Class 300 LB Globe Valve,RF Globe Valve,ASME B16.34 Globe Valve, BS 1873 Globe Valve, ASME B16.10 Globe Valve,carbon steel globe valve Manufacturer with high quality and competitive price.<\/p>\n<p>&nbsp;<\/p>\n<p>&nbsp;<\/p>","protected":false},"featured_media":7354,"template":"","meta":[],"product_brand":[],"product_cat":[63,45],"product_tag":[2613,2614,1076,1075,1072,1014,1015,323,882,1074],"class_list":{"0":"post-7353","1":"product","2":"type-product","3":"status-publish","4":"has-post-thumbnail","6":"product_cat-cast-steel-globe-valve","7":"product_cat-globe-valve","8":"product_tag-10-inch-globe-valve","9":"product_tag-300lb-a217-wc6-globe-valve","10":"product_tag-asme-b16-10-globe-valve","11":"product_tag-asme-b16-34-globe-valve","12":"product_tag-astm-a217-wc6-globe-valve","13":"product_tag-bs-1873-globe-valve","14":"product_tag-carbon-steel-globe-valve","15":"product_tag-cast-steel-globe-valve","16":"product_tag-class-600-lb-globe-valve","17":"product_tag-rf-globe-valve","19":"first","20":"instock","21":"shipping-taxable","22":"product-type-simple"},"_links":{"self":[{"href":"https:\/\/www.stvvalves.com\/pt\/wp-json\/wp\/v2\/product\/7353","targetHints":{"allow":["GET"]}}],"collection":[{"href":"https:\/\/www.stvvalves.com\/pt\/wp-json\/wp\/v2\/product"}],"about":[{"href":"https:\/\/www.stvvalves.com\/pt\/wp-json\/wp\/v2\/types\/product"}],"wp:featuredmedia":[{"embeddable":true,"href":"https:\/\/www.stvvalves.com\/pt\/wp-json\/wp\/v2\/media\/7354"}],"wp:attachment":[{"href":"https:\/\/www.stvvalves.com\/pt\/wp-json\/wp\/v2\/media?parent=7353"}],"wp:term":[{"taxonomy":"product_brand","embeddable":true,"href":"https:\/\/www.stvvalves.com\/pt\/wp-json\/wp\/v2\/product_brand?post=7353"},{"taxonomy":"product_cat","embeddable":true,"href":"https:\/\/www.stvvalves.com\/pt\/wp-json\/wp\/v2\/product_cat?post=7353"},{"taxonomy":"product_tag","embeddable":true,"href":"https:\/\/www.stvvalves.com\/pt\/wp-json\/wp\/v2\/product_tag?post=7353"}],"curies":[{"name":"wp","href":"https:\/\/api.w.org\/{rel}","templated":true}]}}