{"id":7378,"date":"2024-05-22T14:14:19","date_gmt":"2024-05-22T06:14:19","guid":{"rendered":"https:\/\/www.stvvalves.com\/?post_type=product&#038;p=7378"},"modified":"2024-12-25T14:57:49","modified_gmt":"2024-12-25T06:57:49","slug":"astm-a182-f22-forged-globe-valve-2-inch-2500-lb-bw-api-602","status":"publish","type":"product","link":"https:\/\/www.stvvalves.com\/pt\/products\/astm-a182-f22-forged-globe-valve-2-inch-2500-lb-bw-api-602\/","title":{"rendered":"ASTM A182 F22 Forged Globe Valve,2 Inch,2500 LB,BW,API 602"},"content":{"rendered":"<div>Products Name: ASTM A182 F22 Forged Globe Valve,2 Inch,2500 LB,BW,API 602<\/div>\n<div>Padr\u00e3o de projeto: API602.<br \/>\nBody Material: F22<br \/>\nDi\u00e2metro nominal: 2 polegadas (DN50).<br \/>\nPress\u00e3o: Classe 2500.<br \/>\nConex\u00e3o final: BW.<br \/>\nPresencial: ASME B16.10.<br \/>\nTemperatura de trabalho: -29\u2103~+560\u2103.<br \/>\nModo de Opera\u00e7\u00e3o: Volante.<br \/>\nTeste e Inspe\u00e7\u00e3o: API 598.<\/div>\n<div class=\"headline headline-md\">\n<h2>Gama de Produtos<\/h2>\n<\/div>\n<div>Material do corpo: A105\u3001LF2\u3001F5\u3001F11\u3001F22\u3001304\u3001304L\u3001316\u3001316L\u3001F51\u3001F91\u300120#\u3001Inconel .Ect<br \/>\nDi\u00e2metro normal: 1\/2\u2033~2\u2033 (DN15~DN80).<br \/>\nConex\u00e3o final: NPT, SW, solda de topo, flangeada.<br \/>\nFaixa de press\u00e3o: 150 libras ~ 2500 libras (PN10 ~ PN420).<br \/>\nOpera\u00e7\u00e3o: volante, atuador el\u00e9trico e pneum\u00e1tico<br \/>\nTemperatura de trabalho: -196\u2103~ +560\u2103.<\/div>\n<div><\/div>\n<div>\n<table>\n<tbody>\n<tr>\n<td width=\"200\"><strong>Nome do Produto<\/strong><\/td>\n<td width=\"481\">ASTM A182 F22 Forged Globe Valve,2 Inch,2500 LB,BW,API 602<\/td>\n<\/tr>\n<tr>\n<td width=\"200\">1. Materiais<\/td>\n<td width=\"481\">F22<\/td>\n<\/tr>\n<tr>\n<td width=\"200\">2. Tamanho<\/td>\n<td width=\"481\">2\u201d<\/td>\n<\/tr>\n<tr>\n<td width=\"200\">4. Porto<\/td>\n<td width=\"481\">Porta Redutora<\/td>\n<\/tr>\n<tr>\n<td width=\"200\">5. Press\u00e3o de Trabalho<\/td>\n<td width=\"481\">2.500 libras<\/td>\n<\/tr>\n<tr>\n<td width=\"200\">6. Fim da conex\u00e3o<\/td>\n<td width=\"481\">PN<\/td>\n<\/tr>\n<tr>\n<td width=\"200\">7. Temperatura de trabalho.<\/td>\n<td width=\"481\">-29~560\u00baC,<\/td>\n<\/tr>\n<tr>\n<td width=\"200\">8. Meio Adequado<\/td>\n<td width=\"481\">\u00c1gua, G\u00e1s Natural, Petr\u00f3leo e algum l\u00edquido corrosivo<\/td>\n<\/tr>\n<tr>\n<td width=\"200\">9. Operado<\/td>\n<td width=\"481\">Volante<\/td>\n<\/tr>\n<tr>\n<td width=\"200\">10. Inspe\u00e7\u00e3o e Teste<\/td>\n<td width=\"481\">De acordo com API598<\/td>\n<\/tr>\n<tr>\n<td width=\"200\"><strong>envio<\/strong><\/td>\n<td width=\"481\"><\/td>\n<\/tr>\n<tr>\n<td width=\"200\">Prazo de entrega<\/td>\n<td width=\"481\">30 dias<\/td>\n<\/tr>\n<tr>\n<td width=\"200\">Pacote<\/td>\n<td width=\"481\">Caixa de madeira compensada de exporta\u00e7\u00e3o padr\u00e3o<\/td>\n<\/tr>\n<tr>\n<td width=\"200\">Porto de embarque<\/td>\n<td width=\"481\">Ningbo\/Xangai, China<\/td>\n<\/tr>\n<tr>\n<td width=\"200\">Termos de envio<\/td>\n<td width=\"481\">Exw, FOB, CFR, CIF, etc.<\/td>\n<\/tr>\n<tr>\n<td width=\"200\">Termos de pagamento<\/td>\n<td width=\"481\">T\/T, Western Union, PayPal, etc.<\/td>\n<\/tr>\n<tr>\n<td width=\"200\"><\/td>\n<td width=\"481\">Pr\u00e9-pagamento 30%, saldo 70% pago antes do envio<\/td>\n<\/tr>\n<tr>\n<td width=\"200\">Pa\u00eds de origem<\/td>\n<td width=\"481\">Cidade de Wenzhou, China<\/td>\n<\/tr>\n<tr>\n<td width=\"200\">Capacidade de produ\u00e7\u00e3o<\/td>\n<td width=\"481\">6.000 toneladas\/ano<\/td>\n<\/tr>\n<tr>\n<td width=\"200\">Quantidade m\u00ednima<\/td>\n<td width=\"481\">1 pe\u00e7a\/tamanho<\/td>\n<\/tr>\n<\/tbody>\n<\/table>\n<\/div>","protected":false},"excerpt":{"rendered":"<p>STV Valve Technology Group Co., Ltd is a professional leader China 2500LB Globe Valve ,High Pressure Globe Valve ,Forged Carbon Steel Globe Valve,API 602 Globe Valve, ASTM A182 F22 Forged Globe Valve,2 Inch 2500LB Globe Valve,Pressure Seal F22 Globe Valve manufacturer with high quality and competitive price.<\/p>","protected":false},"featured_media":7380,"template":"","meta":[],"product_brand":[],"product_cat":[64,45],"product_tag":[2635,212,2634,2633,439,199,2636],"class_list":{"0":"post-7378","1":"product","2":"type-product","3":"status-publish","4":"has-post-thumbnail","6":"product_cat-foreged-steel-globe-valve","7":"product_cat-globe-valve","8":"product_tag-2-inch-2500lb-globe-valve","9":"product_tag-api-602-globe-valve","10":"product_tag-astm-a182-f22-forged-globe-valve","11":"product_tag-china-2500lb-globe-valve","12":"product_tag-forged-carbon-steel-globe-valve","13":"product_tag-high-pressure-globe-valve","14":"product_tag-pressure-seal-f22-globe-valve-manufacturer","16":"first","17":"instock","18":"shipping-taxable","19":"product-type-simple"},"_links":{"self":[{"href":"https:\/\/www.stvvalves.com\/pt\/wp-json\/wp\/v2\/product\/7378","targetHints":{"allow":["GET"]}}],"collection":[{"href":"https:\/\/www.stvvalves.com\/pt\/wp-json\/wp\/v2\/product"}],"about":[{"href":"https:\/\/www.stvvalves.com\/pt\/wp-json\/wp\/v2\/types\/product"}],"wp:featuredmedia":[{"embeddable":true,"href":"https:\/\/www.stvvalves.com\/pt\/wp-json\/wp\/v2\/media\/7380"}],"wp:attachment":[{"href":"https:\/\/www.stvvalves.com\/pt\/wp-json\/wp\/v2\/media?parent=7378"}],"wp:term":[{"taxonomy":"product_brand","embeddable":true,"href":"https:\/\/www.stvvalves.com\/pt\/wp-json\/wp\/v2\/product_brand?post=7378"},{"taxonomy":"product_cat","embeddable":true,"href":"https:\/\/www.stvvalves.com\/pt\/wp-json\/wp\/v2\/product_cat?post=7378"},{"taxonomy":"product_tag","embeddable":true,"href":"https:\/\/www.stvvalves.com\/pt\/wp-json\/wp\/v2\/product_tag?post=7378"}],"curies":[{"name":"wp","href":"https:\/\/api.w.org\/{rel}","templated":true}]}}