{"id":7390,"date":"2024-05-22T16:15:55","date_gmt":"2024-05-22T08:15:55","guid":{"rendered":"https:\/\/www.stvvalves.com\/?post_type=product&#038;p=7390"},"modified":"2024-05-22T16:22:02","modified_gmt":"2024-05-22T08:22:02","slug":"2500lb-pressure-seal-gate-valve-f304l-1-inch-bw-end","status":"publish","type":"product","link":"https:\/\/www.stvvalves.com\/pt\/products\/2500lb-pressure-seal-gate-valve-f304l-1-inch-bw-end\/","title":{"rendered":"2500LB Pressure Seal Gate Valve,F304L,1 Inch,BW End"},"content":{"rendered":"<p>Caracter\u00edsticas de design<br \/>\n1. Porta completa ou porta convencional<br \/>\n2. Parafuso externo e garfo (OS&amp;Y)<br \/>\n3. Prensa de gaxeta autocompensadora de duas pe\u00e7as<br \/>\n4. Castelo aparafusado com junta em espiral, castelo soldado com rosca e veda\u00e7\u00e3o ou castelo com veda\u00e7\u00e3o roscada e de press\u00e3o<br \/>\n5. Banco traseiro integral<br \/>\n6.Available in ANSI 150-2500LB, sizes: 1\/4\u2033 to 4\u2033.<br \/>\n7.Materiais:A105N,LF2,F304,F316,F11,F22,F5,F91,liga de a\u00e7o etc.<br \/>\n8.Faixa de temperatura: 0\u00b0C a 600\u00b0C.<br \/>\n9.Porta: Porta Redutora e Porta Completa.<br \/>\n10.Conex\u00e3o final;NPT,BW,SW,RF,RTJ.<\/p>\n<table>\n<tbody>\n<tr>\n<td width=\"200\"><strong><b>Nome do Produto<\/b><\/strong><\/td>\n<td width=\"481\">2500LB Pressure Seal Gate Valve,F304L,1 Inch,BW End<\/td>\n<\/tr>\n<tr>\n<td width=\"200\">1. Materiais<\/td>\n<td width=\"481\">F304L<\/td>\n<\/tr>\n<tr>\n<td width=\"200\">2. Tamanho<\/td>\n<td width=\"481\">1\u201d<\/td>\n<\/tr>\n<tr>\n<td width=\"200\">4. Porto<\/td>\n<td width=\"481\">Porta Redutora<\/td>\n<\/tr>\n<tr>\n<td width=\"200\">5. Press\u00e3o de Trabalho<\/td>\n<td width=\"481\">2.500 libras<\/td>\n<\/tr>\n<tr>\n<td width=\"200\">6. Fim da conex\u00e3o<\/td>\n<td width=\"481\">Extremidade de solda de soquete<\/td>\n<\/tr>\n<tr>\n<td width=\"200\">7. Temperatura de trabalho.<\/td>\n<td width=\"481\">-29~425\u00baC,<\/td>\n<\/tr>\n<tr>\n<td width=\"200\">8. Meio Adequado<\/td>\n<td width=\"481\">\u00c1gua, G\u00e1s Natural, Petr\u00f3leo e algum l\u00edquido corrosivo<\/td>\n<\/tr>\n<tr>\n<td width=\"200\">9. Operado<\/td>\n<td width=\"481\">Volante<\/td>\n<\/tr>\n<tr>\n<td width=\"200\">10. Inspe\u00e7\u00e3o e Teste<\/td>\n<td width=\"481\">De acordo comAPI 598<\/td>\n<\/tr>\n<tr>\n<td width=\"200\"><strong><b>envio<\/b><\/strong><\/td>\n<td width=\"481\"><\/td>\n<\/tr>\n<tr>\n<td width=\"200\">Prazo de entrega<\/td>\n<td width=\"481\">30 dias<\/td>\n<\/tr>\n<tr>\n<td width=\"200\">Pacote<\/td>\n<td width=\"481\">Caixa de madeira compensada de exporta\u00e7\u00e3o padr\u00e3o<\/td>\n<\/tr>\n<tr>\n<td width=\"200\">Porto de embarque<\/td>\n<td width=\"481\">Ningbo\/Xangai, China<\/td>\n<\/tr>\n<tr>\n<td width=\"200\">Termos de envio<\/td>\n<td width=\"481\">Exw, FOB, CFR, CIF, etc.<\/td>\n<\/tr>\n<tr>\n<td width=\"200\">Termos de pagamento<\/td>\n<td width=\"481\">T\/T, Western Union, PayPal, etc.<\/td>\n<\/tr>\n<tr>\n<td width=\"200\"><\/td>\n<td width=\"481\">Pr\u00e9-pagamento 30%, saldo 70% pago antes do envio<\/td>\n<\/tr>\n<tr>\n<td width=\"200\">Pa\u00eds de origem<\/td>\n<td width=\"481\">Cidade de Wenzhou, China<\/td>\n<\/tr>\n<tr>\n<td width=\"200\">Capacidade de produ\u00e7\u00e3o<\/td>\n<td width=\"481\">6.000 toneladas\/ano<\/td>\n<\/tr>\n<tr>\n<td width=\"200\">Quantidade m\u00ednima<\/td>\n<td width=\"481\">10 unidades\/tamanho<\/td>\n<\/tr>\n<\/tbody>\n<\/table>","protected":false},"excerpt":{"rendered":"<p>STV Valve Technology Group Co., Ltd is a professional leader China A105 Gate Valve,2500LB\u00a0 Forged Gate Valve Supplier in china, 1 Inch 2500 LB Gate Valve,\u00a0 API 602 2500 LB Gate Valve, Class 2500 LB Gate Valve,Bolt Bonnet 2500 LB Gate Valve,F304L Forged Gate Valve Manufacturer with high quality and competitive price.<\/p>","protected":false},"featured_media":7391,"template":"","meta":[],"product_brand":[],"product_cat":[44,59],"product_tag":[2646,2511,2513,2647,2649,1590,2648],"class_list":{"0":"post-7390","1":"product","2":"type-product","3":"status-publish","4":"has-post-thumbnail","6":"product_cat-gate-valve","7":"product_cat-forged-steel-gate-valve","8":"product_tag-1-inch-2500-lb-gate-valve","9":"product_tag-2500lb-forged-gate-valve-supplier-in-china","10":"product_tag-api-602-2500-lb-gate-valve","11":"product_tag-bolt-bonnet-2500-lb-gate-valve","12":"product_tag-bw-end-pressure-steel-gate-valves","13":"product_tag-class-2500-lb-gate-valve","14":"product_tag-f304l-forged-gate-valve-manufacturer","16":"first","17":"instock","18":"shipping-taxable","19":"product-type-simple"},"_links":{"self":[{"href":"https:\/\/www.stvvalves.com\/pt\/wp-json\/wp\/v2\/product\/7390","targetHints":{"allow":["GET"]}}],"collection":[{"href":"https:\/\/www.stvvalves.com\/pt\/wp-json\/wp\/v2\/product"}],"about":[{"href":"https:\/\/www.stvvalves.com\/pt\/wp-json\/wp\/v2\/types\/product"}],"wp:featuredmedia":[{"embeddable":true,"href":"https:\/\/www.stvvalves.com\/pt\/wp-json\/wp\/v2\/media\/7391"}],"wp:attachment":[{"href":"https:\/\/www.stvvalves.com\/pt\/wp-json\/wp\/v2\/media?parent=7390"}],"wp:term":[{"taxonomy":"product_brand","embeddable":true,"href":"https:\/\/www.stvvalves.com\/pt\/wp-json\/wp\/v2\/product_brand?post=7390"},{"taxonomy":"product_cat","embeddable":true,"href":"https:\/\/www.stvvalves.com\/pt\/wp-json\/wp\/v2\/product_cat?post=7390"},{"taxonomy":"product_tag","embeddable":true,"href":"https:\/\/www.stvvalves.com\/pt\/wp-json\/wp\/v2\/product_tag?post=7390"}],"curies":[{"name":"wp","href":"https:\/\/api.w.org\/{rel}","templated":true}]}}