{"id":7415,"date":"2024-05-28T20:26:07","date_gmt":"2024-05-28T12:26:07","guid":{"rendered":"https:\/\/www.stvvalves.com\/?post_type=product&#038;p=7415"},"modified":"2024-12-24T22:46:24","modified_gmt":"2024-12-24T14:46:24","slug":"cast-steel-swing-check-valve-900lb-14-inch-flange-end","status":"publish","type":"product","link":"https:\/\/www.stvvalves.com\/pt\/products\/cast-steel-swing-check-valve-900lb-14-inch-flange-end\/","title":{"rendered":"Cast Steel Swing Check Valve 900LB,14 Inch,Flange End"},"content":{"rendered":"<p>Projeto e Fabrica\u00e7\u00e3o: BS 1868,ASME B16.34,API 6D<\/p>\n<p>Inspe\u00e7\u00e3o e Teste:API598,API600 ou API 6D<\/p>\n<p>Dimens\u00e3o do flange final: ASME B16.5 (para NPS\u226424, ASME B 16.47 s\u00e9rie B, API 605, ASME B16.47 S\u00e9rie A, MSS SP-44 (para NPS&gt; 24)<\/p>\n<p>Dimens\u00e3o final BW: ASME B16.25<\/p>\n<p>Cara a cara e de ponta a ponta: ASME B16.10<\/p>\n<p>Classifica\u00e7\u00f5es de press\u00e3o-temperatura: ASME B16.34<\/p>\n<p>Dimens\u00e3o da espessura da parede:API 600,BS 1868<\/p>\n<p>Gama de Produtos<\/p>\n<p>Material do corpo: a\u00e7o carbono, a\u00e7o inoxid\u00e1vel, liga de a\u00e7o, bronze<\/p>\n<p>Di\u00e2metro nominal:1\/2\u2033~48\u2033(DN15~DN1200)<\/p>\n<p>Conex\u00e3o final: RF, RTJ, BW<\/p>\n<p>Faixa de press\u00e3o: Classe150~2500(PN16~PN420)<\/p>\n<p>Temperatura de trabalho:-196\u2103~+560\u2103<\/p>\n<table style=\"height: 339px;\" width=\"705\">\n<tbody>\n<tr>\n<td>Nome do Produto:<\/td>\n<td>Cast Steel Swing Check Valve 900LB,14 Inch,Flange End<\/td>\n<\/tr>\n<tr>\n<td>Material do corpo da v\u00e1lvula:<\/td>\n<td>WCB<\/td>\n<\/tr>\n<tr>\n<td>Porta<\/td>\n<td>Porto completo<\/td>\n<\/tr>\n<tr>\n<td>Mex working pressure:<\/td>\n<td>900 libras<\/td>\n<\/tr>\n<tr>\n<td>M\u00e1x. Temperatura de trabalho:<\/td>\n<td>-29-425\u00baC<\/td>\n<\/tr>\n<tr>\n<td>Tamanho dispon\u00edvel:<\/td>\n<td>DN50-DN1000<\/td>\n<\/tr>\n<tr>\n<td>Conex\u00e3o dispon\u00edvel:<\/td>\n<td>RF, BW, RTJ<\/td>\n<\/tr>\n<tr>\n<td>Padr\u00e3o dispon\u00edvel:<\/td>\n<td>ANSI<\/td>\n<\/tr>\n<tr>\n<td>Operado:<\/td>\n<td>\/<\/td>\n<\/tr>\n<tr>\n<td>Certificado:<\/td>\n<td>ISO, API600, API 6D<\/td>\n<\/tr>\n<tr>\n<td>Meio Adequado:<\/td>\n<td>\u00a0\u00c1gua, vapor, petr\u00f3leo e g\u00e1s natural etc.<\/td>\n<\/tr>\n<\/tbody>\n<\/table>","protected":false},"excerpt":{"rendered":"<p>Model:H44H-900LB-14&#8243;<\/p>\n<p>STV Valve Technology Group Co., Ltd is a professional leader China ANSI Swing Check Valve,API 600 Swing Check Valve ,Cast Steel Swing Check Valve,BS1868 Swing Check Valve,14 Inch Flange End Swing Check Valve,Swing Check Valve,WCB Swing Check Valve,900LB Swing Check Valve,cast steel check valve,carbon steel check valve Manufacturer with high quality and competitive price.<\/p>\n<p>&nbsp;<\/p>\n<p>&nbsp;<\/p>","protected":false},"featured_media":7416,"template":"","meta":[],"product_brand":[],"product_cat":[83,46],"product_tag":[2669,2670,338,2340,2671,549,337,2668,152,336],"class_list":{"0":"post-7415","1":"product","2":"type-product","3":"status-publish","4":"has-post-thumbnail","6":"product_cat-cast-steel-check-valve","7":"product_cat-check-valves","8":"product_tag-14-inch-flange-end-swing-check-valve","9":"product_tag-900lb-swing-check-valve","10":"product_tag-api-600-swing-check-valve","11":"product_tag-bs1868-swing-check-valve","12":"product_tag-carbon-steel-check-valve-manufacturer","13":"product_tag-cast-steel-check-valve","14":"product_tag-cast-steel-swing-check-valve","15":"product_tag-china-ansi-swing-check-valve","16":"product_tag-swing-check-valve","17":"product_tag-wcb-swing-check-valve","19":"first","20":"instock","21":"shipping-taxable","22":"product-type-simple"},"_links":{"self":[{"href":"https:\/\/www.stvvalves.com\/pt\/wp-json\/wp\/v2\/product\/7415","targetHints":{"allow":["GET"]}}],"collection":[{"href":"https:\/\/www.stvvalves.com\/pt\/wp-json\/wp\/v2\/product"}],"about":[{"href":"https:\/\/www.stvvalves.com\/pt\/wp-json\/wp\/v2\/types\/product"}],"wp:featuredmedia":[{"embeddable":true,"href":"https:\/\/www.stvvalves.com\/pt\/wp-json\/wp\/v2\/media\/7416"}],"wp:attachment":[{"href":"https:\/\/www.stvvalves.com\/pt\/wp-json\/wp\/v2\/media?parent=7415"}],"wp:term":[{"taxonomy":"product_brand","embeddable":true,"href":"https:\/\/www.stvvalves.com\/pt\/wp-json\/wp\/v2\/product_brand?post=7415"},{"taxonomy":"product_cat","embeddable":true,"href":"https:\/\/www.stvvalves.com\/pt\/wp-json\/wp\/v2\/product_cat?post=7415"},{"taxonomy":"product_tag","embeddable":true,"href":"https:\/\/www.stvvalves.com\/pt\/wp-json\/wp\/v2\/product_tag?post=7415"}],"curies":[{"name":"wp","href":"https:\/\/api.w.org\/{rel}","templated":true}]}}