{"id":7451,"date":"2024-07-28T18:12:42","date_gmt":"2024-07-28T10:12:42","guid":{"rendered":"https:\/\/www.stvvalves.com\/?post_type=product&#038;p=7451"},"modified":"2024-12-24T15:34:38","modified_gmt":"2024-12-24T07:34:38","slug":"wafer-type-ball-valve-f316-dn150-pn16","status":"publish","type":"product","link":"https:\/\/www.stvvalves.com\/pt\/products\/wafer-type-ball-valve-f316-dn150-pn16\/","title":{"rendered":"Wafer Type Ball Valve,F316,DN150,PN16"},"content":{"rendered":"<p>Gama de Produtos<br \/>\n-Valve size: 1\/2\u2033 \u2013 10\u2033 (DN15-DN250)<br \/>\n-Press\u00e3o: Classe ANSI 150-1500 (PN16-PN250)<br \/>\n-Temperature: -196\u2103 \u2013 500\u2103<br \/>\n-Materiais do corpo:A105N,F304,F304L,F316,F316L,F11,F22,F51,F55<\/p>\n<p>Especifica\u00e7\u00f5es t\u00e9cnicas<br \/>\n-Projeto: ASME 16.34\/API 6D<br \/>\n-Presencial: ASME B16.10<br \/>\n-Extremidade BW: ASME B16.25<br \/>\n-Teste: API 598\/BS 6755<br \/>\n-Teste de seguran\u00e7a contra inc\u00eandio: API 607\/API 6FA<br \/>\n-Especial: NACE MR-01-75<\/p>\n<p>Design features:<br \/>\n1-piece Body<br \/>\n-Corpo em a\u00e7o forjado ou fundido<br \/>\n-Full port or Reduce port<br \/>\n-Anti-blowout Stem<br \/>\n-Gear Operation or Actuator Available<br \/>\n- Haste \u00e0 prova de explos\u00e3o<br \/>\n-Design seguro contra inc\u00eandio<br \/>\nOptional locking device<br \/>\nOptional ISO 5211 direct mounting pad<\/p>\n<table>\n<tbody>\n<tr>\n<td width=\"200\"><strong>Nome do Produto<\/strong><\/td>\n<td width=\"481\">Wafer Type Ball Valve,F316,DN150,PN16<\/td>\n<\/tr>\n<tr>\n<td width=\"200\">1. Materiais<\/td>\n<td width=\"481\">F316<\/td>\n<\/tr>\n<tr>\n<td width=\"200\">2. Tamanho<\/td>\n<td width=\"481\">6\u201d<\/td>\n<\/tr>\n<tr>\n<td width=\"200\">4. Porto<\/td>\n<td width=\"481\">\u00a0Porta Redutora<\/td>\n<\/tr>\n<tr>\n<td width=\"200\">5. Press\u00e3o de Trabalho<\/td>\n<td width=\"481\">PN16<\/td>\n<\/tr>\n<tr>\n<td width=\"200\">6. Fim da conex\u00e3o<\/td>\n<td width=\"481\">RF<\/td>\n<\/tr>\n<tr>\n<td width=\"200\">7. Temperatura de trabalho.<\/td>\n<td width=\"481\">-29~280\u00baC,<\/td>\n<\/tr>\n<tr>\n<td width=\"200\">8. Meio Adequado<\/td>\n<td width=\"481\">\u00c1gua, G\u00e1s Natural, Petr\u00f3leo e algum l\u00edquido corrosivo<\/td>\n<\/tr>\n<tr>\n<td width=\"200\">9. Operado<\/td>\n<td width=\"481\">Volante<\/td>\n<\/tr>\n<tr>\n<td width=\"200\">10. Inspe\u00e7\u00e3o e Teste<\/td>\n<td width=\"481\">De acordo com API598<\/td>\n<\/tr>\n<tr>\n<td width=\"200\"><strong>envio<\/strong><\/td>\n<td width=\"481\"><\/td>\n<\/tr>\n<tr>\n<td width=\"200\">Prazo de entrega<\/td>\n<td width=\"481\">30 dias<\/td>\n<\/tr>\n<tr>\n<td width=\"200\">Pacote<\/td>\n<td width=\"481\">Caixa de madeira compensada de exporta\u00e7\u00e3o padr\u00e3o<\/td>\n<\/tr>\n<tr>\n<td width=\"200\">Porto de embarque<\/td>\n<td width=\"481\">Ningbo\/Xangai, China<\/td>\n<\/tr>\n<tr>\n<td width=\"200\">Termos de envio<\/td>\n<td width=\"481\">Exw, FOB, CFR, CIF, etc.<\/td>\n<\/tr>\n<tr>\n<td width=\"200\">Termos de pagamento<\/td>\n<td width=\"481\">T\/T, Western Union, PayPal, etc.<\/td>\n<\/tr>\n<tr>\n<td width=\"200\"><\/td>\n<td width=\"481\">Pr\u00e9-pagamento 30%, saldo 70% pago antes do envio<\/td>\n<\/tr>\n<tr>\n<td width=\"200\">Pa\u00eds de origem<\/td>\n<td width=\"481\">Cidade de Wenzhou, China<\/td>\n<\/tr>\n<tr>\n<td width=\"200\">Capacidade de produ\u00e7\u00e3o<\/td>\n<td width=\"481\">6.000 toneladas\/ano<\/td>\n<\/tr>\n<tr>\n<td width=\"200\">Quantidade m\u00ednima<\/td>\n<td width=\"481\">1 pe\u00e7a\/tamanho<\/td>\n<\/tr>\n<\/tbody>\n<\/table>","protected":false},"excerpt":{"rendered":"<p>STV Valve Technology Group Co., Ltd is a professional leader China PN16 Forged Steel Wafer Ball Valve,1 PCS Type Forged Steel\u00a0 Ball Valve ,F316 Wafer Ball Valve,High Pressure Forged Steel Wafer Ball Valve,6 Inch Forged Steel Wafer Ball Valve Manufacturer with high quality and competitive price<\/p>","protected":false},"featured_media":7452,"template":"","meta":[],"product_brand":[],"product_cat":[43,55],"product_tag":[2733,2736,2732,2734,2735],"class_list":{"0":"post-7451","1":"product","2":"type-product","3":"status-publish","4":"has-post-thumbnail","6":"product_cat-ball-valve","7":"product_cat-forged-steel-ball-valve","8":"product_tag-1-pcs-type-forged-steel-ball-valve","9":"product_tag-6-inch-forged-steel-wafer-ball-valve-manufacturer","10":"product_tag-china-pn16-forged-steel-wafer-ball-valve","11":"product_tag-f316-wafer-ball-valve","12":"product_tag-high-pressure-forged-steel-wafer-ball-valve","14":"first","15":"instock","16":"shipping-taxable","17":"product-type-simple"},"_links":{"self":[{"href":"https:\/\/www.stvvalves.com\/pt\/wp-json\/wp\/v2\/product\/7451","targetHints":{"allow":["GET"]}}],"collection":[{"href":"https:\/\/www.stvvalves.com\/pt\/wp-json\/wp\/v2\/product"}],"about":[{"href":"https:\/\/www.stvvalves.com\/pt\/wp-json\/wp\/v2\/types\/product"}],"wp:featuredmedia":[{"embeddable":true,"href":"https:\/\/www.stvvalves.com\/pt\/wp-json\/wp\/v2\/media\/7452"}],"wp:attachment":[{"href":"https:\/\/www.stvvalves.com\/pt\/wp-json\/wp\/v2\/media?parent=7451"}],"wp:term":[{"taxonomy":"product_brand","embeddable":true,"href":"https:\/\/www.stvvalves.com\/pt\/wp-json\/wp\/v2\/product_brand?post=7451"},{"taxonomy":"product_cat","embeddable":true,"href":"https:\/\/www.stvvalves.com\/pt\/wp-json\/wp\/v2\/product_cat?post=7451"},{"taxonomy":"product_tag","embeddable":true,"href":"https:\/\/www.stvvalves.com\/pt\/wp-json\/wp\/v2\/product_tag?post=7451"}],"curies":[{"name":"wp","href":"https:\/\/api.w.org\/{rel}","templated":true}]}}